{"id":9919,"date":"2026-01-30T10:44:55","date_gmt":"2026-01-30T13:44:55","guid":{"rendered":"https:\/\/conssanpaolo.esteri.it\/amministrazione-trasparente\/avvisi-e-comunicazioni\/avviso-di-ricerca-sponsorizzazioni-per-la-promozione-di-eventi-nellesercizio-2026\/"},"modified":"2026-01-30T10:50:50","modified_gmt":"2026-01-30T13:50:50","slug":"avviso-di-ricerca-sponsorizzazioni-per-la-promozione-di-eventi-nellesercizio-2026","status":"publish","type":"page","link":"https:\/\/conssanpaolo.esteri.it\/pt\/amministrazione-trasparente\/avvisi-e-comunicazioni\/avviso-di-ricerca-sponsorizzazioni-per-la-promozione-di-eventi-nellesercizio-2026\/","title":{"rendered":"Aviso de busca de patroc\u00ednios para a promo\u00e7\u00e3o de eventos no ano de 2026"},"content":{"rendered":"<p>O Consulado Geral da It\u00e1lia em S\u00e3o Paulo pretende realizar a <a href=\"https:\/\/conssanpaolo.esteri.it\/wp-content\/uploads\/2026\/01\/Avviso-sponsorizzazione-2026-PT.doc\"><strong>busca de patroc\u00ednios<\/strong><\/a> para as iniciativas de promo\u00e7\u00e3o cultural, cient\u00edfica, econ\u00f4mico-comercial e de networking que ser\u00e3o realizadas nesta jurisdi\u00e7\u00e3o ao longo de 2026.\u00a0 Dentre essas iniciativas, destacam-se especialmente a Festa da Rep\u00fablica (2 de junho) e a Semana da Cozinha Regional Italiana (outubro), al\u00e9m de outros eventos, cujo calend\u00e1rio ser\u00e1 divulgado oportunamente.<\/p>\n<p>Nestes eventos as empresas italianas poder\u00e3o promover a pr\u00f3pria imagem, o nome da empresa ou outros elementos distintivos atrav\u00e9s da publica\u00e7\u00e3o do log\u00f3tipo ou de uma mensagem promocional nos espa\u00e7os publicit\u00e1rios ligados a estes eventos, ap\u00f3s a formaliza\u00e7\u00e3o de um contrato de patroc\u00ednio com este Consulado-Geral.<\/p>\n<p>Para apresentar uma oferta de patroc\u00ednio \u00e9 necess\u00e1rio enviar via e-mail para o endere\u00e7o contabile.sanpaolo@esteri.it o <a href=\"https:\/\/conssanpaolo.esteri.it\/wp-content\/uploads\/2026\/01\/modulo-Offerta-di-sponsorizzazione-2026-PT.docx\">formul\u00e1rio <strong>Oferta de patroc\u00ednio<\/strong><\/a>, junto ao <a href=\"https:\/\/conssanpaolo.esteri.it\/wp-content\/uploads\/2026\/01\/Anexo-I-Documento-unico-de-requisitos-e-Privacy.docx\"><strong>Documento \u00danico de Requisitos<\/strong><\/a> e a <a href=\"https:\/\/conssanpaolo.esteri.it\/wp-content\/uploads\/2026\/01\/Anexo-II-Informacoes-dados-pessoais.docx\"><strong>Informativa sobre o Tratamento de Dados Pessoais<\/strong> <\/a>preenchidos e assinados, e c\u00f3pia de um documento de identidade.<\/p>\n","protected":false},"excerpt":{"rendered":"O Consulado Geral da It\u00e1lia em S\u00e3o Paulo pretende realizar a busca de patroc\u00ednios para as iniciativas de promo\u00e7\u00e3o cultural, cient\u00edfica, econ\u00f4mico-comercial e de networking que ser\u00e3o realizadas nesta jurisdi\u00e7\u00e3o ao longo de 2026.\u00a0 Dentre essas iniciativas, destacam-se especialmente a Festa da Rep\u00fablica (2 de junho) e a Semana da Cozinha Regional Italiana (outubro), al\u00e9m [&hellip;]","protected":false},"author":6,"featured_media":0,"parent":2162,"menu_order":0,"comment_status":"closed","ping_status":"closed","template":"","meta":{"footnotes":""},"class_list":["post-9919","page","type-page","status-publish","hentry"],"_links":{"self":[{"href":"https:\/\/conssanpaolo.esteri.it\/pt\/wp-json\/wp\/v2\/pages\/9919","targetHints":{"allow":["GET"]}}],"collection":[{"href":"https:\/\/conssanpaolo.esteri.it\/pt\/wp-json\/wp\/v2\/pages"}],"about":[{"href":"https:\/\/conssanpaolo.esteri.it\/pt\/wp-json\/wp\/v2\/types\/page"}],"author":[{"embeddable":true,"href":"https:\/\/conssanpaolo.esteri.it\/pt\/wp-json\/wp\/v2\/users\/6"}],"replies":[{"embeddable":true,"href":"https:\/\/conssanpaolo.esteri.it\/pt\/wp-json\/wp\/v2\/comments?post=9919"}],"version-history":[{"count":1,"href":"https:\/\/conssanpaolo.esteri.it\/pt\/wp-json\/wp\/v2\/pages\/9919\/revisions"}],"predecessor-version":[{"id":9926,"href":"https:\/\/conssanpaolo.esteri.it\/pt\/wp-json\/wp\/v2\/pages\/9919\/revisions\/9926"}],"up":[{"embeddable":true,"href":"https:\/\/conssanpaolo.esteri.it\/pt\/wp-json\/wp\/v2\/pages\/2162"}],"wp:attachment":[{"href":"https:\/\/conssanpaolo.esteri.it\/pt\/wp-json\/wp\/v2\/media?parent=9919"}],"curies":[{"name":"wp","href":"https:\/\/api.w.org\/{rel}","templated":true}]}}