{"id":9879,"date":"2026-01-26T09:54:54","date_gmt":"2026-01-26T12:54:54","guid":{"rendered":"https:\/\/conssanpaolo.esteri.it\/servizi-consolari-e-visti\/servizi-per-il-cittadino-italiano\/servizi-elettorali\/referendum-costituzionale-22-23-marzo-2026\/referenum-2026-opzione-degli-elettori-temporaneamente-allestero\/"},"modified":"2026-01-26T09:55:53","modified_gmt":"2026-01-26T12:55:53","slug":"referenum-2026-opzione-degli-elettori-temporaneamente-allestero","status":"publish","type":"page","link":"https:\/\/conssanpaolo.esteri.it\/pt\/servizi-consolari-e-visti\/servizi-per-il-cittadino-italiano\/servizi-elettorali\/referendum-costituzionale-22-23-marzo-2026\/referenum-2026-opzione-degli-elettori-temporaneamente-allestero\/","title":{"rendered":"Referendum 2026: Op\u00e7\u00e3o dos eleitores temporariamente no Exterior"},"content":{"rendered":"<p>Com decreto do Presidente da Rep\u00fablica de 13\/01\/2026, publicado no Di\u00e1rio Oficial da Uni\u00e3o em 14\/01\/2026, a data do referendo previsto no art. 138 da Constitui\u00e7\u00e3o, relativo \u00e0 modifica\u00e7\u00e3o de alguns artigos da Constitui\u00e7\u00e3o (denominada \u201cReforma da Justi\u00e7a\u201d) foi fixada para os dias\u00a0<strong>22 e 23 de MAR\u00c7O de 2026.<\/strong><\/p>\n<p>Os\u00a0<strong>eleitores residentes na It\u00e1lia<\/strong>\u00a0que, por motivos de\u00a0<strong>trabalho, estudo ou tratamento m\u00e9dico<\/strong>, encontrem-se temporariamente no exterior por um per\u00edodo m\u00ednimo de tr\u00eas meses, per\u00edodo este que inclua a data de realiza\u00e7\u00e3o das pr\u00f3ximas consultas referendarias nos termos do art. 138 da Constitui\u00e7\u00e3o (<strong>22 e 23 de mar\u00e7o de 2026<\/strong>), bem como os\u00a0<strong>familiares conviventes<\/strong>, poder\u00e3o exercer o direito de voto por correspond\u00eancia, nos termos do art. 4-bis, \u00a7 1\u00ba, da Lei n\u00ba 459, de 27 de dezembro de 2001.<\/p>\n<p>Para receber o envelope eleitoral (contendo a c\u00e9dula de vota\u00e7\u00e3o) no endere\u00e7o de resid\u00eancia tempor\u00e1ria no exterior, os eleitores acima mencionados dever\u00e3o encaminhar uma\u00a0<strong><u>op\u00e7\u00e3o espec\u00edfica<\/u><\/strong><strong><u>\u00a0at\u00e9 quarta-feira, 18 de fevereiro de 2026,\u00a0<\/u>DIRETAMENTE<\/strong>\u00a0ao\u00a0<em>Comune<\/em>\u00a0de inscri\u00e7\u00e3o nas listas eleitorais<u>.<\/u><\/p>\n<p>A op\u00e7\u00e3o (que pode ser exercida por meio\u00a0<a href=\"https:\/\/ambbrasilia.esteri.it\/wp-content\/uploads\/2026\/01\/12.-Modello-Opzione-Temporanei-Referendum-2026.pdf\">deste formul\u00e1rio<\/a>\u00a0ou em papel livre) poder\u00e1 ser enviada ao\u00a0<em>Comune<\/em>\u00a0de inscri\u00e7\u00e3o nas listas eleitorais por correio, e-mail, e-mail certificado ou, em alternativa, apresentada pessoalmente, inclusive por meio de procurador.<\/p>\n<p>A op\u00e7\u00e3o, que obrigatoriamente deve ser acompanhada por c\u00f3pia de documento de identidade v\u00e1lido do eleitor, dever\u00e1 conter o\u00a0<strong><u>endere\u00e7o postal completo no exterior<\/u><\/strong><strong><u>\u00a0ao qual dever\u00e1 ser enviado o envelope eleitoral<\/u><\/strong>, bem como a indica\u00e7\u00e3o do Consulado competente por territ\u00f3rio.<br \/>\nDever\u00e1 tamb\u00e9m conter uma declara\u00e7\u00e3o atestando o cumprimento dos requisitos para a admiss\u00e3o ao voto por correspond\u00eancia, ou seja, estar temporariamente no exterior por motivos de trabalho, estudo ou tratamento m\u00e9dico por um per\u00edodo\u00a0<strong>m\u00ednimo de tr\u00eas meses<\/strong>\u00a0(nos dias da consulta eleitoral)\u00a0<u>em um pa\u00eds estrangeiro no qual n\u00e3o se tenha resid\u00eancia registrada<\/u>, ou ser familiar convivente de cidad\u00e3o que se enquadre nas condi\u00e7\u00f5es acima descritas.<\/p>\n<p>Tal procedimento\u00a0<strong>aplica-se igualmente aos cidad\u00e3os italianos inscritos no AIRE<\/strong>\u00a0<strong>que se encontrem temporariamente em uma CIRCUNSCRI\u00c7\u00c3O CONSULAR diferente<\/strong>\u00a0daquela de resid\u00eancia permanente.<\/p>\n<p>A op\u00e7\u00e3o deve ser apresentada nos termos dos artigos 46 e 47 do Decreto do Presidente da Rep\u00fablica de 28 de dezembro de 2000, n\u00ba 445 (Texto \u00danico das disposi\u00e7\u00f5es legislativas e regulamentares em mat\u00e9ria de documenta\u00e7\u00e3o administrativa), declarando-se estar ciente das consequ\u00eancias penais em caso de declara\u00e7\u00f5es falsas (art. 76 do referido DPR n\u00ba 445\/2000).<\/p>\n<p><strong>\u00c9 poss\u00edvel revogar<\/strong>\u00a0a op\u00e7\u00e3o apresentada, segundo as modalidades acima indicadas,\u00a0<strong>dentro do mesmo prazo<\/strong>\u00a0<strong><u>(18 de fevereiro de 2026).<\/u><\/strong><br \/>\nLembrando que a op\u00e7\u00e3o \u00e9 v\u00e1lida\u00a0<u>exclusivamente<\/u>\u00a0para a consulta eleitoral \u00e0 qual se refere.<\/p>\n","protected":false},"excerpt":{"rendered":"Com decreto do Presidente da Rep\u00fablica de 13\/01\/2026, publicado no Di\u00e1rio Oficial da Uni\u00e3o em 14\/01\/2026, a data do referendo previsto no art. 138 da Constitui\u00e7\u00e3o, relativo \u00e0 modifica\u00e7\u00e3o de alguns artigos da Constitui\u00e7\u00e3o (denominada \u201cReforma da Justi\u00e7a\u201d) foi fixada para os dias\u00a022 e 23 de MAR\u00c7O de 2026. Os\u00a0eleitores residentes na It\u00e1lia\u00a0que, por motivos [&hellip;]","protected":false},"author":6,"featured_media":0,"parent":9763,"menu_order":0,"comment_status":"closed","ping_status":"closed","template":"","meta":{"footnotes":""},"class_list":["post-9879","page","type-page","status-publish","hentry"],"_links":{"self":[{"href":"https:\/\/conssanpaolo.esteri.it\/pt\/wp-json\/wp\/v2\/pages\/9879","targetHints":{"allow":["GET"]}}],"collection":[{"href":"https:\/\/conssanpaolo.esteri.it\/pt\/wp-json\/wp\/v2\/pages"}],"about":[{"href":"https:\/\/conssanpaolo.esteri.it\/pt\/wp-json\/wp\/v2\/types\/page"}],"author":[{"embeddable":true,"href":"https:\/\/conssanpaolo.esteri.it\/pt\/wp-json\/wp\/v2\/users\/6"}],"replies":[{"embeddable":true,"href":"https:\/\/conssanpaolo.esteri.it\/pt\/wp-json\/wp\/v2\/comments?post=9879"}],"version-history":[{"count":1,"href":"https:\/\/conssanpaolo.esteri.it\/pt\/wp-json\/wp\/v2\/pages\/9879\/revisions"}],"predecessor-version":[{"id":9880,"href":"https:\/\/conssanpaolo.esteri.it\/pt\/wp-json\/wp\/v2\/pages\/9879\/revisions\/9880"}],"up":[{"embeddable":true,"href":"https:\/\/conssanpaolo.esteri.it\/pt\/wp-json\/wp\/v2\/pages\/9763"}],"wp:attachment":[{"href":"https:\/\/conssanpaolo.esteri.it\/pt\/wp-json\/wp\/v2\/media?parent=9879"}],"curies":[{"name":"wp","href":"https:\/\/api.w.org\/{rel}","templated":true}]}}