{"id":98,"date":"2022-12-05T19:18:30","date_gmt":"2022-12-05T22:18:30","guid":{"rendered":"https:\/\/conssanpaolo.esteri.it\/italia-e-brasile\/diplomazia-scientifica\/"},"modified":"2024-03-12T14:38:41","modified_gmt":"2024-03-12T17:38:41","slug":"diplomazia-scientifica","status":"publish","type":"page","link":"https:\/\/conssanpaolo.esteri.it\/pt\/italia-e-brasile\/diplomazia-scientifica\/","title":{"rendered":"Diplomacia cient\u00edfica"},"content":{"rendered":"<p style=\"text-align: justify;\">A coopera\u00e7\u00e3o internacional nas \u00e1reas de pesquisa cient\u00edfica e inova\u00e7\u00e3o tecnol\u00f3gica \u00e9 um componente fundamental da pol\u00edtica externa italiana. A rede de especialistas cient\u00edficos nas Embaixadas \u00e9 a ferramenta utilizada pela Unidade de Coopera\u00e7\u00e3o Cient\u00edfica e Tecnol\u00f3gica da Dire\u00e7\u00e3o-Geral para a Promo\u00e7\u00e3o do Sistema do Pa\u00eds do MAECI (Minist\u00e9rio de Rela\u00e7\u00f5es Exteriores e Coopera\u00e7\u00e3o Internacional). Os especialistas cient\u00edficos atuam para aprimorar os setores de excel\u00eancia da pesquisa cient\u00edfica e tecnol\u00f3gica e para apoiar o sucesso das empresas italianas que operam em setores tecnologicamente avan\u00e7ados. Os Adidos Cient\u00edficos atuam nas representa\u00e7\u00f5es diplom\u00e1ticas italianas no exterior em v\u00e1rios pa\u00edses dos cinco continentes (link).<\/p>\n<p style=\"text-align: justify;\">O sistema italiano de pesquisa cient\u00edfica e tecnol\u00f3gica tem uma longa hist\u00f3ria de coopera\u00e7\u00e3o com institui\u00e7\u00f5es cient\u00edficas brasileiras tamb\u00e9m gra\u00e7as \u00e0 contribui\u00e7\u00e3o de pesquisadores italianos que se mudaram para o Brasil. Essa colabora\u00e7\u00e3o entre a It\u00e1lia e o Brasil \u00e9 promovida pela Embaixada por meio de iniciativas que visam fomentar as rela\u00e7\u00f5es entre as institui\u00e7\u00f5es acad\u00eamicas, institui\u00e7\u00f5es de pesquisa e ind\u00fastrias tecnologicamente avan\u00e7adas dos dois pa\u00edses.<\/p>\n<p style=\"text-align: justify;\">A Assessoria do Adido Cient\u00edfico em Bras\u00edlia trata de:<\/p>\n<p style=\"text-align: justify;\">\u2022 apoio e desenvolvimento da coopera\u00e7\u00e3o bilateral, tanto na fase de negocia\u00e7\u00e3o como na implementa\u00e7\u00e3o de protocolos executivos;<\/p>\n<p style=\"text-align: justify;\">\u2022 promo\u00e7\u00e3o do sistema cient\u00edfico e tecnol\u00f3gico italiano;<\/p>\n<p style=\"text-align: justify;\">\u2022 informa\u00e7\u00f5es sobre os sistemas cient\u00edficos e as pol\u00edticas cient\u00edficas implementadas pelos dois pa\u00edses;<\/p>\n<p style=\"text-align: justify;\">\u2022 promo\u00e7\u00e3o e gest\u00e3o de contactos com investigadores italianos e de origem italiana que operem no estrangeiro e com investigadores estrangeiros;<\/p>\n<p style=\"text-align: justify;\">\u2022 implementa\u00e7\u00e3o de iniciativas promocionais para a ci\u00eancia e tecnologia italiana;<\/p>\n<p style=\"text-align: justify;\">\u2022 coordena\u00e7\u00e3o com os Institutos Culturais Italianos para a organiza\u00e7\u00e3o de eventos promocionais da cultura cient\u00edfica italiana;<\/p>\n<p style=\"text-align: justify;\">\u2022 coordena\u00e7\u00e3o com o Escrit\u00f3rio Comerciais da Embaixada, Escrit\u00f3rios da Ag\u00eancia ICE e C\u00e2maras de Com\u00e9rcio locais para a promo\u00e7\u00e3o da ind\u00fastria italiana de alta tecnologia.<\/p>\n<p style=\"text-align: justify;\">Vale lembrar que pesquisadores italianos no Brasil podem se inscrever no INNOVITALIA.<\/p>\n<p style=\"text-align: justify;\">Innovitalia \u00e9 uma plataforma digital compartilhada entre o MAECI e o Minist\u00e9rio da Universidade e Pesquisa que visa estimular o di\u00e1logo entre pesquisadores italianos no exterior e o sistema de pesquisa e inova\u00e7\u00e3o do pa\u00eds.<\/p>\n<p style=\"text-align: justify;\">A Innovitalia est\u00e1 organizada em 34 se\u00e7\u00f5es de pa\u00edses \u2013 administradas pelos respectivos escrit\u00f3rios diplom\u00e1ticos. Cada se\u00e7\u00e3o publica not\u00edcias, convites e oportunidades de coopera\u00e7\u00e3o e trabalho propostas por usu\u00e1rios registrados e pelo MAECI.<\/p>\n<p style=\"text-align: justify;\">Pesquisadores italianos no exterior e suas associa\u00e7\u00f5es, pesquisadores italianos com significativa experi\u00eancia internacional, pesquisadores estrangeiros na It\u00e1lia e todas as entidades p\u00fablicas e privadas interessadas nos processos de internacionaliza\u00e7\u00e3o do sistema de pesquisa e inova\u00e7\u00e3o podem se registrar no portal Innovitalia. Os usu\u00e1rios cadastrados podem se comunicar mutuamente, receber a newsletter peri\u00f3dica do portal e fazer parte do Anu\u00e1rio dos pesquisadores italianos no mundo publicado pela Farnesina.<\/p>\n<p style=\"text-align: justify;\">Innovitalia est\u00e1 acess\u00edvel em\u00a0<a href=\"https:\/\/innovitalia.esteri.it\/\">https:\/\/innovitalia.esteri.it<\/a><\/p>\n<p style=\"text-align: justify;\">Para enviar relat\u00f3rios relativos aos conte\u00fados:\u00a0<a href=\"mailto:dgsp-innovitalia@esteri.it\">dgsp-innovitalia@esteri.it<\/a><\/p>\n","protected":false},"excerpt":{"rendered":"A coopera\u00e7\u00e3o internacional nas \u00e1reas de pesquisa cient\u00edfica e inova\u00e7\u00e3o tecnol\u00f3gica \u00e9 um componente fundamental da pol\u00edtica externa italiana. A rede de especialistas cient\u00edficos nas Embaixadas \u00e9 a ferramenta utilizada pela Unidade de Coopera\u00e7\u00e3o Cient\u00edfica e Tecnol\u00f3gica da Dire\u00e7\u00e3o-Geral para a Promo\u00e7\u00e3o do Sistema do Pa\u00eds do MAECI (Minist\u00e9rio de Rela\u00e7\u00f5es Exteriores e Coopera\u00e7\u00e3o Internacional). [&hellip;]","protected":false},"author":3,"featured_media":0,"parent":31,"menu_order":0,"comment_status":"closed","ping_status":"closed","template":"","meta":{"footnotes":""},"class_list":["post-98","page","type-page","status-publish","hentry"],"_links":{"self":[{"href":"https:\/\/conssanpaolo.esteri.it\/pt\/wp-json\/wp\/v2\/pages\/98","targetHints":{"allow":["GET"]}}],"collection":[{"href":"https:\/\/conssanpaolo.esteri.it\/pt\/wp-json\/wp\/v2\/pages"}],"about":[{"href":"https:\/\/conssanpaolo.esteri.it\/pt\/wp-json\/wp\/v2\/types\/page"}],"author":[{"embeddable":true,"href":"https:\/\/conssanpaolo.esteri.it\/pt\/wp-json\/wp\/v2\/users\/3"}],"replies":[{"embeddable":true,"href":"https:\/\/conssanpaolo.esteri.it\/pt\/wp-json\/wp\/v2\/comments?post=98"}],"version-history":[{"count":1,"href":"https:\/\/conssanpaolo.esteri.it\/pt\/wp-json\/wp\/v2\/pages\/98\/revisions"}],"predecessor-version":[{"id":4158,"href":"https:\/\/conssanpaolo.esteri.it\/pt\/wp-json\/wp\/v2\/pages\/98\/revisions\/4158"}],"up":[{"embeddable":true,"href":"https:\/\/conssanpaolo.esteri.it\/pt\/wp-json\/wp\/v2\/pages\/31"}],"wp:attachment":[{"href":"https:\/\/conssanpaolo.esteri.it\/pt\/wp-json\/wp\/v2\/media?parent=98"}],"curies":[{"name":"wp","href":"https:\/\/api.w.org\/{rel}","templated":true}]}}