{"id":9763,"date":"2026-01-15T18:00:03","date_gmt":"2026-01-15T21:00:03","guid":{"rendered":"https:\/\/conssanpaolo.esteri.it\/servizi-consolari-e-visti\/servizi-per-il-cittadino-italiano\/servizi-elettorali\/referendum-costituzionale-22-23-marzo-2026\/"},"modified":"2026-03-06T10:35:26","modified_gmt":"2026-03-06T13:35:26","slug":"referendum-costituzionale-22-23-marzo-2026","status":"publish","type":"page","link":"https:\/\/conssanpaolo.esteri.it\/pt\/servizi-consolari-e-visti\/servizi-per-il-cittadino-italiano\/servizi-elettorali\/referendum-costituzionale-22-23-marzo-2026\/","title":{"rendered":"Referendum Costituzionale &#8211; 22 e 23 Marzo 2026"},"content":{"rendered":"<p><img loading=\"lazy\" decoding=\"async\" class=\"alignnone wp-image-9818 img-fluid\" src=\"https:\/\/conssanpaolo.esteri.it\/wp-content\/uploads\/2026\/01\/Referendum_Costituzionale_Confermativo_22_23_marzo_2026-300x197.jpeg\" alt=\"\" width=\"336\" height=\"221\" srcset=\"https:\/\/conssanpaolo.esteri.it\/wp-content\/uploads\/2026\/01\/Referendum_Costituzionale_Confermativo_22_23_marzo_2026-300x197.jpeg 300w, https:\/\/conssanpaolo.esteri.it\/wp-content\/uploads\/2026\/01\/Referendum_Costituzionale_Confermativo_22_23_marzo_2026-1024x674.jpeg 1024w, https:\/\/conssanpaolo.esteri.it\/wp-content\/uploads\/2026\/01\/Referendum_Costituzionale_Confermativo_22_23_marzo_2026-768x505.jpeg 768w, https:\/\/conssanpaolo.esteri.it\/wp-content\/uploads\/2026\/01\/Referendum_Costituzionale_Confermativo_22_23_marzo_2026.jpeg 1600w\" sizes=\"auto, (max-width: 336px) 100vw, 336px\" \/><\/p>\n<p>Clicca nelle informazioni desiderate:<\/p>\n<ul>\n<li><a href=\"https:\/\/conssanpaolo.esteri.it\/pt\/servizi-consolari-e-visti\/servizi-per-il-cittadino-italiano\/servizi-elettorali\/referendum-costituzionale-22-23-marzo-2026\/per-cosa-si-vota-referendum-2026\/\">Para o que se vota &#8211; todas as informa\u00e7\u00f5s sobre o tema<\/a><\/li>\n<li><a href=\"https:\/\/conssanpaolo.esteri.it\/pt\/?p=9780&amp;preview=true\">Voto per corrispondenza dei cittadini italiani all\u2019estero e opzione per il voto in Italia<\/a><\/li>\n<li><a href=\"https:\/\/conssanpaolo.esteri.it\/pt\/servizi-consolari-e-visti\/servizi-per-il-cittadino-italiano\/servizi-elettorali\/referendum-costituzionale-22-23-marzo-2026\/referenum-2026-opzione-degli-elettori-temporaneamente-allestero\/\">Op\u00e7\u00e3o dos eleitores temporariamente no exterior<\/a><\/li>\n<li><a href=\"https:\/\/conssanpaolo.esteri.it\/pt\/news\/dal_consolato\/2026\/03\/rilascio-dei-duplicati\/\">Escrit\u00f3rio Eleitoral: Solicita\u00e7\u00e3o de segunda via de envelope eleitoral<\/a><\/li>\n<\/ul>\n","protected":false},"excerpt":{"rendered":"Clicca nelle informazioni desiderate: Para o que se vota &#8211; todas as informa\u00e7\u00f5s sobre o tema Voto per corrispondenza dei cittadini italiani all\u2019estero e opzione per il voto in Italia Op\u00e7\u00e3o dos eleitores temporariamente no exterior Escrit\u00f3rio Eleitoral: Solicita\u00e7\u00e3o de segunda via de envelope eleitoral","protected":false},"author":6,"featured_media":0,"parent":190,"menu_order":0,"comment_status":"closed","ping_status":"closed","template":"","meta":{"footnotes":""},"class_list":["post-9763","page","type-page","status-publish","hentry"],"_links":{"self":[{"href":"https:\/\/conssanpaolo.esteri.it\/pt\/wp-json\/wp\/v2\/pages\/9763","targetHints":{"allow":["GET"]}}],"collection":[{"href":"https:\/\/conssanpaolo.esteri.it\/pt\/wp-json\/wp\/v2\/pages"}],"about":[{"href":"https:\/\/conssanpaolo.esteri.it\/pt\/wp-json\/wp\/v2\/types\/page"}],"author":[{"embeddable":true,"href":"https:\/\/conssanpaolo.esteri.it\/pt\/wp-json\/wp\/v2\/users\/6"}],"replies":[{"embeddable":true,"href":"https:\/\/conssanpaolo.esteri.it\/pt\/wp-json\/wp\/v2\/comments?post=9763"}],"version-history":[{"count":6,"href":"https:\/\/conssanpaolo.esteri.it\/pt\/wp-json\/wp\/v2\/pages\/9763\/revisions"}],"predecessor-version":[{"id":10321,"href":"https:\/\/conssanpaolo.esteri.it\/pt\/wp-json\/wp\/v2\/pages\/9763\/revisions\/10321"}],"up":[{"embeddable":true,"href":"https:\/\/conssanpaolo.esteri.it\/pt\/wp-json\/wp\/v2\/pages\/190"}],"wp:attachment":[{"href":"https:\/\/conssanpaolo.esteri.it\/pt\/wp-json\/wp\/v2\/media?parent=9763"}],"curies":[{"name":"wp","href":"https:\/\/api.w.org\/{rel}","templated":true}]}}