{"id":9737,"date":"2026-01-13T12:26:20","date_gmt":"2026-01-13T15:26:20","guid":{"rendered":"https:\/\/conssanpaolo.esteri.it\/servizi-consolari-e-visti\/servizi-per-il-cittadino-straniero\/cittadinanza\/cittadinanza-jure-matrimonii-revoca-art-10-della-legge-555-del-1912\/"},"modified":"2026-01-13T12:33:12","modified_gmt":"2026-01-13T15:33:12","slug":"cittadinanza-jure-matrimonii-revoca-art-10-della-legge-555-del-1912","status":"publish","type":"page","link":"https:\/\/conssanpaolo.esteri.it\/pt\/servizi-consolari-e-visti\/servizi-per-il-cittadino-straniero\/cittadinanza\/cittadinanza-jure-matrimonii-revoca-art-10-della-legge-555-del-1912\/","title":{"rendered":"Cidadania Jure Matrimonii &#8211; modifica\u00e7\u00f5es ap\u00f3s entrada em vigor da lei 74\/2025"},"content":{"rendered":"<p>A Lei n\u00ba 74, de 23 de maio de 2025 introduziu significativas mudan\u00e7as para o reconhecimento da cidadania italiana, incluindo a chamada cidadania jure matrimonii, destinada \u00e0s mulheres que contra\u00edram matrimonio com cidad\u00e3o italiano at\u00e9 27\/04\/1983.<\/p>\n<p>De fato, o artigo 3-bis da lei n. 92 de 1992 revogou a trasmiss\u00e3o automatica da cidadania como prevista pelo artigo 10 da lei 555 de 1912 para as mulheres estrangeiras que contraiam matrimonio com cidad\u00e3o italiano.<\/p>\n<p>Assim, com a entrada em vigor da lei n\u00ba 74 de 2025 n\u00e3o \u00e9 mais poss\u00edvel proceder ao reconhecimento autom\u00e1tico da cidadania nos casos acima.<\/p>\n<p>Para ler os requisitos atualmente em vigor para o reconhecimento da cidadania italiana acesse: <a href=\"https:\/\/conssanpaolo.esteri.it\/pt\/servizi-consolari-e-visti\/servizi-per-il-cittadino-straniero\/cittadinanza\/\">https:\/\/conssanpaolo.esteri.it\/it\/servizi-consolari-e-visti\/servizi-per-il-cittadino-straniero\/cittadinanza\/<\/a><\/p>\n","protected":false},"excerpt":{"rendered":"A Lei n\u00ba 74, de 23 de maio de 2025 introduziu significativas mudan\u00e7as para o reconhecimento da cidadania italiana, incluindo a chamada cidadania jure matrimonii, destinada \u00e0s mulheres que contra\u00edram matrimonio com cidad\u00e3o italiano at\u00e9 27\/04\/1983. De fato, o artigo 3-bis da lei n. 92 de 1992 revogou a trasmiss\u00e3o automatica da cidadania como prevista [&hellip;]","protected":false},"author":6,"featured_media":0,"parent":197,"menu_order":0,"comment_status":"closed","ping_status":"closed","template":"","meta":{"footnotes":""},"class_list":["post-9737","page","type-page","status-publish","hentry"],"_links":{"self":[{"href":"https:\/\/conssanpaolo.esteri.it\/pt\/wp-json\/wp\/v2\/pages\/9737","targetHints":{"allow":["GET"]}}],"collection":[{"href":"https:\/\/conssanpaolo.esteri.it\/pt\/wp-json\/wp\/v2\/pages"}],"about":[{"href":"https:\/\/conssanpaolo.esteri.it\/pt\/wp-json\/wp\/v2\/types\/page"}],"author":[{"embeddable":true,"href":"https:\/\/conssanpaolo.esteri.it\/pt\/wp-json\/wp\/v2\/users\/6"}],"replies":[{"embeddable":true,"href":"https:\/\/conssanpaolo.esteri.it\/pt\/wp-json\/wp\/v2\/comments?post=9737"}],"version-history":[{"count":3,"href":"https:\/\/conssanpaolo.esteri.it\/pt\/wp-json\/wp\/v2\/pages\/9737\/revisions"}],"predecessor-version":[{"id":9743,"href":"https:\/\/conssanpaolo.esteri.it\/pt\/wp-json\/wp\/v2\/pages\/9737\/revisions\/9743"}],"up":[{"embeddable":true,"href":"https:\/\/conssanpaolo.esteri.it\/pt\/wp-json\/wp\/v2\/pages\/197"}],"wp:attachment":[{"href":"https:\/\/conssanpaolo.esteri.it\/pt\/wp-json\/wp\/v2\/media?parent=9737"}],"curies":[{"name":"wp","href":"https:\/\/api.w.org\/{rel}","templated":true}]}}