{"id":97,"date":"2022-12-05T19:18:18","date_gmt":"2022-12-05T22:18:18","guid":{"rendered":"https:\/\/conssanpaolo.esteri.it\/italia-e-brasile\/diplomazia-culturale\/"},"modified":"2024-03-12T14:21:26","modified_gmt":"2024-03-12T17:21:26","slug":"diplomazia-culturale","status":"publish","type":"page","link":"https:\/\/conssanpaolo.esteri.it\/pt\/italia-e-brasile\/diplomazia-culturale\/","title":{"rendered":"Diplomacia cultural"},"content":{"rendered":"<p>A cultura \u00e9 um elemento essencial da identidade italiana no mundo e representa um patrim\u00f4nio tang\u00edvel e intang\u00edvel que pode ser aproveitado para enfrentar os desafios do mundo contempor\u00e2neo. Isso inclui o idioma italiano, como um legado do passado e uma ponte para o futuro.<\/p>\n<p>Portanto, a promo\u00e7\u00e3o cultural desempenha um papel fundamental na pol\u00edtica externa e constitui um dos principais instrumentos de proje\u00e7\u00e3o externa de nosso pa\u00eds.<\/p>\n<p>Com rela\u00e7\u00e3o \u00e0 promo\u00e7\u00e3o do idioma e \u00e0s oportunidades de estudo, consulte:<\/p>\n<ul>\n<li data-order=\"0\"><a class=\"list-item\" title=\"Lingua e Cultura italiana\" href=\"https:\/\/conssanpaolo.esteri.it\/pt\/italia-e-brasile\/diplomazia-culturale\/lingua-e-cultura-italiana\/\">L\u00edngua e Cultura italiana<\/a><\/li>\n<li data-order=\"0\"><a class=\"list-item\" title=\"Studi\" href=\"https:\/\/conssanpaolo.esteri.it\/pt\/italia-e-brasile\/diplomazia-culturale\/studi\/\" data-focus-mouse=\"false\">Estudos<\/a><\/li>\n<\/ul>\n","protected":false},"excerpt":{"rendered":"A cultura \u00e9 um elemento essencial da identidade italiana no mundo e representa um patrim\u00f4nio tang\u00edvel e intang\u00edvel que pode ser aproveitado para enfrentar os desafios do mundo contempor\u00e2neo. Isso inclui o idioma italiano, como um legado do passado e uma ponte para o futuro. Portanto, a promo\u00e7\u00e3o cultural desempenha um papel fundamental na pol\u00edtica [&hellip;]","protected":false},"author":3,"featured_media":0,"parent":31,"menu_order":0,"comment_status":"closed","ping_status":"closed","template":"","meta":{"footnotes":""},"class_list":["post-97","page","type-page","status-publish","hentry"],"_links":{"self":[{"href":"https:\/\/conssanpaolo.esteri.it\/pt\/wp-json\/wp\/v2\/pages\/97","targetHints":{"allow":["GET"]}}],"collection":[{"href":"https:\/\/conssanpaolo.esteri.it\/pt\/wp-json\/wp\/v2\/pages"}],"about":[{"href":"https:\/\/conssanpaolo.esteri.it\/pt\/wp-json\/wp\/v2\/types\/page"}],"author":[{"embeddable":true,"href":"https:\/\/conssanpaolo.esteri.it\/pt\/wp-json\/wp\/v2\/users\/3"}],"replies":[{"embeddable":true,"href":"https:\/\/conssanpaolo.esteri.it\/pt\/wp-json\/wp\/v2\/comments?post=97"}],"version-history":[{"count":3,"href":"https:\/\/conssanpaolo.esteri.it\/pt\/wp-json\/wp\/v2\/pages\/97\/revisions"}],"predecessor-version":[{"id":4142,"href":"https:\/\/conssanpaolo.esteri.it\/pt\/wp-json\/wp\/v2\/pages\/97\/revisions\/4142"}],"up":[{"embeddable":true,"href":"https:\/\/conssanpaolo.esteri.it\/pt\/wp-json\/wp\/v2\/pages\/31"}],"wp:attachment":[{"href":"https:\/\/conssanpaolo.esteri.it\/pt\/wp-json\/wp\/v2\/media?parent=97"}],"curies":[{"name":"wp","href":"https:\/\/api.w.org\/{rel}","templated":true}]}}