{"id":96,"date":"2022-12-05T19:17:14","date_gmt":"2022-12-05T22:17:14","guid":{"rendered":"https:\/\/conssanpaolo.esteri.it\/italia-e-brasile\/diplomazia-economica\/"},"modified":"2025-11-04T05:38:20","modified_gmt":"2025-11-04T08:38:20","slug":"diplomazia-economica","status":"publish","type":"page","link":"https:\/\/conssanpaolo.esteri.it\/pt\/italia-e-brasile\/diplomazia-economica\/","title":{"rendered":"Diplomacia econ\u00f4mica"},"content":{"rendered":"<p>As rela\u00e7\u00f5es econ\u00f4micas e comerciais s\u00e3o um pilar fundamental nas rela\u00e7\u00f5es entre a It\u00e1lia e o Brasil. O Brasil sempre foi de grande import\u00e2ncia para a It\u00e1lia, devido aos la\u00e7os hist\u00f3ricos e culturais que se consolidaram ao longo do tempo gra\u00e7as \u00e0 emigra\u00e7\u00e3o italiana no final do s\u00e9culo XIX e ap\u00f3s a Segunda Guerra Mundial, o que tornou nossos compatriotas e nossas empresas protagonistas do desenvolvimento econ\u00f4mico e social deste grande pa\u00eds.<\/p>\n<p>Hoje, a It\u00e1lia est\u00e1 entre os principais investidores no Brasil e \u00e9 um dos principais parceiros comerciais do gigante sul-americano.<\/p>\n<p><b><strong>As exporta\u00e7\u00f5es<\/strong><\/b> italianas para o Brasil est\u00e3o concentradas principalmente nos setores de m\u00e1quinas industriais e equipamentos el\u00e9tricos, produtos qu\u00edmicos, ve\u00edculos, reboques e semirreboques e produtos farmac\u00eauticos. Na demanda italiana por produtos brasileiros, por outro lado, predominam as mat\u00e9rias-primas e os produtos b\u00e1sicos: papel e celulose, metais, caf\u00e9 e soja.<\/p>\n<p>Muitas empresas italianas <b><strong>investem<\/strong><\/b> no Brasil, analisando as oportunidades desse grande mercado com uma vis\u00e3o de m\u00e9dio a longo prazo. A consequ\u00eancia tem sido o desenvolvimento de um tecido empresarial italiano num\u00e9rica e qualitativamente importante no Brasil. Atualmente, h\u00e1 cerca de 1.000 empresas italianas operando no Brasil e algumas delas desempenham um papel de lideran\u00e7a em setores estrat\u00e9gicos da economia, como energia, telecomunica\u00e7\u00f5es, infraestrutura, a\u00e7o e setor automotivo. De acordo com o conhecimento de nossa Embaixada em Bras\u00edlia, no per\u00edodo de janeiro de 2020 a janeiro de 2023, o total de investimentos feitos e pedidos obtidos por empresas italianas no Brasil \u00e9 de aproximadamente 26,2 bilh\u00f5es de euros.<\/p>\n<p>Para mais informa\u00e7\u00f5es:<\/p>\n<p><a href=\"http:\/\/www.infomercatiesteri.it\/paese.php?id_paesi=38#slider-1\"><u>InfoMercatiEsteri<\/u><\/a><\/p>\n<p><b><strong>O &#8220;Sistema Italia&#8221; no Brasil<\/strong><\/b><\/p>\n<p>O Escrit\u00f3rio Econ\u00f4mico e Comercial da Embaixada da It\u00e1lia em Bras\u00edlia coordena as atividades de promo\u00e7\u00e3o econ\u00f4mica no Brasil, com o objetivo de aumentar o com\u00e9rcio, os fluxos de investimento e a coopera\u00e7\u00e3o tecnol\u00f3gica entre os dois pa\u00edses.<\/p>\n<p>Contatos do <a href=\"https:\/\/ambbrasilia.esteri.it\/it\/chi-siamo\/\"><b><u><strong>Escrit\u00f3rio Econ\u00f4mico e Comercial.<\/strong><\/u><\/b><\/a><\/p>\n<p>A estrat\u00e9gia de promo\u00e7\u00e3o \u00e9 implementada por meio da coordena\u00e7\u00e3o cont\u00ednua com outras entidades italianas ativas no Brasil:<\/p>\n<p>&#8211;<a href=\"https:\/\/www.ice.it\/it\"><u> a Ag\u00eancia para a promo\u00e7\u00e3o no exterior e a internacionaliza\u00e7\u00e3o das empresas italianas<\/u><\/a> (ICE);<\/p>\n<p>&#8211; <a href=\"https:\/\/www.bancaditalia.it\/\"><u>o Banco da It\u00e1lia<\/u><\/a>;<\/p>\n<p>&#8211; <a href=\"https:\/\/www.enit.it\/\"><u>a Ag\u00eancia Nacional de Turismo<\/u><\/a> (ENIT);<\/p>\n<p>&#8211; a <a href=\"https:\/\/www.simest.it\/\"><u>SIMEST<\/u><\/a>;<\/p>\n<p>&#8211; a <a href=\"https:\/\/www.sace.it\/\"><u>SACE<\/u><\/a>;<\/p>\n<p>&#8211; as <a href=\"https:\/\/ambbrasilia.esteri.it\/ambasciata_brasilia\/it\/informazioni_e_servizi\/fare_affari_nel_paese\/sportello_unico\/camera_di_commercio_mista\"><u>C\u00e2maras de Com\u00e9rcio Mistas<\/u><\/a>;<\/p>\n<p>&#8211; o <a href=\"http:\/\/www.difesa.it\/Pagine\/default.aspx\"><u>Minist\u00e9rio da Defesa<\/u><\/a>;<\/p>\n<p>&#8211; e, \u00e9 claro, as empresas italianas.<\/p>\n<p>&nbsp;<\/p>\n<p><b><strong>Fazendo neg\u00f3cios no Brasil<\/strong><\/b><\/p>\n<p>Sugerimos que voc\u00ea comece consultando o site <a href=\"http:\/\/www.infomercatiesteri.it\/paese.php?id_paesi=38#slider-1\"><b><u><strong>InfoMercatiEsteri<\/strong><\/u><\/b><\/a> sobre oportunidades de neg\u00f3cios no Brasil.<\/p>\n<p>Para obter informa\u00e7\u00f5es \u00fateis que um investidor italiano precisa saber antes de estabelecer uma estrutura operacional ou comercial no Brasil, desde os requisitos legais e fiscais at\u00e9 os aspectos da legisla\u00e7\u00e3o trabalhista, desde as regras que regem os investimentos at\u00e9 os incentivos oferecidos pelas v\u00e1rias administra\u00e7\u00f5es estaduais, convidamos voc\u00ea a consultar<\/p>\n<ul>\n<li>o <a href=\"https:\/\/ambbrasilia.esteri.it\/wp-content\/uploads\/2023\/04\/Guida_agli_affari_in_brasile_ed._2023.pdf\"><u>Guia para fazer neg\u00f3cios no Brasil<\/u><\/a> editado pela Embaixada da It\u00e1lia, GM Venture e KPMG;<\/li>\n<li><a href=\"https:\/\/www.esteri.it\/mae\/it\/servizi\/sportello_info\/domandefrequenti\/quale-assistenza-per-le-imprese-italiane-all-estero.html\"><u>Diplomacia Econ\u00f4mica: Publica\u00e7\u00e3o de \u201cFAQ\u201d sobre Assist\u00eancia Empresarial;<\/u><\/a><\/li>\n<li>Para solicita\u00e7\u00f5es de assist\u00eancia \u00e0 se\u00e7\u00e3o econ\u00f4mica e comercial, clique <a href=\"https:\/\/nexus.esteri.it\/\"><u>aqui<\/u><\/a><\/li>\n<\/ul>\n<p><b><strong>Fazendo neg\u00f3cios na It\u00e1lia<\/strong><\/b><\/p>\n<p>Se voc\u00ea estiver interessado em oportunidades de neg\u00f3cios na It\u00e1lia, sugerimos que consulte:<\/p>\n<ul>\n<li>Os guias \u201c<a href=\"https:\/\/www.doingbusiness.org\/en\/data\/exploreeconomies\/italy\/\"><u>Doing Business in Italy<\/u><\/a>\u201d do Banco Mundial e \u201c<a href=\"https:\/\/www.ice.it\/en\/invest\/invest-italy\"><u>Why invest in Italy<\/u><\/a>\u201d do Minist\u00e9rio das Rela\u00e7\u00f5es Exteriores e Coopera\u00e7\u00e3o Internacional e do Minist\u00e9rio do Desenvolvimento Econ\u00f4mico<\/li>\n<li>As informa\u00e7\u00f5es macroecon\u00f4micas fornecidas pelo <a href=\"http:\/\/www.dt.mef.gov.it\/it\/index.html\"><u>Departamento de Tesouraria do Minist\u00e9rio da Economia e Finan\u00e7as<\/u><\/a><\/li>\n<li>Estat\u00edsticas sobre a economia italiana fornecidas pelo <u><\/u><a href=\"https:\/\/www.bancaditalia.it\/statistiche\/index.html?com.dotmarketing.htmlpage.language=102\"><u>Banca d\u2019Italia<\/u><\/a><u><\/u><\/li>\n<li><a href=\"http:\/\/italiastartupvisa.mise.gov.it\/\"><u>Italia Startup Visa<\/u><\/a> (site somente em ingl\u00eas)<\/li>\n<li><a href=\"https:\/\/www.registroimprese.it\/\"><u>Registro delle Imprese<\/u><\/a>, onde voc\u00ea pode encontrar informa\u00e7\u00f5es oficiais sobre empresas com sede ou unidades locais na It\u00e1lia.<\/li>\n<\/ul>\n","protected":false},"excerpt":{"rendered":"As rela\u00e7\u00f5es econ\u00f4micas e comerciais s\u00e3o um pilar fundamental nas rela\u00e7\u00f5es entre a It\u00e1lia e o Brasil. O Brasil sempre foi de grande import\u00e2ncia para a It\u00e1lia, devido aos la\u00e7os hist\u00f3ricos e culturais que se consolidaram ao longo do tempo gra\u00e7as \u00e0 emigra\u00e7\u00e3o italiana no final do s\u00e9culo XIX e ap\u00f3s a Segunda Guerra Mundial, [&hellip;]","protected":false},"author":3,"featured_media":0,"parent":31,"menu_order":0,"comment_status":"closed","ping_status":"closed","template":"","meta":{"footnotes":""},"class_list":["post-96","page","type-page","status-publish","hentry"],"_links":{"self":[{"href":"https:\/\/conssanpaolo.esteri.it\/pt\/wp-json\/wp\/v2\/pages\/96","targetHints":{"allow":["GET"]}}],"collection":[{"href":"https:\/\/conssanpaolo.esteri.it\/pt\/wp-json\/wp\/v2\/pages"}],"about":[{"href":"https:\/\/conssanpaolo.esteri.it\/pt\/wp-json\/wp\/v2\/types\/page"}],"author":[{"embeddable":true,"href":"https:\/\/conssanpaolo.esteri.it\/pt\/wp-json\/wp\/v2\/users\/3"}],"replies":[{"embeddable":true,"href":"https:\/\/conssanpaolo.esteri.it\/pt\/wp-json\/wp\/v2\/comments?post=96"}],"version-history":[{"count":3,"href":"https:\/\/conssanpaolo.esteri.it\/pt\/wp-json\/wp\/v2\/pages\/96\/revisions"}],"predecessor-version":[{"id":9391,"href":"https:\/\/conssanpaolo.esteri.it\/pt\/wp-json\/wp\/v2\/pages\/96\/revisions\/9391"}],"up":[{"embeddable":true,"href":"https:\/\/conssanpaolo.esteri.it\/pt\/wp-json\/wp\/v2\/pages\/31"}],"wp:attachment":[{"href":"https:\/\/conssanpaolo.esteri.it\/pt\/wp-json\/wp\/v2\/media?parent=96"}],"curies":[{"name":"wp","href":"https:\/\/api.w.org\/{rel}","templated":true}]}}