{"id":95,"date":"2022-12-05T19:15:31","date_gmt":"2022-12-05T22:15:31","guid":{"rendered":"https:\/\/conssanpaolo.esteri.it\/chi-siamo\/la-rete-consolare\/"},"modified":"2025-10-14T15:39:21","modified_gmt":"2025-10-14T18:39:21","slug":"la-rete-consolare","status":"publish","type":"page","link":"https:\/\/conssanpaolo.esteri.it\/pt\/chi-siamo\/la-rete-consolare\/","title":{"rendered":"A Rede Consular"},"content":{"rendered":"<p style=\"text-align: center;\"><strong>CONSULADO HONOR\u00c1RIO<\/strong><\/p>\n<p><strong>Campinas\u2013SP<\/strong><br \/>\nC\u00f4nsul Honor\u00e1rio Francesco Picciallo<br \/>\nEndere\u00e7o: Av. Bar\u00e3o de Itapura 2310- Guanabara<br \/>\n13073-300 Campinas (SP)<br \/>\nE-mail: campinas.onorario@esteri.it<br \/>\ncelular\/whatsapp: 19 99915 5055<br \/>\nHor\u00e1rio de funcionamento: quinta-feira das 09:00 \u00e0s 12:00<\/p>\n<p><a href=\"https:\/\/conssanpaolo.esteri.it\/wp-content\/uploads\/2023\/09\/ESTRATTO_DLF_PICCIALLO_CO_CAMPINAS_BRASILE-TRADUZIONE-PORTOGHESE.pdf\">DECRETO DE LIMITA\u00c7\u00c3O DE FUN\u00c7\u00d5ES \u2013 CAMPINAS<\/a><\/p>\n<p><a href=\"https:\/\/conssanpaolo.esteri.it\/pt\/chi-siamo\/la-rete-consolare\/circoscrizione-geografica-di-competenza-del-consolato-onorario-di-campinas\/\">Clique aqui<\/a> para visualizar a circunscri\u00e7\u00e3o geogr\u00e1fica de atua\u00e7\u00e3o do Consulado Honor\u00e1rio de Campinas, que engloba Campinas e Sorocaba.<\/p>\n<p>&nbsp;<\/p>\n<p style=\"text-align: center;\"><strong>VICE-CONSULADOS HONOR\u00c1RIOS<\/strong><\/p>\n<ul>\n<li><strong>Ribeir\u00e3o Preto \u2013SP<\/strong><\/li>\n<\/ul>\n<p>Vice-C\u00f4nsul Honor\u00e1rio: Lorenzo Spedicato<br \/>\nRua Itacolomi, 484 CEP 14025-250, Ribeir\u00e3o Preto (SP)<br \/>\nTELEFONE: +55 16 3623 9998<br \/>\nE-mail: ribeiraopreto.onorario@esteri.it<br \/>\nHor\u00e1rio de atendimento: de segunda a sexta-feira, das 9 \u00e0s 18 horas.<\/p>\n<p><a href=\"https:\/\/conssanpaolo.esteri.it\/wp-content\/uploads\/2024\/11\/DECRETO-VICE-CONSOLE-RIBEIRAO-_PT.pdf\">DECRETO DE LIMITA\u00c7\u00c3O DE FUN\u00c7\u00d5ES \u2013 RIBEIR\u00c3O PRETO<\/a><\/p>\n<p><a href=\"https:\/\/conssanpaolo.esteri.it\/pt\/chi-siamo\/la-rete-consolare\/circoscrizione-geografica-di-competenza-del-consolato-onorario-di-ribeirao-preto\/\">Clique aqui<\/a> para visualizar a circunscri\u00e7\u00e3o geogr\u00e1fica de atua\u00e7\u00e3o do Vice Consulado Honor\u00e1rio de Ribeir\u00e3o Preto, que engloba as regi\u00f5es administrativas de Ribeir\u00e3o Preto, Barretos, Franca, Araraquara\/Central e Bauru.<\/p>\n<p>&nbsp;<\/p>\n<ul>\n<li><strong>Cuiab\u00e1 \u2013 MT<\/strong><\/li>\n<\/ul>\n<p>Vice-C\u00f4nsul Honor\u00e1rio: Marli Teresinha Deon Sette<br \/>\nEndere\u00e7o: Travessa Chamal, Lote 8, Quadra 10 \u2013 Bairro Jardim Bom Clima<br \/>\n78048-237 \u2013 Cuiab\u00e1 \u2013 MT<br \/>\nTel.: 65 \u2013 99292 8823<br \/>\nE-mail: cuiaba.onorario@esteri.it<\/p>\n<p><a href=\"https:\/\/conssanpaolo.esteri.it\/wp-content\/uploads\/2023\/08\/estratto_dlf_deon_sette_vco_cuiaba__brasile.pdf\">DECRETO DE LIMITA\u00c7\u00c3O DE FUN\u00c7\u00d5ES \u2013 CUIAB\u00c1<\/a><\/p>\n<p>Circunscri\u00e7\u00e3o: Munic\u00edpios da Regi\u00e3o de Governo de Mato Grosso<\/p>\n<p>&nbsp;<\/p>\n<ul>\n<li><strong>Porto Velho \u2013 RO<\/strong><\/li>\n<\/ul>\n<p>Vice-c\u00f4nsul honor\u00e1rio: Claudio Alfredo Guastella<br \/>\nEndere\u00e7o: Rua Duque de Caxias n. 590<br \/>\n76801-170 \u2013 Porto Velho (RO)<br \/>\nTelefone: 69 \u2013 99986 4115<br \/>\nE-mail: portovelho.onorario@esteri.it<br \/>\nHor\u00e1rio de atendimento: segunda, quarta e sexta-feira, das 16:00 \u00e0s 19:00<\/p>\n<p><a href=\"https:\/\/conssanpaolo.esteri.it\/wp-content\/uploads\/2023\/08\/decreto_limitazione_funzioni_guastella_porto_velho.pdf\">DECRETO DE LIMITA\u00c7\u00c3O DE FUN\u00c7\u00d5ES \u2013 PORTO VELHO<\/a><\/p>\n<p>Circunscri\u00e7\u00e3o: Munic\u00edpios dos estados do Acre e de Rond\u00f4nia.<\/p>\n<p>&nbsp;<\/p>\n<ul>\n<li><strong>Santos \u2013 SP<\/strong><\/li>\n<\/ul>\n<p>Vice-c\u00f4nsul honor\u00e1rio: Mauro Sammarco<br \/>\nEndere\u00e7o: Alameda Arm\u00eanio Mendes, 66 \u2013 Conj 2501<br \/>\n11035-260 SANTOS (SP)<br \/>\nTelefone: 13\u2013 2191-7940<br \/>\nE-mail: <a href=\"mailto:santos.onorario@esteri.it\">santos.onorario@esteri.it<\/a><strong><br \/>\n<\/strong><\/p>\n<p>Hor\u00e1rio de atendimento: 09:00 \u00e0s 12:00 e das 14:00 \u00e0s 17:00<\/p>\n<p><a href=\"https:\/\/conssanpaolo.esteri.it\/wp-content\/uploads\/2025\/10\/DECRETO-LIMITAZIONE-FUNZIONI-GU-189-16-08-2025.pdf\">DECRETO DI LIMITAZIONE DI FUNZIONI &#8211; SANTOS<\/a><\/p>\n<p><a href=\"https:\/\/conssanpaolo.esteri.it\/pt\/chi-siamo\/la-rete-consolare\/circoscrizione-geografica-di-competenza-del-consolato-onorario-di-santos\/\">Clique aqui<\/a> para visualizar a circunscri\u00e7\u00e3o geogr\u00e1fica de atua\u00e7\u00e3o do Vice Consulado Honor\u00e1rio de Santos, que engloba as regi\u00f5es administrativas de Santos e Registro<\/p>\n<p>&nbsp;<\/p>\n<p style=\"text-align: center;\"><strong>AG\u00caNCIAS CONSULARES HONOR\u00c1RIAS<\/strong><\/p>\n<ul>\n<li><strong>S\u00e3o Jos\u00e9 dos Campos \u2013 SP<\/strong><\/li>\n<\/ul>\n<p>Agente Consular: MARILENE MARIOTTONI<br \/>\nEndere\u00e7o: Rua Lineu de Moura, 1800 \u2013 Ch\u00e1cara dos Eucaliptos<br \/>\n12244-380 \u2013 S\u00e3o Jos\u00e9 dos Campos<br \/>\nTel: 19 \u2013 98129 8149<br \/>\nHor\u00e1rio de atendimento:<br \/>\ne-mail: <a href=\"mailto:saojosedoscampos.onorario@esteri.it\">saojosedoscampos.onorario@esteri.it<\/a><\/p>\n<p><a href=\"https:\/\/conssanpaolo.esteri.it\/wp-content\/uploads\/2023\/08\/decreto_limitazione_funzioni_mariottoni_-_sj_dos_campos.pdf\">DECRETO DE LIMITA\u00c7\u00c3O DE FUN\u00c7\u00d5ES \u2013 S\u00c3O JOS\u00c9 DOS CAMPOS<\/a><\/p>\n<p>Circunscri\u00e7\u00e3o: Munic\u00edpios da Regi\u00e3o de Governo de S\u00e3o Jos\u00e9 dos Campos.<\/p>\n<p>&nbsp;<\/p>\n<ul>\n<li><strong>S\u00e3o Jos\u00e9 do Rio Preto \u2013 SP<\/strong><\/li>\n<\/ul>\n<p>Agente Consular: ALCEU GERMANO SESTINI<br \/>\nParque Empresarial Georgina<br \/>\nAv. An\u00edsio Haddad, 8001- Torre Milan Norte sala 501<br \/>\n15091-751 S\u00e3o Jos\u00e9 do Rio Preto (SP)<br \/>\nTelefone: 17 3222 0212<br \/>\nE-mail: riopreto.onorario@esteri.it<br \/>\nAberto ao p\u00fablico de segunda a sexta-feira, das 09:00 \u00e0s 15:00<\/p>\n<p><a href=\"https:\/\/conssanpaolo.esteri.it\/wp-content\/uploads\/2023\/08\/decreto_limitazione_funzioni_sestini_-_sj_do_rio_preto.pdf\">DECRETO DE LIMITA\u00c7\u00c3O DE FUN\u00c7\u00d5ES \u2013 S\u00c3O JOS\u00c9 DO RIO PRETO<\/a><\/p>\n<p><a href=\"https:\/\/conssanpaolo.esteri.it\/pt\/chi-siamo\/la-rete-consolare\/circoscrizione-geografica-di-competenza-dellagenzia-consolare-di-sao-jose-do-rio-preto\/\">Clique aqui<\/a> para visualizar a circunscri\u00e7\u00e3o geogr\u00e1fica de atua\u00e7\u00e3o que engloba os Munic\u00edpios das Regi\u00f5es de S\u00e3o Jos\u00e9 do Rio Preto, Ara\u00e7atuba e Presidente Prudente.<\/p>\n<p>&nbsp;<\/p>\n<p><em>(Lista atualizada\u00a0<strong>em\u00a016\/06\/2025\u00a0<\/strong>\u2013 Em caso de altera\u00e7\u00f5es nos dados acima, solicitamos aos chefes dos escrit\u00f3rios honor\u00e1rios que enviem as atualiza\u00e7\u00f5es para\u00a0<\/em><a href=\"mailto:segreteria.sanpaolo@esteri.it\"><em>segreteria.sanpaolo@esteri.it<\/em><\/a><em>)<\/em><\/p>\n","protected":false},"excerpt":{"rendered":"CONSULADO HONOR\u00c1RIO Campinas\u2013SP C\u00f4nsul Honor\u00e1rio Francesco Picciallo Endere\u00e7o: Av. Bar\u00e3o de Itapura 2310- Guanabara 13073-300 Campinas (SP) E-mail: campinas.onorario@esteri.it celular\/whatsapp: 19 99915 5055 Hor\u00e1rio de funcionamento: quinta-feira das 09:00 \u00e0s 12:00 DECRETO DE LIMITA\u00c7\u00c3O DE FUN\u00c7\u00d5ES \u2013 CAMPINAS Clique aqui para visualizar a circunscri\u00e7\u00e3o geogr\u00e1fica de atua\u00e7\u00e3o do Consulado Honor\u00e1rio de Campinas, que engloba Campinas [&hellip;]","protected":false},"author":3,"featured_media":0,"parent":30,"menu_order":0,"comment_status":"closed","ping_status":"closed","template":"","meta":{"footnotes":""},"class_list":["post-95","page","type-page","status-publish","hentry"],"_links":{"self":[{"href":"https:\/\/conssanpaolo.esteri.it\/pt\/wp-json\/wp\/v2\/pages\/95","targetHints":{"allow":["GET"]}}],"collection":[{"href":"https:\/\/conssanpaolo.esteri.it\/pt\/wp-json\/wp\/v2\/pages"}],"about":[{"href":"https:\/\/conssanpaolo.esteri.it\/pt\/wp-json\/wp\/v2\/types\/page"}],"author":[{"embeddable":true,"href":"https:\/\/conssanpaolo.esteri.it\/pt\/wp-json\/wp\/v2\/users\/3"}],"replies":[{"embeddable":true,"href":"https:\/\/conssanpaolo.esteri.it\/pt\/wp-json\/wp\/v2\/comments?post=95"}],"version-history":[{"count":7,"href":"https:\/\/conssanpaolo.esteri.it\/pt\/wp-json\/wp\/v2\/pages\/95\/revisions"}],"predecessor-version":[{"id":9114,"href":"https:\/\/conssanpaolo.esteri.it\/pt\/wp-json\/wp\/v2\/pages\/95\/revisions\/9114"}],"up":[{"embeddable":true,"href":"https:\/\/conssanpaolo.esteri.it\/pt\/wp-json\/wp\/v2\/pages\/30"}],"wp:attachment":[{"href":"https:\/\/conssanpaolo.esteri.it\/pt\/wp-json\/wp\/v2\/media?parent=95"}],"curies":[{"name":"wp","href":"https:\/\/api.w.org\/{rel}","templated":true}]}}