{"id":940,"date":"2022-12-05T20:26:53","date_gmt":"2022-12-05T23:26:53","guid":{"rendered":"https:\/\/conssanpaolo.esteri.it\/amministrazione-trasparente\/"},"modified":"2025-11-25T10:59:19","modified_gmt":"2025-11-25T13:59:19","slug":"amministrazione-trasparente","status":"publish","type":"page","link":"https:\/\/conssanpaolo.esteri.it\/pt\/amministrazione-trasparente\/","title":{"rendered":"Amministrazione Trasparente"},"content":{"rendered":"<p>Os Escrit\u00f3rios diplom\u00e1tico-consulares no exterior s\u00e3o filiais perif\u00e9ricas do Minist\u00e9rio de Rela\u00e7\u00f5es Exteriores e Coopera\u00e7\u00e3o Internacional, que garante a transpar\u00eancia de seus dados por meio da se\u00e7\u00e3o \u201cadministra\u00e7\u00e3o transparente\u201d do site <a href=\"https:\/\/www.esteri.it\/it\">www.esteri.it<\/a>. Na maioria das vezes, as se\u00e7\u00f5es desta p\u00e1gina referem-se \u00e0s se\u00e7\u00f5es correspondentes do site da administra\u00e7\u00e3o central.<\/p>\n<p><strong>Para obter mais informa\u00e7\u00f5es, visite o site da Autoridade Nacional de Combate \u00e0 Corrup\u00e7\u00e3o<\/strong> (<a href=\"http:\/\/www.anticorruzione.it\/portal\/public\/classic\/\">ANAC)<\/a><\/p>\n<ul>\n<li><a href=\"https:\/\/www.esteri.it\/it\/trasparenza_comunicazioni_legali\/disposizioni_generali\">Disposi\u00e7\u00f5es gerais<\/a><\/li>\n<li><a href=\"https:\/\/www.esteri.it\/it\/trasparenza_comunicazioni_legali\/organizzazione\">Organiza\u00e7\u00e3o<\/a>\n<ul>\n<li><a href=\"https:\/\/conssanpaolo.esteri.it\/it\/chi-siamo\/contatti\/\">Organiza\u00e7\u00e3o dos departamentos<\/a> ( <em>Art. 13, c. 1, lett. b, c)<\/em><\/li>\n<li><a href=\"https:\/\/conssanpaolo.esteri.it\/it\/chi-siamo\/contatti\/\">Contatos<\/a> (<em>Art. 13, c. 1, lett. d)<\/em><\/li>\n<\/ul>\n<\/li>\n<li>Consultores e colaboradores <em>(Art. 15, c. 1, 2)<\/em>\n<ul>\n<li>N\u00e3o h\u00e1 dados a serem publicados de 2020 at\u00e9 2024 <strong>(data da \u00faltima atualiza\u00e7\u00e3o 03\/11\/2025)<\/strong><\/li>\n<\/ul>\n<\/li>\n<li><a href=\"https:\/\/www.esteri.it\/it\/trasparenza_comunicazioni_legali\/personale\">Equipe<\/a><\/li>\n<li><a href=\"https:\/\/conssanpaolo.esteri.it\/pt\/news\/dal_consolato\/bandi-di-concorso\/\">Avisos de concorr\u00eancia<\/a> (<em>Art. 19)<\/em><\/li>\n<li><a href=\"https:\/\/www.esteri.it\/it\/trasparenza_comunicazioni_legali\/Performance\/\">Desempenho<\/a><\/li>\n<li><a href=\"https:\/\/www.esteri.it\/it\/trasparenza_comunicazioni_legali\/Enti_controllati\/\">Entidades controladas<\/a><\/li>\n<li><a href=\"https:\/\/www.esteri.it\/it\/trasparenza_comunicazioni_legali\/attivita_e_procedimenti\">Atividades e procedimentos<\/a>\n<ul>\n<li><a href=\"http:\/\/www.conssanpaolo.esteri.it\/consolato_sanpaolo\/it\/i_servizi\/per_i_cittadini\">Tipos de procedimentos<\/a> <em>(Art. 35, par. 1, 2)<\/em><\/li>\n<\/ul>\n<\/li>\n<li><a href=\"https:\/\/www.esteri.it\/it\/trasparenza_comunicazioni_legali\/provvedimenti\">Medidas<\/a><\/li>\n<li><a href=\"https:\/\/www.esteri.it\/it\/trasparenza_comunicazioni_legali\/controlli-sulle-imprese\">Controles sobre empresas<\/a><\/li>\n<li><a href=\"https:\/\/conssanpaolo.esteri.it\/it\/amministrazione-trasparente\/bandi-di-gare-e-contratti\/\">Convoca\u00e7\u00f5es para licita\u00e7\u00f5es e contratos <\/a><em>(ex art. 37)<\/em>\n<ul>\n<li><a href=\"https:\/\/maeci.traspare.com\/tender_table\">Plataforma digital certificada Transpar\u00eancia<\/a> (<em>a partir de 1.1.2024)<\/em><\/li>\n<li><a href=\"https:\/\/www.esteri.it\/it\/trasparenza_comunicazioni_legali\/bandi-gara-contratti\/informazioni-sulle-singole-procedure\">Informa\u00e7\u00f5es sobre procedimentos individuais em forma de tabela<\/a> ( <em>at\u00e9 31.12.2023)<\/em><\/li>\n<\/ul>\n<\/li>\n<li><a href=\"https:\/\/conssanpaolo.esteri.it\/it\/amministrazione-trasparente\/avvisi-e-comunicazioni\/sovvenzioni-contributi-sussidi-vantaggi-economici-ex-art-26-e-27\/\">Subs\u00eddios, contribui\u00e7\u00f5es, subven\u00e7\u00f5es, vantagens econ\u00f4micas <em>(ex art. 26 e 27<\/em><em>)<\/em><\/a>\n<ul>\n<li><a href=\"https:\/\/www.esteri.it\/it\/servizi-consolari-e-visti\/normativa_consolare\/serviziconsolari\/assistenzacittadiniestero\/\">Crit\u00e9rios e modalidades<\/a><\/li>\n<\/ul>\n<\/li>\n<li><a href=\"https:\/\/www.esteri.it\/it\/trasparenza_comunicazioni_legali\/bilanci\">Or\u00e7amentos<\/a><\/li>\n<li><a href=\"https:\/\/www.esteri.it\/it\/trasparenza_comunicazioni_legali\/bilancio-trasparente\">Or\u00e7amento transparente<\/a><\/li>\n<li><a href=\"https:\/\/www.esteri.it\/it\/trasparenza_comunicazioni_legali\/beni_immobili_gestione_patrimonio\">Gerenciamento de im\u00f3veis e ativos<\/a><\/li>\n<li><a href=\"https:\/\/www.esteri.it\/it\/trasparenza_comunicazioni_legali\/controlli-e-rilievi-sull-amministrazione\">Controles e observa\u00e7\u00f5es sobre a administra\u00e7\u00e3o<\/a><\/li>\n<li><a href=\"https:\/\/www.esteri.it\/it\/trasparenza_comunicazioni_legali\/servizi_erogati\">Servi\u00e7os prestados<\/a><\/li>\n<li><a href=\"https:\/\/www.esteri.it\/it\/trasparenza_comunicazioni_legali\/pagamenti%20amministrazione\">Pagamentos da administra\u00e7\u00e3o<\/a><\/li>\n<li><a href=\"https:\/\/www.esteri.it\/it\/trasparenza_comunicazioni_legali\/opere-pubbliche\">Obras p\u00fablicas<\/a><\/li>\n<li><a href=\"https:\/\/www.esteri.it\/it\/trasparenza_comunicazioni_legali\/pianificazione_governo_territorio\">Planejamento e governan\u00e7a espacial<\/a><\/li>\n<li><a href=\"https:\/\/www.esteri.it\/it\/trasparenza_comunicazioni_legali\/informazioni_ambientali\">Informa\u00e7\u00f5es ambientais<\/a><\/li>\n<li><a href=\"https:\/\/www.esteri.it\/it\/trasparenza_comunicazioni_legali\/interventi-straordinari-emergenza\">Interven\u00e7\u00f5es emergenciais extraordin\u00e1rias<\/a><\/li>\n<li><a href=\"https:\/\/www.esteri.it\/it\/trasparenza_comunicazioni_legali\/altri-contenuti-canale\">Outros conte\u00fados<\/a><\/li>\n<\/ul>\n<h6>data de \u00faltima atualiza\u00e7\u00e3o 03.11.2025<\/h6>\n","protected":false},"excerpt":{"rendered":"Os Escrit\u00f3rios diplom\u00e1tico-consulares no exterior s\u00e3o filiais perif\u00e9ricas do Minist\u00e9rio de Rela\u00e7\u00f5es Exteriores e Coopera\u00e7\u00e3o Internacional, que garante a transpar\u00eancia de seus dados por meio da se\u00e7\u00e3o \u201cadministra\u00e7\u00e3o transparente\u201d do site www.esteri.it. Na maioria das vezes, as se\u00e7\u00f5es desta p\u00e1gina referem-se \u00e0s se\u00e7\u00f5es correspondentes do site da administra\u00e7\u00e3o central. Para obter mais informa\u00e7\u00f5es, visite o [&hellip;]","protected":false},"author":3,"featured_media":0,"parent":0,"menu_order":0,"comment_status":"closed","ping_status":"closed","template":"","meta":{"footnotes":""},"class_list":["post-940","page","type-page","status-publish","hentry"],"_links":{"self":[{"href":"https:\/\/conssanpaolo.esteri.it\/pt\/wp-json\/wp\/v2\/pages\/940","targetHints":{"allow":["GET"]}}],"collection":[{"href":"https:\/\/conssanpaolo.esteri.it\/pt\/wp-json\/wp\/v2\/pages"}],"about":[{"href":"https:\/\/conssanpaolo.esteri.it\/pt\/wp-json\/wp\/v2\/types\/page"}],"author":[{"embeddable":true,"href":"https:\/\/conssanpaolo.esteri.it\/pt\/wp-json\/wp\/v2\/users\/3"}],"replies":[{"embeddable":true,"href":"https:\/\/conssanpaolo.esteri.it\/pt\/wp-json\/wp\/v2\/comments?post=940"}],"version-history":[{"count":6,"href":"https:\/\/conssanpaolo.esteri.it\/pt\/wp-json\/wp\/v2\/pages\/940\/revisions"}],"predecessor-version":[{"id":9524,"href":"https:\/\/conssanpaolo.esteri.it\/pt\/wp-json\/wp\/v2\/pages\/940\/revisions\/9524"}],"wp:attachment":[{"href":"https:\/\/conssanpaolo.esteri.it\/pt\/wp-json\/wp\/v2\/media?parent=940"}],"curies":[{"name":"wp","href":"https:\/\/api.w.org\/{rel}","templated":true}]}}