{"id":94,"date":"2022-12-05T19:14:51","date_gmt":"2022-12-05T22:14:51","guid":{"rendered":"https:\/\/conssanpaolo.esteri.it\/chi-siamo\/numeri-di-emergenza\/"},"modified":"2024-07-02T15:51:21","modified_gmt":"2024-07-02T18:51:21","slug":"numeri-di-emergenza","status":"publish","type":"page","link":"https:\/\/conssanpaolo.esteri.it\/pt\/chi-siamo\/numeri-di-emergenza\/","title":{"rendered":"N\u00fameros de emerg\u00eancia"},"content":{"rendered":"<p>Para informa\u00e7\u00f5es em geral e detalhes operativos sobre a seguran\u00e7a no Brasil, consultar o site da Unidade de Crise da &#8220;Farnesina&#8221; \u201c<strong><a href=\"http:\/\/www.viaggiaresicuri.it\/\">Viaggiare Sicuri<\/a><\/strong>\u201d (p\u00e1gina em l\u00edngua italiana).<\/p>\n<p>Se est\u00e1 planejando uma viagem ou est\u00e1 morando no Brasil, n\u00e3o esque\u00e7a de se cadastrar no site &#8220;<strong><a href=\"https:\/\/www.dovesiamonelmondo.it\/home.html\">Dove siamo nel Mondo<\/a><\/strong>&#8221; (p\u00e1gina em l\u00edngua italiana) para ser contatado em caso de emerg\u00eancia.<\/p>\n<p>&nbsp;<\/p>\n<p>EXCLUSIVAMENTE PARA CIDAD\u00c3OS ITALIANOS<\/p>\n<p>N\u00famero a ser chamado apenas em casos de\u00a0<strong>extrema e real emerg\u00eancia<\/strong> ( (graves acidentes, assaltos, roubos, perda de documentos, deten\u00e7\u00e3o, morte, etc.):<\/p>\n<p><strong>(00 55 11) 98346 0345<\/strong><\/p>\n<p><strong>O numero est\u00e1 activo das 8 \u00e0s 22, todos os dias, incluindo feriados. Este n\u00famero n\u00e3o oferece informa\u00e7\u00f5es sobre cidadania, passaportes, vistos e outros servi\u00e7os consulares.<\/strong><\/p>\n<p>Para este tipo de informa\u00e7\u00f5es pede-se conferir as paginas deste site ou\u00a0entrar em contato com os departamentos competentes nos endere\u00e7os presentes nesta p\u00e1gina:<\/p>\n<p><a title=\"Gli Uffici\" href=\"https:\/\/conssanpaolo.esteri.it\/it\/chi-siamo\/gli-uffici\/\">https:\/\/conssanpaolo.esteri.it\/en\/chi-siamo\/gli-uffici\/<\/a><\/p>\n","protected":false},"excerpt":{"rendered":"Para informa\u00e7\u00f5es em geral e detalhes operativos sobre a seguran\u00e7a no Brasil, consultar o site da Unidade de Crise da &#8220;Farnesina&#8221; \u201cViaggiare Sicuri\u201d (p\u00e1gina em l\u00edngua italiana). Se est\u00e1 planejando uma viagem ou est\u00e1 morando no Brasil, n\u00e3o esque\u00e7a de se cadastrar no site &#8220;Dove siamo nel Mondo&#8221; (p\u00e1gina em l\u00edngua italiana) para ser contatado [&hellip;]","protected":false},"author":3,"featured_media":0,"parent":30,"menu_order":0,"comment_status":"closed","ping_status":"closed","template":"","meta":{"footnotes":""},"class_list":["post-94","page","type-page","status-publish","hentry"],"_links":{"self":[{"href":"https:\/\/conssanpaolo.esteri.it\/pt\/wp-json\/wp\/v2\/pages\/94","targetHints":{"allow":["GET"]}}],"collection":[{"href":"https:\/\/conssanpaolo.esteri.it\/pt\/wp-json\/wp\/v2\/pages"}],"about":[{"href":"https:\/\/conssanpaolo.esteri.it\/pt\/wp-json\/wp\/v2\/types\/page"}],"author":[{"embeddable":true,"href":"https:\/\/conssanpaolo.esteri.it\/pt\/wp-json\/wp\/v2\/users\/3"}],"replies":[{"embeddable":true,"href":"https:\/\/conssanpaolo.esteri.it\/pt\/wp-json\/wp\/v2\/comments?post=94"}],"version-history":[{"count":2,"href":"https:\/\/conssanpaolo.esteri.it\/pt\/wp-json\/wp\/v2\/pages\/94\/revisions"}],"predecessor-version":[{"id":5112,"href":"https:\/\/conssanpaolo.esteri.it\/pt\/wp-json\/wp\/v2\/pages\/94\/revisions\/5112"}],"up":[{"embeddable":true,"href":"https:\/\/conssanpaolo.esteri.it\/pt\/wp-json\/wp\/v2\/pages\/30"}],"wp:attachment":[{"href":"https:\/\/conssanpaolo.esteri.it\/pt\/wp-json\/wp\/v2\/media?parent=94"}],"curies":[{"name":"wp","href":"https:\/\/api.w.org\/{rel}","templated":true}]}}