{"id":90,"date":"2022-12-05T19:03:35","date_gmt":"2022-12-05T18:03:35","guid":{"rendered":"https:\/\/conssanpaolo.esteri.it\/chi-siamo\/il-console-generale\/"},"modified":"2022-12-05T19:23:14","modified_gmt":"2022-12-05T18:23:14","slug":"il-console-generale","status":"publish","type":"page","link":"https:\/\/conssanpaolo.esteri.it\/pt\/chi-siamo\/il-console-generale\/","title":{"rendered":"O C\u00f4nsul Geral"},"content":{"rendered":"<p><img decoding=\"async\" class=\"alignnone size-medium wp-image-76 img-fluid\" src=\"https:\/\/conssanpaolo.esteri.it\/wp-content\/uploads\/2022\/12\/CG-Domenico-Fornara.jpg\" alt=\"CG Domenico Fornara\" width=\"570\" srcset=\"https:\/\/conssanpaolo.esteri.it\/wp-content\/uploads\/2022\/12\/CG-Domenico-Fornara.jpg 570w, https:\/\/conssanpaolo.esteri.it\/wp-content\/uploads\/2022\/12\/CG-Domenico-Fornara-200x300.jpg 200w\" sizes=\"(max-width: 570px) 100vw, 570px\" \/><\/p>\n<p><strong>Domenico Fornara<\/strong><\/p>\n<p style=\"font-weight: 400;\"><b><strong><em>Curriculum Vitae<\/em><\/strong><\/b><\/p>\n<p>Nascido em Belgrado, em 29 de novembro de 1968. Frequentou escolas francesas e americanas e se formou no ensino m\u00e9dio em Roma. Graduado em Economia e Neg\u00f3cios (endere\u00e7o econ\u00f4mico-empresarial) na Universidade de Roma &#8220;La Sapienza&#8221;.<\/p>\n<p>Trabalhou como consultor empresarial at\u00e9 1998.<\/p>\n<p>Diplomata de carreira desde 1998, durante seus primeiros anos de servi\u00e7o foi designado primeiro para a Diretoria Geral de Coopera\u00e7\u00e3o Econ\u00f4mica e depois para a Unidade de Coordena\u00e7\u00e3o da Secretaria Geral.<\/p>\n<p>Durante o conflito do Kosovo (1999), ele foi enviado em miss\u00e3o \u00e0 Embaixada da It\u00e1lia em Tirana (Alb\u00e2nia) como parte do compromisso humanit\u00e1rio da It\u00e1lia (Miss\u00e3o Arco-\u00cdris).<\/p>\n<p>De 2001 a 2004 foi respons\u00e1vel pelas rela\u00e7\u00f5es comerciais e culturais na Embaixada da It\u00e1lia em Tr\u00edpoli (L\u00edbia).<\/p>\n<p>De 2004 a 2008 foi chefe do Escrit\u00f3rio para Assuntos Humanit\u00e1rios, Migra\u00e7\u00e3o e Emerg\u00eancias na Representa\u00e7\u00e3o Permanente da It\u00e1lia junto \u00e0 ONU em Genebra (Su\u00ed\u00e7a).<\/p>\n<p>De 2008 a 2010 trabalhou na Diretoria Geral de Coopera\u00e7\u00e3o Pol\u00edtica Multilateral e Direitos Humanos do Minist\u00e9rio das Rela\u00e7\u00f5es Exteriores, no Escrit\u00f3rio respons\u00e1vel pela agenda pol\u00edtica do processo do G8 e pela coopera\u00e7\u00e3o internacional na luta contra o terrorismo, o tr\u00e1fico de drogas e o crime organizado.<\/p>\n<p>De 2010 a 2011 foi chefe do escrit\u00f3rio respons\u00e1vel pelas rela\u00e7\u00f5es com o M\u00e9xico, a Am\u00e9rica Central e o Caribe.<\/p>\n<p>De 2011 a 2015 foi Chefe de Miss\u00e3o Adjunto em Dakar (Senegal), tamb\u00e9m acreditado em Cabo Verde, G\u00e2mbia, Guin\u00e9, Guin\u00e9 Bissau, Mali e Maurit\u00e2nia.<\/p>\n<p>De 2015 a 2019 foi Embaixador da It\u00e1lia em Kampala (Uganda), tamb\u00e9m credenciado no Burundi e Ruanda.<\/p>\n<p>De 2019 a 2021 respons\u00e1vel pela coopera\u00e7\u00e3o cient\u00edfica e tecnol\u00f3gica bilateral para o Minist\u00e9rio das Rela\u00e7\u00f5es Exteriores e Coopera\u00e7\u00e3o Internacional, cargo no qual tamb\u00e9m \u00e9 respons\u00e1vel pela coopera\u00e7\u00e3o no setor espacial.<\/p>\n<p>Em 2021 tamb\u00e9m excerceu fun\u00e7\u00e3o de professor contratado, no curso de Diplomacia Cient\u00edfica, Mestrado de n\u00edvel II para Peritos em Pol\u00edtica e Rela\u00e7\u00f5es Internacionais, Universidade Livre &#8220;Maria Ss. Assunta&#8221; (LUMSA) &#8211; Roma<\/p>\n<p>Desde fevereiro de 2022 \u00e9 C\u00f4nsul Geral de Primeira Classe em S\u00e3o Paulo (Brasil).<\/p>\n<p>Casado e com dois filhos. Ele \u00e9 instrutor de Karat\u00ea Shotokan. Adora montanhismo, motociclismo, m\u00fasica e leitura.<\/p>\n","protected":false},"excerpt":{"rendered":"Domenico Fornara Curriculum Vitae Nascido em Belgrado, em 29 de novembro de 1968. Frequentou escolas francesas e americanas e se formou no ensino m\u00e9dio em Roma. Graduado em Economia e Neg\u00f3cios (endere\u00e7o econ\u00f4mico-empresarial) na Universidade de Roma &#8220;La Sapienza&#8221;. Trabalhou como consultor empresarial at\u00e9 1998. Diplomata de carreira desde 1998, durante seus primeiros anos de [&hellip;]","protected":false},"author":3,"featured_media":0,"parent":30,"menu_order":0,"comment_status":"closed","ping_status":"closed","template":"","meta":{"footnotes":""},"class_list":["post-90","page","type-page","status-publish","hentry"],"_links":{"self":[{"href":"https:\/\/conssanpaolo.esteri.it\/pt\/wp-json\/wp\/v2\/pages\/90","targetHints":{"allow":["GET"]}}],"collection":[{"href":"https:\/\/conssanpaolo.esteri.it\/pt\/wp-json\/wp\/v2\/pages"}],"about":[{"href":"https:\/\/conssanpaolo.esteri.it\/pt\/wp-json\/wp\/v2\/types\/page"}],"author":[{"embeddable":true,"href":"https:\/\/conssanpaolo.esteri.it\/pt\/wp-json\/wp\/v2\/users\/3"}],"replies":[{"embeddable":true,"href":"https:\/\/conssanpaolo.esteri.it\/pt\/wp-json\/wp\/v2\/comments?post=90"}],"version-history":[{"count":0,"href":"https:\/\/conssanpaolo.esteri.it\/pt\/wp-json\/wp\/v2\/pages\/90\/revisions"}],"up":[{"embeddable":true,"href":"https:\/\/conssanpaolo.esteri.it\/pt\/wp-json\/wp\/v2\/pages\/30"}],"wp:attachment":[{"href":"https:\/\/conssanpaolo.esteri.it\/pt\/wp-json\/wp\/v2\/media?parent=90"}],"curies":[{"name":"wp","href":"https:\/\/api.w.org\/{rel}","templated":true}]}}