{"id":880,"date":"2023-06-21T17:13:11","date_gmt":"2023-06-21T20:13:11","guid":{"rendered":"https:\/\/conssanpaolo.esteri.it\/servizi-consolari-e-visti\/servizi-per-il-cittadino-italiano\/passaporti\/autorizzazione-di-viaggio-per-minori-che-viaggiano-senza-entrambe-i-genitori\/"},"modified":"2024-06-17T12:43:18","modified_gmt":"2024-06-17T15:43:18","slug":"autorizzazione-di-viaggio-per-minori-che-viaggiano-senza-entrambe-i-genitori","status":"publish","type":"page","link":"https:\/\/conssanpaolo.esteri.it\/pt\/servizi-consolari-e-visti\/servizi-per-il-cittadino-italiano\/passaporti\/autorizzazione-di-viaggio-per-minori-che-viaggiano-senza-entrambe-i-genitori\/","title":{"rendered":"Autoriza\u00e7\u00e3o de viagem para menores desacompanhados"},"content":{"rendered":"<p>A autoriza\u00e7\u00e3o de viagem se faz necess\u00e1ria somente para os\u00a0menores de 14 anos\u00a0que viajam com o passaporte italiano v\u00e1lido sem nenhum dos dois genitores.<\/p>\n<p>N\u00e3o \u00e9 necess\u00e1rio agendar este servi\u00e7o. Para emitir a autoriza\u00e7\u00e3o de viagem ambos os genitores devem comparecer, de ter\u00e7a a quinta-feira, das 09.00h \u00e0s 11.30h, com os seguintes documentos:<\/p>\n<p>&#8211; c\u00f3pia impressa da passagem;<\/p>\n<p>&#8211; c\u00f3pia do passaporte italiano do menor;<\/p>\n<p>&#8211; documento de identidade de ambos os genitores. Ser\u00e3o aceitos: RG emitido (h\u00e1 menos de 10 anos), RNE v\u00e1lido, carteira de identidade italiana v\u00e1lida, carteira de habilita\u00e7\u00e3o v\u00e1lida ou passaporte brasileiro ou italiano v\u00e1lido). N\u00e3o ser\u00e3o aceitas carteiras profissionais ou de classe;<\/p>\n<p>&#8211; c\u00f3pia do documento ou dados completos da pessoa (f\u00edsica ou jur\u00eddica) que acompanhar\u00e1 o menor.<\/p>\n","protected":false},"excerpt":{"rendered":"A autoriza\u00e7\u00e3o de viagem se faz necess\u00e1ria somente para os\u00a0menores de 14 anos\u00a0que viajam com o passaporte italiano v\u00e1lido sem nenhum dos dois genitores. N\u00e3o \u00e9 necess\u00e1rio agendar este servi\u00e7o. Para emitir a autoriza\u00e7\u00e3o de viagem ambos os genitores devem comparecer, de ter\u00e7a a quinta-feira, das 09.00h \u00e0s 11.30h, com os seguintes documentos: &#8211; c\u00f3pia [&hellip;]","protected":false},"author":6,"featured_media":0,"parent":185,"menu_order":0,"comment_status":"closed","ping_status":"closed","template":"","meta":{"footnotes":""},"class_list":["post-880","page","type-page","status-publish","hentry"],"_links":{"self":[{"href":"https:\/\/conssanpaolo.esteri.it\/pt\/wp-json\/wp\/v2\/pages\/880","targetHints":{"allow":["GET"]}}],"collection":[{"href":"https:\/\/conssanpaolo.esteri.it\/pt\/wp-json\/wp\/v2\/pages"}],"about":[{"href":"https:\/\/conssanpaolo.esteri.it\/pt\/wp-json\/wp\/v2\/types\/page"}],"author":[{"embeddable":true,"href":"https:\/\/conssanpaolo.esteri.it\/pt\/wp-json\/wp\/v2\/users\/6"}],"replies":[{"embeddable":true,"href":"https:\/\/conssanpaolo.esteri.it\/pt\/wp-json\/wp\/v2\/comments?post=880"}],"version-history":[{"count":2,"href":"https:\/\/conssanpaolo.esteri.it\/pt\/wp-json\/wp\/v2\/pages\/880\/revisions"}],"predecessor-version":[{"id":4953,"href":"https:\/\/conssanpaolo.esteri.it\/pt\/wp-json\/wp\/v2\/pages\/880\/revisions\/4953"}],"up":[{"embeddable":true,"href":"https:\/\/conssanpaolo.esteri.it\/pt\/wp-json\/wp\/v2\/pages\/185"}],"wp:attachment":[{"href":"https:\/\/conssanpaolo.esteri.it\/pt\/wp-json\/wp\/v2\/media?parent=880"}],"curies":[{"name":"wp","href":"https:\/\/api.w.org\/{rel}","templated":true}]}}