{"id":8741,"date":"2025-07-28T11:43:59","date_gmt":"2025-07-28T14:43:59","guid":{"rendered":""},"modified":"2025-08-06T11:37:04","modified_gmt":"2025-08-06T14:37:04","slug":"ascendente-di-secondo-grado-vivo-e-iscritto-allaire-di-questo-consolato-o-deceduto-ma-con-posizione-anagrafica-aggiornata","status":"publish","type":"page","link":"https:\/\/conssanpaolo.esteri.it\/pt\/servizi-consolari-e-visti\/servizi-per-il-cittadino-straniero\/cittadinanza\/acquisto-citt-minori\/menores-jure-sanguinis\/minori-ascendente-secondo-grado\/ascendente-di-secondo-grado-vivo-e-iscritto-allaire-di-questo-consolato-o-deceduto-ma-con-posizione-anagrafica-aggiornata\/","title":{"rendered":"Aascendente de segundo grau vivo e inscrito no AIRE deste consulado (ou falecido, mas com situa\u00e7\u00e3o cadastral atualizada)"},"content":{"rendered":"<p data-start=\"0\" data-end=\"360\">No caso de ascendente de segundo grau vivo e inscrito no AIRE deste consulado (ou falecido, mas com situa\u00e7\u00e3o cadastral atualizada), ser\u00e1 necess\u00e1rio apresentar, por correio, conforme as instru\u00e7\u00f5es publicadas <a href=\"https:\/\/conssanpaolo.esteri.it\/pt\/servizi-consolari-e-visti\/servizi-per-il-cittadino-straniero\/cittadinanza\/acquisto-citt-minori\/menores-jure-sanguinis\/minori-ascendente-secondo-grado\/\"><strong><span style=\"text-decoration: underline;\">aqui<\/span><\/strong><\/a>, a seguinte documenta\u00e7\u00e3o:<\/p>\n<ul>\n<li data-start=\"362\" data-end=\"1956\">C\u00f3pia autenticada do RNE (Registro Nacional de Estrangeiros) do ascendente de segundo grau ou Certid\u00e3o Negativa de Naturaliza\u00e7\u00e3o (CNN) do ascendente, emitida pelo Minist\u00e9rio da Justi\u00e7a do Brasil (<a href=\"https:\/\/www.gov.br\/pt-br\/servicos\/obter-certidao-negativa-de-naturalizacao\"><strong><span style=\"text-decoration: underline;\">clique aqui<\/span><\/strong><\/a>). Esse documento dever\u00e1 ser apostilado, traduzido para o italiano por tradutor juramentado, e a tradu\u00e7\u00e3o tamb\u00e9m dever\u00e1 ser apostilada. Caso o ascendente tenha residido em pa\u00edses al\u00e9m do Brasil, ser\u00e1 necess\u00e1rio apresentar tamb\u00e9m eventuais certid\u00f5es negativas de naturaliza\u00e7\u00e3o desses pa\u00edses;<\/li>\n<li data-start=\"362\" data-end=\"1956\">Declara\u00e7\u00e3o substitutiva de certifica\u00e7\u00e3o, devidamente preenchida pelo genitor italiano e assinada por ambos os pais do menor. <a href=\"https:\/\/conssanpaolo.esteri.it\/wp-content\/uploads\/2025\/07\/dichiarazione-sostitutiva-figli-residenti__.pdf\"><strong><span style=\"text-decoration: underline;\">Clique aqui<\/span><\/strong><\/a> para baix\u00e1-la;<\/li>\n<li data-start=\"362\" data-end=\"1956\">C\u00f3pia simples de um documento de identidade v\u00e1lido de ambos os genitores (passaporte brasileiro ou italiano, RG, CIN, carteira de identidade ou CNH);<\/li>\n<li data-start=\"362\" data-end=\"1956\">Comprovante de resid\u00eancia recente em nome do genitor italiano requerente. <a href=\"https:\/\/conssanpaolo.esteri.it\/pt\/servizi-consolari-e-visti\/servizi-per-il-cittadino-italiano\/prove-di-residenza-accettate\/\"><strong><span style=\"text-decoration: underline;\">Clique aqui<\/span><\/strong><\/a> para verificar quais s\u00e3o os comprovantes aceitos. Caso n\u00e3o esteja presente a assinatura do outro genitor, o genitor italiano requerente dever\u00e1 informar o motivo da aus\u00eancia de autoriza\u00e7\u00e3o e indicar os dados de contato do outro genitor (telefone, endere\u00e7o residencial\/profissional e\/ou e-mail);<\/li>\n<li>2\u00aa via original da certid\u00e3o de nascimento do menor (em \u201cinteiro teor\u201d), emitida h\u00e1 menos de 6 meses, apostilada e traduzida para o italiano por tradutor juramentado no Brasil (a tradu\u00e7\u00e3o tamb\u00e9m deve estar apostilada). Caso o menor tenha nascido de pais n\u00e3o casados, ou ainda antes do casamento,\u00a0<strong><a href=\"https:\/\/conssanpaolo.esteri.it\/it\/servizi-consolari-e-visti\/servizi-per-il-cittadino-straniero\/cittadinanza\/minore-i-residente-i-in-questa-circoscrizione-consolare\/figli-nati-prima-o-fuori-dal-matrimonio\/\">clique aqui<\/a><\/strong>. Se o menor foi adotado,<strong>\u00a0<a href=\"https:\/\/conssanpaolo.esteri.it\/it\/servizi-consolari-e-visti\/servizi-per-il-cittadino-straniero\/cittadinanza\/acquisto-citt-minori\/minori-adottati\/\">clique aqui<\/a>.<\/strong> Se o menor nasceu em pa\u00eds diferente do Brasil,<strong>\u00a0<a href=\"https:\/\/conssanpaolo.esteri.it\/it\/servizi-consolari-e-visti\/servizi-per-il-cittadino-straniero\/cittadinanza\/nascite-avvenute-fuori-dal-brasile\/\">clique aqui<\/a><\/strong>.<\/li>\n<\/ul>\n<p>Observa\u00e7\u00e3o: caso o menor resida com o genitor estrangeiro nesta circunscri\u00e7\u00e3o,\u00a0<a href=\"https:\/\/conssanpaolo.esteri.it\/pt\/servizi-consolari-e-visti\/servizi-per-il-cittadino-straniero\/cittadinanza\/acquisto-citt-minori\/menores-jure-sanguinis\/minore-residente-con-genitore-straniero\/\">clique aqui<\/a>.<\/p>\n","protected":false},"excerpt":{"rendered":"No caso de ascendente de segundo grau vivo e inscrito no AIRE deste consulado (ou falecido, mas com situa\u00e7\u00e3o cadastral atualizada), ser\u00e1 necess\u00e1rio apresentar, por correio, conforme as instru\u00e7\u00f5es publicadas aqui, a seguinte documenta\u00e7\u00e3o: C\u00f3pia autenticada do RNE (Registro Nacional de Estrangeiros) do ascendente de segundo grau ou Certid\u00e3o Negativa de Naturaliza\u00e7\u00e3o (CNN) do ascendente, [&hellip;]","protected":false},"author":6,"featured_media":0,"parent":8732,"menu_order":0,"comment_status":"closed","ping_status":"closed","template":"","meta":{"footnotes":""},"class_list":["post-8741","page","type-page","status-publish","hentry"],"_links":{"self":[{"href":"https:\/\/conssanpaolo.esteri.it\/pt\/wp-json\/wp\/v2\/pages\/8741","targetHints":{"allow":["GET"]}}],"collection":[{"href":"https:\/\/conssanpaolo.esteri.it\/pt\/wp-json\/wp\/v2\/pages"}],"about":[{"href":"https:\/\/conssanpaolo.esteri.it\/pt\/wp-json\/wp\/v2\/types\/page"}],"author":[{"embeddable":true,"href":"https:\/\/conssanpaolo.esteri.it\/pt\/wp-json\/wp\/v2\/users\/6"}],"replies":[{"embeddable":true,"href":"https:\/\/conssanpaolo.esteri.it\/pt\/wp-json\/wp\/v2\/comments?post=8741"}],"version-history":[{"count":3,"href":"https:\/\/conssanpaolo.esteri.it\/pt\/wp-json\/wp\/v2\/pages\/8741\/revisions"}],"predecessor-version":[{"id":8755,"href":"https:\/\/conssanpaolo.esteri.it\/pt\/wp-json\/wp\/v2\/pages\/8741\/revisions\/8755"}],"up":[{"embeddable":true,"href":"https:\/\/conssanpaolo.esteri.it\/pt\/wp-json\/wp\/v2\/pages\/8732"}],"wp:attachment":[{"href":"https:\/\/conssanpaolo.esteri.it\/pt\/wp-json\/wp\/v2\/media?parent=8741"}],"curies":[{"name":"wp","href":"https:\/\/api.w.org\/{rel}","templated":true}]}}