{"id":872,"date":"2023-06-21T16:20:46","date_gmt":"2023-06-21T14:20:46","guid":{"rendered":"https:\/\/conssanpaolo.esteri.it\/servizi-consolari-e-visti\/servizi-per-il-cittadino-italiano\/passaporti\/e-possibile-aggiungere-sul-passaporto-il-cognome-che-ho-adottato-in-brasile-dopo-il-mio-matrimonio\/"},"modified":"2023-06-21T17:03:13","modified_gmt":"2023-06-21T15:03:13","slug":"e-possibile-aggiungere-sul-passaporto-il-cognome-che-ho-adottato-in-brasile-dopo-il-mio-matrimonio","status":"publish","type":"page","link":"https:\/\/conssanpaolo.esteri.it\/pt\/servizi-consolari-e-visti\/servizi-per-il-cittadino-italiano\/passaporti\/e-possibile-aggiungere-sul-passaporto-il-cognome-che-ho-adottato-in-brasile-dopo-il-mio-matrimonio\/","title":{"rendered":"Posso acrescentar em meu passaporte o sobrenome que adotei ap\u00f3s meu casamento?"},"content":{"rendered":"<p><strong>Posso acrescentar em meu passaporte o sobrenome que adotei ap\u00f3s meu casamento?<\/strong><\/p>\n<p>A altera\u00e7\u00e3o de sobrenome em virtude do casamento n\u00e3o \u00e9 reconhecida pelo ordenamento jur\u00eddico italiano. Desta forma, o sobrenome mant\u00e9m-se inalterado.<\/p>\n<p>Ap\u00f3s a conclus\u00e3o do registro da certid\u00e3o de casamento neste Consulado (maiores informa\u00e7\u00f5es\u00a0<a href=\"https:\/\/conssanpaolo.esteri.it\/pt\/servizi-consolari-e-visti\/servizi-per-il-cittadino-italiano\/stato-civile\/\">clique aqui<\/a>), \u00e9 poss\u00edvel incluir uma observa\u00e7\u00e3o, na p\u00e1gina 4 do passaporte, com o\u00a0<strong>sobrenome completo<\/strong> do c\u00f4njuge.<\/p>\n<p>Esta observa\u00e7\u00e3o pode ser solicitada no momento da emiss\u00e3o de um novo livreto de passaporte ou inclu\u00edda em seu passaporte j\u00e1 emitido, ap\u00f3s registro da certid\u00e3o.<\/p>\n","protected":false},"excerpt":{"rendered":"Posso acrescentar em meu passaporte o sobrenome que adotei ap\u00f3s meu casamento? A altera\u00e7\u00e3o de sobrenome em virtude do casamento n\u00e3o \u00e9 reconhecida pelo ordenamento jur\u00eddico italiano. Desta forma, o sobrenome mant\u00e9m-se inalterado. Ap\u00f3s a conclus\u00e3o do registro da certid\u00e3o de casamento neste Consulado (maiores informa\u00e7\u00f5es\u00a0clique aqui), \u00e9 poss\u00edvel incluir uma observa\u00e7\u00e3o, na p\u00e1gina 4 [&hellip;]","protected":false},"author":6,"featured_media":0,"parent":185,"menu_order":0,"comment_status":"closed","ping_status":"closed","template":"","meta":{"footnotes":""},"class_list":["post-872","page","type-page","status-publish","hentry"],"_links":{"self":[{"href":"https:\/\/conssanpaolo.esteri.it\/pt\/wp-json\/wp\/v2\/pages\/872","targetHints":{"allow":["GET"]}}],"collection":[{"href":"https:\/\/conssanpaolo.esteri.it\/pt\/wp-json\/wp\/v2\/pages"}],"about":[{"href":"https:\/\/conssanpaolo.esteri.it\/pt\/wp-json\/wp\/v2\/types\/page"}],"author":[{"embeddable":true,"href":"https:\/\/conssanpaolo.esteri.it\/pt\/wp-json\/wp\/v2\/users\/6"}],"replies":[{"embeddable":true,"href":"https:\/\/conssanpaolo.esteri.it\/pt\/wp-json\/wp\/v2\/comments?post=872"}],"version-history":[{"count":0,"href":"https:\/\/conssanpaolo.esteri.it\/pt\/wp-json\/wp\/v2\/pages\/872\/revisions"}],"up":[{"embeddable":true,"href":"https:\/\/conssanpaolo.esteri.it\/pt\/wp-json\/wp\/v2\/pages\/185"}],"wp:attachment":[{"href":"https:\/\/conssanpaolo.esteri.it\/pt\/wp-json\/wp\/v2\/media?parent=872"}],"curies":[{"name":"wp","href":"https:\/\/api.w.org\/{rel}","templated":true}]}}