{"id":860,"date":"2023-06-19T21:45:03","date_gmt":"2023-06-20T00:45:03","guid":{"rendered":"https:\/\/conssanpaolo.esteri.it\/servizi-consolari-e-visti\/servizi-per-il-cittadino-italiano\/anagrafe-degli-italiani-residenti-allestero-aire\/fast-it\/"},"modified":"2024-06-06T16:41:28","modified_gmt":"2024-06-06T19:41:28","slug":"fast-it","status":"publish","type":"page","link":"https:\/\/conssanpaolo.esteri.it\/pt\/servizi-consolari-e-visti\/servizi-per-il-cittadino-italiano\/anagrafe-degli-italiani-residenti-allestero-aire\/fast-it\/","title":{"rendered":"FAST IT"},"content":{"rendered":"<p>Nesta pagina ser\u00e1 poss\u00edvel encontrar as principais informa\u00e7\u00f5es para o correto uso do portal institucional <a href=\"https:\/\/serviziconsolari.esteri.it\/ScoFE\/index.sco\">FAST IT.<\/a><\/p>\n<p>Clique na op\u00e7\u00e3o desejada:<\/p>\n<ul>\n<li><a href=\"https:\/\/conssanpaolo.esteri.it\/pt\/servizi-consolari-e-visti\/servizi-per-il-cittadino-italiano\/anagrafe-degli-italiani-residenti-allestero-aire\/como-criar-sua-conta-no-portal-fast-it\/\">Por que \u00e9 fundamental usar o portal FAST IT e como criar sua conta<\/a><\/li>\n<li><a href=\"https:\/\/conssanpaolo.esteri.it\/ip\/servizi-consolari-e-visti\/servizi-per-il-cittadino-italiano\/anagrafe-degli-italiani-residenti-allestero-aire\/istruzioni-per-corretto-inserimento-dati-fast-it\/\"> Instru\u00e7\u00f5es para o correto preenchimento de dados no portal<\/a><\/li>\n<li><a href=\"https:\/\/conssanpaolo.esteri.it\/pt\/servizi-consolari-e-visti\/servizi-per-il-cittadino-italiano\/anagrafe-degli-italiani-residenti-allestero-aire\/associazione\/\">Instru\u00e7\u00f5es para a vincula\u00e7\u00e3o da sua conta\/login no portal FAST IT ao nosso banco de dados consular<\/a><\/li>\n<li><a href=\"https:\/\/conssanpaolo.esteri.it\/pt\/servizi-consolari-e-visti\/servizi-per-il-cittadino-italiano\/anagrafe-degli-italiani-residenti-allestero-aire\/fast-it\/modalita-per-la-richiesta-del-codice-fiscale-tramite-fast-it\/\">Solicita\u00e7\u00e3o do Codice Fiscale atrav\u00e9s do portal FAST IT<\/a><\/li>\n<\/ul>\n","protected":false},"excerpt":{"rendered":"Nesta pagina ser\u00e1 poss\u00edvel encontrar as principais informa\u00e7\u00f5es para o correto uso do portal institucional FAST IT. Clique na op\u00e7\u00e3o desejada: Por que \u00e9 fundamental usar o portal FAST IT e como criar sua conta Instru\u00e7\u00f5es para o correto preenchimento de dados no portal Instru\u00e7\u00f5es para a vincula\u00e7\u00e3o da sua conta\/login no portal FAST IT [&hellip;]","protected":false},"author":6,"featured_media":0,"parent":187,"menu_order":6,"comment_status":"closed","ping_status":"closed","template":"","meta":{"footnotes":""},"class_list":["post-860","page","type-page","status-publish","hentry"],"_links":{"self":[{"href":"https:\/\/conssanpaolo.esteri.it\/pt\/wp-json\/wp\/v2\/pages\/860","targetHints":{"allow":["GET"]}}],"collection":[{"href":"https:\/\/conssanpaolo.esteri.it\/pt\/wp-json\/wp\/v2\/pages"}],"about":[{"href":"https:\/\/conssanpaolo.esteri.it\/pt\/wp-json\/wp\/v2\/types\/page"}],"author":[{"embeddable":true,"href":"https:\/\/conssanpaolo.esteri.it\/pt\/wp-json\/wp\/v2\/users\/6"}],"replies":[{"embeddable":true,"href":"https:\/\/conssanpaolo.esteri.it\/pt\/wp-json\/wp\/v2\/comments?post=860"}],"version-history":[{"count":4,"href":"https:\/\/conssanpaolo.esteri.it\/pt\/wp-json\/wp\/v2\/pages\/860\/revisions"}],"predecessor-version":[{"id":4855,"href":"https:\/\/conssanpaolo.esteri.it\/pt\/wp-json\/wp\/v2\/pages\/860\/revisions\/4855"}],"up":[{"embeddable":true,"href":"https:\/\/conssanpaolo.esteri.it\/pt\/wp-json\/wp\/v2\/pages\/187"}],"wp:attachment":[{"href":"https:\/\/conssanpaolo.esteri.it\/pt\/wp-json\/wp\/v2\/media?parent=860"}],"curies":[{"name":"wp","href":"https:\/\/api.w.org\/{rel}","templated":true}]}}