{"id":8595,"date":"2025-07-28T15:08:07","date_gmt":"2025-07-28T18:08:07","guid":{"rendered":"https:\/\/conssanpaolo.esteri.it\/servizi-consolari-e-visti\/servizi-per-il-cittadino-straniero\/cittadinanza\/acquisto-citt-minori\/maggiorenni-minori-conversione-legge\/"},"modified":"2026-03-23T08:58:17","modified_gmt":"2026-03-23T11:58:17","slug":"maggiorenni-minori-conversione-legge","status":"publish","type":"page","link":"https:\/\/conssanpaolo.esteri.it\/pt\/servizi-consolari-e-visti\/servizi-per-il-cittadino-straniero\/cittadinanza\/acquisto-citt-minori\/maggiorenni-minori-conversione-legge\/","title":{"rendered":"Registro de filhos menores em 24\/05\/2025 que atingiram a maior idade"},"content":{"rendered":"<p>Com base na nova normativa, ter\u00e3o direito \u00e0 cidadania italiana os filhos de cidad\u00e3os italianos por nascimento que eram menores de idade na data de 24 de maio de 2025.<\/p>\n<p>O procedimento e os documentos exigidos para aqueles que eram menores em 24\/05 &#8211; mas que agora atingiram a maioridade &#8211; s\u00e3o diferentes daqueles aplic\u00e1veis ao registro de menores.<\/p>\n<p>De fato, dever\u00e1 ser o interessado (menor em 24\/05\/25 e agora maior de idade) a se apresentar para preencher e assinar a \u201cdichiarazione di volont\u00e0\u201d, mediante agendamento, pelo portal <a href=\"https:\/\/prenotami.esteri.it\/\">Prenot@mi.<\/a><\/p>\n<p>A documenta\u00e7\u00e3o abaixo dever\u00e1 ser apresentada no dia agendado,\u00a0<strong>completa e correta:<\/strong><\/p>\n<ul>\n<li><strong>Declara\u00e7\u00e3o substitutiva de certifica\u00e7\u00e3o.\u00a0<\/strong><strong><a href=\"https:\/\/conssanpaolo.esteri.it\/wp-content\/uploads\/2025\/07\/dichiarazione-sostitutiva-minore-alla-data-maggiorenne.pdf\">Clique aqui<\/a>\u00a0<\/strong><strong>para fazer o download.<\/strong><\/li>\n<li>Comprovante de resid\u00eancia.\u00a0<a href=\"https:\/\/conssanpaolo.esteri.it\/pt\/servizi-consolari-e-visti\/servizi-per-il-cittadino-italiano\/prove-di-residenza-accettate\/\"><strong>Clique aqui<\/strong><\/a>\u00a0e verifique quais s\u00e3o aceitos.<\/li>\n<li><strong>Documento de identidade <\/strong>(original e uma xerox simples. S\u00e3o aceitos: RG, carteira de identidade ou passaporte v\u00e1lido)<strong>.<\/strong><\/li>\n<li><strong>Certid\u00e3o de nascimento em segunda via ORIGINAL, em inteiro teor v\u00e1lido*, apostilado e traduzido por tradutor juramentado (a tradu\u00e7\u00e3o tamb\u00e9m deve ter apostila)<\/strong>. Caso o menor, agora maior, tenha nascido de pais n\u00e3o casados, ou, ainda, antes do casamento civil dos pais, <a href=\"https:\/\/conssanpaolo.esteri.it\/it\/servizi-consolari-e-visti\/servizi-per-il-cittadino-straniero\/cittadinanza\/minore-i-residente-i-in-questa-circoscrizione-consolare\/figli-nati-prima-o-fuori-dal-matrimonio\/\"><strong>clique aqui<\/strong>.<\/a><\/li>\n<\/ul>\n<p>Caso o genitor italiano n\u00e3o seja residente nesta circunscri\u00e7\u00e3o Consular, al\u00e9m da documenta\u00e7\u00e3o acima mencionada, ser\u00e1 necess\u00e1rio apresentar:<\/p>\n<ul>\n<li><strong>Certificado de cidadania em nome do genitor que possui cidadania italiana,<\/strong>\u00a0onde conste que \u00e9 cidad\u00e3o italiano desde o nascimento\/<em>per nascita<\/em>, emitido pelo Comune competente pela inscri\u00e7\u00e3o AIRE ou pelo Consulado competente pelo local de resid\u00eancia.<\/li>\n<\/ul>\n<p>* Durante o per\u00edodo de transi\u00e7\u00e3o ser\u00e3o aceitos documentos emitidos a partir de janeiro 2025, desde que completos e corretos.<\/p>\n<p><strong>N.B<\/strong>\u00a0\u2013\u00a0N\u00e3o ser\u00e3o aceitas tradu\u00e7\u00f5es juramentadas assinadas digitalmente, nem apostilas digitais ou assinadas digitalmente em certid\u00f5es ou tradu\u00e7\u00f5es.<\/p>\n","protected":false},"excerpt":{"rendered":"Com base na nova normativa, ter\u00e3o direito \u00e0 cidadania italiana os filhos de cidad\u00e3os italianos por nascimento que eram menores de idade na data de 24 de maio de 2025. O procedimento e os documentos exigidos para aqueles que eram menores em 24\/05 &#8211; mas que agora atingiram a maioridade &#8211; s\u00e3o diferentes daqueles aplic\u00e1veis [&hellip;]","protected":false},"author":6,"featured_media":0,"parent":7865,"menu_order":0,"comment_status":"closed","ping_status":"closed","template":"","meta":{"footnotes":""},"class_list":["post-8595","page","type-page","status-publish","hentry"],"_links":{"self":[{"href":"https:\/\/conssanpaolo.esteri.it\/pt\/wp-json\/wp\/v2\/pages\/8595","targetHints":{"allow":["GET"]}}],"collection":[{"href":"https:\/\/conssanpaolo.esteri.it\/pt\/wp-json\/wp\/v2\/pages"}],"about":[{"href":"https:\/\/conssanpaolo.esteri.it\/pt\/wp-json\/wp\/v2\/types\/page"}],"author":[{"embeddable":true,"href":"https:\/\/conssanpaolo.esteri.it\/pt\/wp-json\/wp\/v2\/users\/6"}],"replies":[{"embeddable":true,"href":"https:\/\/conssanpaolo.esteri.it\/pt\/wp-json\/wp\/v2\/comments?post=8595"}],"version-history":[{"count":3,"href":"https:\/\/conssanpaolo.esteri.it\/pt\/wp-json\/wp\/v2\/pages\/8595\/revisions"}],"predecessor-version":[{"id":10384,"href":"https:\/\/conssanpaolo.esteri.it\/pt\/wp-json\/wp\/v2\/pages\/8595\/revisions\/10384"}],"up":[{"embeddable":true,"href":"https:\/\/conssanpaolo.esteri.it\/pt\/wp-json\/wp\/v2\/pages\/7865"}],"wp:attachment":[{"href":"https:\/\/conssanpaolo.esteri.it\/pt\/wp-json\/wp\/v2\/media?parent=8595"}],"curies":[{"name":"wp","href":"https:\/\/api.w.org\/{rel}","templated":true}]}}