{"id":8517,"date":"2025-07-25T16:03:12","date_gmt":"2025-07-25T19:03:12","guid":{"rendered":"https:\/\/conssanpaolo.esteri.it\/servizi-consolari-e-visti\/servizi-per-il-cittadino-straniero\/cittadinanza\/acquisto-citt-minori\/menores-jure-sanguinis\/minore-residente-con-genitore-straniero\/"},"modified":"2025-08-06T11:54:08","modified_gmt":"2025-08-06T14:54:08","slug":"minore-residente-con-genitore-straniero","status":"publish","type":"page","link":"https:\/\/conssanpaolo.esteri.it\/pt\/servizi-consolari-e-visti\/servizi-per-il-cittadino-straniero\/cittadinanza\/acquisto-citt-minori\/menores-jure-sanguinis\/minore-residente-con-genitore-straniero\/","title":{"rendered":"Minore Residente con Genitore Straniero"},"content":{"rendered":"<p>Se o menor <em data-start=\"11\" data-end=\"27\">jure sanguinis<\/em> reside com o genitor estrangeiro, ser\u00e1 necess\u00e1rio apresentar, al\u00e9m dos documentos aqui listados, a seguinte documenta\u00e7\u00e3o::<\/p>\n<ul>\n<li><strong>Declara\u00e7\u00e3o substitutiva <\/strong>(<a href=\"https:\/\/conssanpaolo.esteri.it\/wp-content\/uploads\/2025\/08\/dichiarazione-sostitutiva-figli-residenti.pdf\">clique aqui<\/a> para baix\u00e1-la) preenchida pelo genitor estrangeiro e assinada por ambos os genitores.<\/li>\n<li><strong>Declara\u00e7\u00e3o substitutiva de certifica\u00e7\u00e3o, devidamente preenchida pelo genitor italiano e assinada por ambos os genitores do menor. <\/strong><a href=\"https:\/\/conssanpaolo.esteri.it\/wp-content\/uploads\/2025\/07\/nuova-dichiarazione-trascrizione-nascite.pdf\">Clique aqui<\/a> <strong>para baix\u00e1-la.<\/strong><\/li>\n<li>C\u00f3pia simples de um documento de identidade v\u00e1lido do genitor estrangeiro (passaporte brasileiro, RG, CIN, carteira de identidade ou CNH);<\/li>\n<li>Comprovante de resid\u00eancia recente em nome do genitor estrangeiro. <a href=\"https:\/\/conssanpaolo.esteri.it\/pt\/servizi-consolari-e-visti\/servizi-per-il-cittadino-italiano\/prove-di-residenza-accettate\/\"><span style=\"text-decoration: underline;\"><strong>Clique aqui<\/strong><\/span><\/a> para verificar quais s\u00e3o os comprovantes aceitos;<\/li>\n<li>Caso o genitor italiano n\u00e3o esteja inscrito no AIRE neste Consulado, ser\u00e1 tamb\u00e9m necess\u00e1rio apresentar o &#8216;Certificato di Cittadinanza&#8217; com refer\u00eancia \u00e0 cidadania <em>per nascita<\/em>, original em nome do genitor italiano, emitido pelo Consulado ou Comune competente, e anexar um documento de identidade v\u00e1lido referente ao local de resid\u00eancia do cidad\u00e3o italiano (caso ele n\u00e3o resida no Brasil e n\u00e3o possua R.N.E.);<\/li>\n<\/ul>\n","protected":false},"excerpt":{"rendered":"Se o menor jure sanguinis reside com o genitor estrangeiro, ser\u00e1 necess\u00e1rio apresentar, al\u00e9m dos documentos aqui listados, a seguinte documenta\u00e7\u00e3o:: Declara\u00e7\u00e3o substitutiva (clique aqui para baix\u00e1-la) preenchida pelo genitor estrangeiro e assinada por ambos os genitores. Declara\u00e7\u00e3o substitutiva de certifica\u00e7\u00e3o, devidamente preenchida pelo genitor italiano e assinada por ambos os genitores do menor. Clique [&hellip;]","protected":false},"author":6,"featured_media":0,"parent":8028,"menu_order":0,"comment_status":"closed","ping_status":"closed","template":"","meta":{"footnotes":""},"class_list":["post-8517","page","type-page","status-publish","hentry"],"_links":{"self":[{"href":"https:\/\/conssanpaolo.esteri.it\/pt\/wp-json\/wp\/v2\/pages\/8517","targetHints":{"allow":["GET"]}}],"collection":[{"href":"https:\/\/conssanpaolo.esteri.it\/pt\/wp-json\/wp\/v2\/pages"}],"about":[{"href":"https:\/\/conssanpaolo.esteri.it\/pt\/wp-json\/wp\/v2\/types\/page"}],"author":[{"embeddable":true,"href":"https:\/\/conssanpaolo.esteri.it\/pt\/wp-json\/wp\/v2\/users\/6"}],"replies":[{"embeddable":true,"href":"https:\/\/conssanpaolo.esteri.it\/pt\/wp-json\/wp\/v2\/comments?post=8517"}],"version-history":[{"count":4,"href":"https:\/\/conssanpaolo.esteri.it\/pt\/wp-json\/wp\/v2\/pages\/8517\/revisions"}],"predecessor-version":[{"id":8780,"href":"https:\/\/conssanpaolo.esteri.it\/pt\/wp-json\/wp\/v2\/pages\/8517\/revisions\/8780"}],"up":[{"embeddable":true,"href":"https:\/\/conssanpaolo.esteri.it\/pt\/wp-json\/wp\/v2\/pages\/8028"}],"wp:attachment":[{"href":"https:\/\/conssanpaolo.esteri.it\/pt\/wp-json\/wp\/v2\/media?parent=8517"}],"curies":[{"name":"wp","href":"https:\/\/api.w.org\/{rel}","templated":true}]}}