{"id":8465,"date":"2025-07-25T12:30:11","date_gmt":"2025-07-25T15:30:11","guid":{"rendered":""},"modified":"2025-07-25T12:39:57","modified_gmt":"2025-07-25T15:39:57","slug":"figli-riconosciuti-in-via-amministrativa-o-giudiziale","status":"publish","type":"page","link":"https:\/\/conssanpaolo.esteri.it\/pt\/servizi-consolari-e-visti\/servizi-per-il-cittadino-straniero\/cittadinanza\/acquisto-citt-minori\/minore-i-residente-i-in-questa-circoscrizione-consolare\/figli-nati-prima-o-fuori-dal-matrimonio\/figli-riconosciuti-in-via-amministrativa-o-giudiziale\/","title":{"rendered":"Figli riconosciuti in via amministrativa o giudiziale"},"content":{"rendered":"<p>As\u00a0<strong>senten\u00e7as de reconhecimento de paternidade<\/strong>\u00a0devem ser apresentadas ao Consulado italiano do local de emiss\u00e3o da senten\u00e7a: portanto, se foram emitidas num outro pa\u00eds, \u00e9 necessario entrar em contato com o Consulado competente daquele pa\u00eds.<\/p>\n<p>Caso o\u00a0<strong>reconhecimento de paternidade<\/strong>\u00a0por parte do\u00a0<strong>genitor italiano<\/strong>\u00a0seja o resultado de um processo<strong>\u00a0administrativo<\/strong>\u00a0ou\u00a0<strong>judicial<\/strong>, para registrar o\u00a0<strong>filho reconhecido<\/strong>\u00a0no\u00a0<strong>Registro Civil italiano<\/strong>\u00a0o\u00a0<strong>genitor italiano<\/strong>\u00a0<strong>residente nesta circunscri\u00e7\u00e3o consular<\/strong>\u00a0e\u00a0<strong>regularmente inscrito no AIRE<\/strong> deve apresentar a documenta\u00e7\u00e3o abaixo especificada <span style=\"color: #ff0000;\"><strong>al\u00e9m da documenta\u00e7\u00e3o determinada pela modalidade de reconhecimento da cidadania do menor (benef\u00edcio de lei ou jure sanguinis).<\/strong><\/span><\/p>\n<header class=\"entry-header\">\n<h4 class=\"entry-title h3\">Reconhecimento de paternidade por via administrativa<\/h4>\n<ul>\n<li><strong>segunda via<\/strong>\u00a0<strong>original\u00a0<\/strong>do\u00a0<strong>reconhecimento de paternidade administrativo<\/strong>\u00a0feito em um Cart\u00f3rio de Registro Civil com\u00a0<strong>Apostila<\/strong><strong>\u00a0<\/strong>e\u00a0<strong>tradu\u00e7\u00e3o juramentada para o italiano<\/strong>, tamb\u00e9m com\u00a0<strong>Apostila<\/strong><\/li>\n<\/ul>\n<header class=\"entry-header\">\n<header class=\"entry-header\">\n<h4 class=\"entry-title h3\">Reconhecimento de paternidade por via judicial<\/h4>\n<\/header>\n<div class=\"entry-content\">\n<ul>\n<li><strong>Segunda via do processo de reconhecimento de paternidade <\/strong>com\u00a0<strong>Apostila<\/strong>\u00a0e\u00a0<strong>tradu\u00e7\u00e3o juramentada para o italiano<\/strong>\u00a0tamb\u00e9m com<strong>\u00a0<\/strong><strong>Apostila<\/strong>; \u00e9 necess\u00e1rio apresentar <u>n\u00e3o somente a senten\u00e7a de reconhecimento de paternidade, mas <strong>todas as partes principais do processo<\/strong><\/u>: a)\u00a0<strong>Peti\u00e7\u00e3o inicial<\/strong>, b)\u00a0<strong>Ata de Instru\u00e7\u00e3o<\/strong>\u00a0<strong>e Julgamento<\/strong>, c)\u00a0<strong>Senten\u00e7a<\/strong>, d)\u00a0<strong>tr\u00e2nsito em julgado<\/strong>\u00a0(trata-se geralmente de um carimbo nas \u00faltimas p\u00e1ginas do processo); todas as\u00a0<strong>c\u00f3pias<\/strong> devem conter, em cada p\u00e1gina, e men\u00e7\u00e3o \u201c<em>c\u00f3pia extra\u00edda do Tribunal de Justi\u00e7a de\u2026<\/em>\u201d ou o carimbo original de autentica\u00e7\u00e3o do pr\u00f3prio Tribunal; \u00e9 poss\u00edvel colocar uma s\u00f3 Apostila com os dizeres <em>\u201cautos do processo\u201d<\/em> \u00e1 c\u00f3pia do processo e uma s\u00f3 Apostila na tradu\u00e7\u00e3o juramentada da c\u00f3pia do processo;<\/li>\n<li><strong>Certid\u00e3o de <em>Objeto e p\u00e9<\/em><\/strong>\u00a0com\u00a0<strong>Apostila<\/strong>\u00a0e\u00a0<strong>tradu\u00e7\u00e3o juramentada para o italiano<\/strong>\u00a0tamb\u00e9m com<strong>\u00a0<\/strong><strong>Apostila;<\/strong><\/li>\n<li>Formul\u00e1rio <a href=\"https:\/\/conssanpaolo.esteri.it\/wp-content\/uploads\/2023\/09\/6-Dich.-Sost.-Atto-Notorio-Riconoscimento-paternita.pdf\"><strong><em>Dichiarazione sostitutiva di Atto Notorio \u2013 Riconoscimento di paternit\u00e1<\/em><\/strong><\/a>\u00a0preenchido e assinado pelo\u00a0<strong>genitor italiano;<\/strong><\/li>\n<\/ul>\n<\/div>\n<\/header>\n<div class=\"entry-content\"><\/div>\n<\/header>\n<div class=\"entry-content\"><\/div>\n","protected":false},"excerpt":{"rendered":"As\u00a0senten\u00e7as de reconhecimento de paternidade\u00a0devem ser apresentadas ao Consulado italiano do local de emiss\u00e3o da senten\u00e7a: portanto, se foram emitidas num outro pa\u00eds, \u00e9 necessario entrar em contato com o Consulado competente daquele pa\u00eds. Caso o\u00a0reconhecimento de paternidade\u00a0por parte do\u00a0genitor italiano\u00a0seja o resultado de um processo\u00a0administrativo\u00a0ou\u00a0judicial, para registrar o\u00a0filho reconhecido\u00a0no\u00a0Registro Civil italiano\u00a0o\u00a0genitor italiano\u00a0residente nesta circunscri\u00e7\u00e3o [&hellip;]","protected":false},"author":6,"featured_media":0,"parent":8252,"menu_order":0,"comment_status":"closed","ping_status":"closed","template":"","meta":{"footnotes":""},"class_list":["post-8465","page","type-page","status-publish","hentry"],"_links":{"self":[{"href":"https:\/\/conssanpaolo.esteri.it\/pt\/wp-json\/wp\/v2\/pages\/8465","targetHints":{"allow":["GET"]}}],"collection":[{"href":"https:\/\/conssanpaolo.esteri.it\/pt\/wp-json\/wp\/v2\/pages"}],"about":[{"href":"https:\/\/conssanpaolo.esteri.it\/pt\/wp-json\/wp\/v2\/types\/page"}],"author":[{"embeddable":true,"href":"https:\/\/conssanpaolo.esteri.it\/pt\/wp-json\/wp\/v2\/users\/6"}],"replies":[{"embeddable":true,"href":"https:\/\/conssanpaolo.esteri.it\/pt\/wp-json\/wp\/v2\/comments?post=8465"}],"version-history":[{"count":2,"href":"https:\/\/conssanpaolo.esteri.it\/pt\/wp-json\/wp\/v2\/pages\/8465\/revisions"}],"predecessor-version":[{"id":8467,"href":"https:\/\/conssanpaolo.esteri.it\/pt\/wp-json\/wp\/v2\/pages\/8465\/revisions\/8467"}],"up":[{"embeddable":true,"href":"https:\/\/conssanpaolo.esteri.it\/pt\/wp-json\/wp\/v2\/pages\/8252"}],"wp:attachment":[{"href":"https:\/\/conssanpaolo.esteri.it\/pt\/wp-json\/wp\/v2\/media?parent=8465"}],"curies":[{"name":"wp","href":"https:\/\/api.w.org\/{rel}","templated":true}]}}