{"id":843,"date":"2023-06-19T20:21:53","date_gmt":"2023-06-19T18:21:53","guid":{"rendered":"https:\/\/conssanpaolo.esteri.it\/servizi-consolari-e-visti\/servizi-per-il-cittadino-italiano\/passaporti\/documentazione-da-presentare-nel-giorno-fissato\/foto-per-il-passaporto\/"},"modified":"2023-06-19T20:51:33","modified_gmt":"2023-06-19T18:51:33","slug":"foto-per-il-passaporto","status":"publish","type":"page","link":"https:\/\/conssanpaolo.esteri.it\/pt\/servizi-consolari-e-visti\/servizi-per-il-cittadino-italiano\/passaporti\/documentazione-da-presentare-nel-giorno-fissato\/foto-per-il-passaporto\/","title":{"rendered":"Foto per il passaporto"},"content":{"rendered":"<p style=\"text-align: center;\"><strong>FOTO PARA O PASSAPORTE<\/strong><\/p>\n<p>O passaporte eletr\u00f4nico possui caracter\u00edsticas tecnol\u00f3gicas espec\u00edficas e exig\u00eancias muito r\u00edgidas no que diz respeito \u00e0 foto do titular.<\/p>\n<p>Podem ser aceitas SOMENTE e EXCLUSIVAMENTE fotografias que seguem as normativas ICAO.<\/p>\n<p><a href=\"https:\/\/conssanpaolo.esteri.it\/wp-content\/uploads\/2023\/06\/fotografia_passaporto_web.pdf\"><strong>Clique AQUI<\/strong><\/a>\u00a0para ver exemplos de fotos.<\/p>\n<p>A foto deve ter as seguintes caracter\u00edsticas:<\/p>\n<p>\u00b7 O tamanho deve ser 3,5 x 4,5 cm;<\/p>\n<p>\u00b7 Recente (n\u00e3o mais de 6 meses);<\/p>\n<p>\u00b7 Colorida;<\/p>\n<p>\u00b7 A pessoa fotografada deve ter uma express\u00e3o neutra e manter a boca fechada;<\/p>\n<p>\u00b7 Os olhos devem estar abertos e bem vis\u00edveis;<\/p>\n<p>\u00b7 Fundo branco e ilumina\u00e7\u00e3o uniforme;<\/p>\n<p>\u00b7 N\u00e3o pode haver reflexo de flash no rosto e nem olhos vermelhos;<\/p>\n<p>\u00b7 O rosto deve cobrir 70-80% da foto desde o queixo at\u00e9 a testa;<\/p>\n<p>\u00b7 O olhar deve estar diretamente direcionado \u00e0 m\u00e1quina;<\/p>\n<p>\u00b7 A impress\u00e3o da foto deve ser de alta qualidade e alta defini\u00e7\u00e3o;<\/p>\n<p>\u00b7 O rosto deve estar centralizado e n\u00e3o de perfil;<\/p>\n<p>\u00b7 A foto deve mostrar a pessoa sozinha, sem nenhum objeto nem pessoas ao fundo.<\/p>\n<p><em><strong>ADVERT\u00caNCIAS para quem faz a foto com \u00f3culos de grau:<\/strong><\/em><\/p>\n<p>\u00b7 A foto deve mostrar claramente os olhos e n\u00e3o pode haver nenhum reflexo de flash nas lentes;<\/p>\n<p>\u00b7 As lentes dos \u00f3culos n\u00e3o podem ser coloridas;<\/p>\n<p>\u00b7 A arma\u00e7\u00e3o dos \u00f3culos n\u00e3o pode ser grande e n\u00e3o pode cobrir os olhos.<\/p>\n<p>&nbsp;<\/p>\n","protected":false},"excerpt":{"rendered":"FOTO PARA O PASSAPORTE O passaporte eletr\u00f4nico possui caracter\u00edsticas tecnol\u00f3gicas espec\u00edficas e exig\u00eancias muito r\u00edgidas no que diz respeito \u00e0 foto do titular. Podem ser aceitas SOMENTE e EXCLUSIVAMENTE fotografias que seguem as normativas ICAO. Clique AQUI\u00a0para ver exemplos de fotos. A foto deve ter as seguintes caracter\u00edsticas: \u00b7 O tamanho deve ser 3,5 x [&hellip;]","protected":false},"author":6,"featured_media":0,"parent":786,"menu_order":0,"comment_status":"closed","ping_status":"closed","template":"","meta":{"footnotes":""},"class_list":["post-843","page","type-page","status-publish","hentry"],"_links":{"self":[{"href":"https:\/\/conssanpaolo.esteri.it\/pt\/wp-json\/wp\/v2\/pages\/843","targetHints":{"allow":["GET"]}}],"collection":[{"href":"https:\/\/conssanpaolo.esteri.it\/pt\/wp-json\/wp\/v2\/pages"}],"about":[{"href":"https:\/\/conssanpaolo.esteri.it\/pt\/wp-json\/wp\/v2\/types\/page"}],"author":[{"embeddable":true,"href":"https:\/\/conssanpaolo.esteri.it\/pt\/wp-json\/wp\/v2\/users\/6"}],"replies":[{"embeddable":true,"href":"https:\/\/conssanpaolo.esteri.it\/pt\/wp-json\/wp\/v2\/comments?post=843"}],"version-history":[{"count":0,"href":"https:\/\/conssanpaolo.esteri.it\/pt\/wp-json\/wp\/v2\/pages\/843\/revisions"}],"up":[{"embeddable":true,"href":"https:\/\/conssanpaolo.esteri.it\/pt\/wp-json\/wp\/v2\/pages\/786"}],"wp:attachment":[{"href":"https:\/\/conssanpaolo.esteri.it\/pt\/wp-json\/wp\/v2\/media?parent=843"}],"curies":[{"name":"wp","href":"https:\/\/api.w.org\/{rel}","templated":true}]}}