{"id":834,"date":"2023-06-19T19:51:03","date_gmt":"2023-06-19T22:51:03","guid":{"rendered":"https:\/\/conssanpaolo.esteri.it\/servizi-consolari-e-visti\/servizi-per-il-cittadino-italiano\/passaporti\/modalita-di-prenotazione-tramite-il-portale-prenotmi\/"},"modified":"2025-07-11T16:25:12","modified_gmt":"2025-07-11T19:25:12","slug":"modalita-di-prenotazione-tramite-il-portale-prenotmi","status":"publish","type":"page","link":"https:\/\/conssanpaolo.esteri.it\/pt\/servizi-consolari-e-visti\/servizi-per-il-cittadino-italiano\/passaporti\/modalita-di-prenotazione-tramite-il-portale-prenotmi\/","title":{"rendered":"Agendamento pelo portal &#8220;PRENOT@MI&#8221;"},"content":{"rendered":"<p>As vagas para agendamento de passaporte ser\u00e3o colocadas \u00e0 disposi\u00e7\u00e3o SEMANALMENTE, no portal <strong><a title=\"Clique para acessar o portal\" href=\"https:\/\/prenotami.esteri.it\/\">Prenot@mi<\/a><\/strong>, tanto para a modalidade &#8216;primeiro passaporte&#8217; como para a modalidade &#8216;renova\u00e7\u00e3o&#8217;.<\/p>\n<p>Para ler o informativo na \u00edntegra clique <a href=\"https:\/\/conssanpaolo.esteri.it\/it\/news\/dal_consolato\/2025\/07\/8171\/\"><strong><span style=\"text-decoration: underline;\">AQUI<\/span><\/strong><\/a>.<\/p>\n<hr \/>\n<p>Este Consulado Geral oferece um canal de agendamento adicional dedicado \u00e0queles que precisam \u201c<strong>renovar<\/strong>\u201d seu passaporte.<\/p>\n<p>Essa categoria inclui:<\/p>\n<p>&#8211; Todos os que possuem um passaporte italiano, vencido ou a vencer (no m\u00e1ximo nos pr\u00f3ximos <strong>12 meses<\/strong>);<br \/>\n&#8211; Eventuais filhos menores (mesmo que nunca tenham tido um passaporte. Exce\u00e7\u00e3o a filhos maiores, at\u00e9 25 anos, que integrem o n\u00facleo familiar do genitor).<\/p>\n<p>Para acessar o calend\u00e1rio na modalidade \u201cRENOVA\u00c7\u00c3O\u201d por meio do portal <strong><a title=\"Clique para acessar o portal\" href=\"https:\/\/prenotami.esteri.it\/\">Prenot@mi<\/a><\/strong>, ser\u00e1 necess\u00e1rio anexar uma c\u00f3pia do seu passaporte (vencido ou a vencer). Em caso de roubo ou perda, \u00e9 necess\u00e1rio anexar o correspondente B.O (boletim de ocorr\u00eancia policial).<\/p>\n<p>Observa\u00e7\u00e3o: embora a modalidade seja denominada RENOVA\u00c7\u00d5ES, os cidad\u00e3os que tiverem um passaporte vencido ou expirado receber\u00e3o um NOVO livreto de passaporte.<\/p>\n<p>Ser\u00e3o <span style=\"text-decoration: underline;\"><strong>CANCELADOS<\/strong> <\/span>eventuais agendamentos:<\/p>\n<ul>\n<li>nos quais n\u00e3o for anexado o arquivo com o passaporte italiano vencido ou o B.O de extravio\/roubo do mesmo;<\/li>\n<li>passaporte com validade superior a 12 meses.<\/li>\n<li>m\u00faltiplos que incluam filhos maiores de 25 anos.<\/li>\n<\/ul>\n<p>Caso possua um passaporte com todas as p\u00e1ginas ocupadas entre em contato, enviando o documento escaneado, ao e-mail: <a href=\"mailto:sanpaolo.urgenzapassaporti@esteri.it\"><span style=\"text-decoration: underline;\"><strong>sanpaolo.urgenzapassaporti@esteri.it<\/strong><\/span><\/a><\/p>\n<p>&nbsp;<\/p>\n<hr \/>\n<p>Para agendar a emiss\u00e3o de seu passaporte baixe o <a href=\"https:\/\/conssanpaolo.esteri.it\/wp-content\/uploads\/2023\/06\/manuale_cittadino_prenotami.pdf\"><strong>MANUAL DE INSTRU\u00c7\u00c3O<\/strong><\/a> e registre-se no portal <strong><a title=\"Clique para acessar o portal\" href=\"https:\/\/prenotami.esteri.it\/\">Prenot@mi.<\/a><\/strong><\/p>\n<p>O Consulado verificar\u00e1 os dados cadastrais e a relativa situa\u00e7\u00e3o cadastral, informando sobre eventuais impedimentos que possam levar ao cancelamento do agendamento (como por ex. diverg\u00eancias no cadastro), com notifica\u00e7\u00e3o pr\u00e9via ao interessado.<\/p>\n<p>&nbsp;<\/p>\n<p>Informamos que o sistema\u00a0<strong>N\u00c3O\u00a0<\/strong>permite a anula\u00e7\u00e3o do agendamento por parte do usu\u00e1rio.<\/p>\n<p><strong>Agendamentos m\u00faltiplos<\/strong> podem ser feitos para o mesmo n\u00facleo familiar (c\u00f4njuges\/filhos menores &#8211; com exce\u00e7\u00e3o para os filhos maiores &#8211; at\u00e9 25 anos &#8211; que residam com os pais).<\/p>\n<p>&nbsp;<\/p>\n<p>Confira gentilmente a\u00a0<a href=\"https:\/\/conssanpaolo.esteri.it\/pt\/servizi-consolari-e-visti\/servizi-per-il-cittadino-italiano\/passaporti\/documentazione-da-presentare-nel-giorno-fissato\/\"><strong>LISTA DOS DO<\/strong><strong>CUMENTOS<\/strong><\/a>\u00a0a serem entregues durante o atendimento no dia agendado.<\/p>\n<p>Lembramos que durante o atendimento no dia agendado ser\u00e1 necess\u00e1rio apresentar os originais de toda a documenta\u00e7\u00e3o solicitada. Na falta da mesma n\u00e3o ser\u00e1 poss\u00edvel proceder com a emiss\u00e3o do passaporte.<\/p>\n<p>&nbsp;<\/p>\n<p>Comprovadas urg\u00eancias s\u00e3o avaliadas conforme orienta\u00e7\u00f5es presentes <span style=\"text-decoration: underline;\"><strong><a href=\"https:\/\/conssanpaolo.esteri.it\/pt\/news\/dal_consolato\/2023\/07\/nuova-email-per-richieste-urgenti-passaporti\/\">aqui<\/a><\/strong><\/span>.<\/p>\n","protected":false},"excerpt":{"rendered":"As vagas para agendamento de passaporte ser\u00e3o colocadas \u00e0 disposi\u00e7\u00e3o SEMANALMENTE, no portal Prenot@mi, tanto para a modalidade &#8216;primeiro passaporte&#8217; como para a modalidade &#8216;renova\u00e7\u00e3o&#8217;. Para ler o informativo na \u00edntegra clique AQUI. Este Consulado Geral oferece um canal de agendamento adicional dedicado \u00e0queles que precisam \u201crenovar\u201d seu passaporte. Essa categoria inclui: &#8211; Todos os [&hellip;]","protected":false},"author":6,"featured_media":0,"parent":185,"menu_order":2,"comment_status":"closed","ping_status":"closed","template":"","meta":{"footnotes":""},"class_list":["post-834","page","type-page","status-publish","hentry"],"_links":{"self":[{"href":"https:\/\/conssanpaolo.esteri.it\/pt\/wp-json\/wp\/v2\/pages\/834","targetHints":{"allow":["GET"]}}],"collection":[{"href":"https:\/\/conssanpaolo.esteri.it\/pt\/wp-json\/wp\/v2\/pages"}],"about":[{"href":"https:\/\/conssanpaolo.esteri.it\/pt\/wp-json\/wp\/v2\/types\/page"}],"author":[{"embeddable":true,"href":"https:\/\/conssanpaolo.esteri.it\/pt\/wp-json\/wp\/v2\/users\/6"}],"replies":[{"embeddable":true,"href":"https:\/\/conssanpaolo.esteri.it\/pt\/wp-json\/wp\/v2\/comments?post=834"}],"version-history":[{"count":6,"href":"https:\/\/conssanpaolo.esteri.it\/pt\/wp-json\/wp\/v2\/pages\/834\/revisions"}],"predecessor-version":[{"id":8185,"href":"https:\/\/conssanpaolo.esteri.it\/pt\/wp-json\/wp\/v2\/pages\/834\/revisions\/8185"}],"up":[{"embeddable":true,"href":"https:\/\/conssanpaolo.esteri.it\/pt\/wp-json\/wp\/v2\/pages\/185"}],"wp:attachment":[{"href":"https:\/\/conssanpaolo.esteri.it\/pt\/wp-json\/wp\/v2\/media?parent=834"}],"curies":[{"name":"wp","href":"https:\/\/api.w.org\/{rel}","templated":true}]}}