{"id":8312,"date":"2025-07-18T13:32:17","date_gmt":"2025-07-18T16:32:17","guid":{"rendered":"https:\/\/conssanpaolo.esteri.it\/servizi-consolari-e-visti\/servizi-per-il-cittadino-straniero\/cittadinanza\/minore-i-non-residente-i-in-questa-circoscrizione-consolare\/"},"modified":"2026-01-08T10:24:28","modified_gmt":"2026-01-08T13:24:28","slug":"minore-i-non-residente-i-in-questa-circoscrizione-consolare","status":"publish","type":"page","link":"https:\/\/conssanpaolo.esteri.it\/pt\/servizi-consolari-e-visti\/servizi-per-il-cittadino-straniero\/cittadinanza\/acquisto-citt-minori\/minore-i-non-residente-i-in-questa-circoscrizione-consolare\/","title":{"rendered":"Menor N\u00c3O residente nesta circunscri\u00e7\u00e3o consular"},"content":{"rendered":"<p data-start=\"0\" data-end=\"346\">Se o menor n\u00e3o for residente nesta circunscri\u00e7\u00e3o consular, mas um dos genitores sim, a declara\u00e7\u00e3o de vontade desse genitor poder\u00e1 ser feita neste Consulado Geral. Nesse caso, o reconhecimento da cidadania dever\u00e1, de todo modo, ser realizado pelo Consulado competente pelo local de resid\u00eancia do menor, ao qual enviaremos a declara\u00e7\u00e3o feita aqui.<\/p>\n<p data-start=\"348\" data-end=\"545\">Nesse sentido, o genitor residente nesta circunscri\u00e7\u00e3o (seja italiano ou estrangeiro) dever\u00e1, obrigatoriamente, agendar um hor\u00e1rio por meio do portal <strong><a href=\"https:\/\/prenotami.esteri.it\/\">Prenot@mi<\/a><\/strong> e apresentar os seguintes documentos:<\/p>\n<ul>\n<li data-start=\"547\" data-end=\"1698\"><strong>Declara\u00e7\u00e3o substitutiva de certifica\u00e7\u00e3o,<\/strong> preenchida e assinada por ambos os pais. <a href=\"https:\/\/conssanpaolo.esteri.it\/wp-content\/uploads\/2025\/07\/dichiarazione-sostitutiva-figli-NON-residenti.pdf\"><span style=\"text-decoration: underline;\"><strong>Clique aqui<\/strong><\/span><\/a> para fazer o download.<\/li>\n<li data-start=\"547\" data-end=\"1698\"><strong>Comprovante de resid\u00eancia do genitor<\/strong> declarante. <span style=\"text-decoration: underline;\"><strong><a href=\"https:\/\/conssanpaolo.esteri.it\/pt\/servizi-consolari-e-visti\/servizi-per-il-cittadino-italiano\/prove-di-residenza-accettate\/\">Clique aqui<\/a><\/strong><\/span> e verifique quais s\u00e3o aceitos.<\/li>\n<li data-start=\"547\" data-end=\"1698\">Comprovante de resid\u00eancia do genitor com quem reside o menor (em outra circunscri\u00e7\u00e3o). <span style=\"text-decoration: underline;\"><strong><a href=\"https:\/\/conssanpaolo.esteri.it\/pt\/servizi-consolari-e-visti\/servizi-per-il-cittadino-italiano\/prove-di-residenza-accettate\/\">Clique aqui<\/a><\/strong><\/span> e verifique quais s\u00e3o aceitos.<\/li>\n<li data-start=\"547\" data-end=\"1698\"><strong>Documento de identidade<\/strong> (original e uma fotoc\u00f3pia. S\u00e3o aceitos: RG, carteira de identidade italiana ou passaporte v\u00e1lido; para o genitor italiano, \u00e9 prefer\u00edvel o passaporte italiano) <strong>do genitor declarante.<\/strong><\/li>\n<li data-start=\"547\" data-end=\"1698\"><strong>C\u00f3pia do documento de identidade do outro genitor<\/strong> e do <strong>menor<\/strong> (s\u00e3o aceitos: RG, carteira de identidade italiana ou passaporte v\u00e1lido; para o genitor italiano, \u00e9 prefer\u00edvel o passaporte italiano).<\/li>\n<li data-start=\"547\" data-end=\"1698\"><strong>C\u00f3pia simples da certid\u00e3o de nascimento do menor.<\/strong> Este documento n\u00e3o dever\u00e1 ser traduzido nem apostilado.<\/li>\n<li data-start=\"547\" data-end=\"1698\"><strong>Certificado de cidadania em nome do genitor que possui cidadania italiana<\/strong>, onde conste que \u00e9 cidad\u00e3o italiano desde o nascimento\/per nascita, emitido pelo Comune competente pela inscri\u00e7\u00e3o AIRE ou pelo Consulado competente pelo local de resid\u00eancia. Caso o genitor seja inscrito AIRE em nosso consulado, tal documento pode ser dispensado.<\/li>\n<\/ul>\n<p>Criamos um GUIA completo com d\u00favidas para a correta apresenta\u00e7\u00e3o da documenta\u00e7\u00e3o NO DIA AGENDADO, dispon\u00edvel <a href=\"https:\/\/tr.ee\/qXfZeyTr-k\"><strong><span style=\"text-decoration: underline;\">aqui<\/span><\/strong><\/a>;<\/p>\n","protected":false},"excerpt":{"rendered":"Se o menor n\u00e3o for residente nesta circunscri\u00e7\u00e3o consular, mas um dos genitores sim, a declara\u00e7\u00e3o de vontade desse genitor poder\u00e1 ser feita neste Consulado Geral. Nesse caso, o reconhecimento da cidadania dever\u00e1, de todo modo, ser realizado pelo Consulado competente pelo local de resid\u00eancia do menor, ao qual enviaremos a declara\u00e7\u00e3o feita aqui. Nesse [&hellip;]","protected":false},"author":6,"featured_media":0,"parent":7865,"menu_order":2,"comment_status":"closed","ping_status":"closed","template":"","meta":{"footnotes":""},"class_list":["post-8312","page","type-page","status-publish","hentry"],"_links":{"self":[{"href":"https:\/\/conssanpaolo.esteri.it\/pt\/wp-json\/wp\/v2\/pages\/8312","targetHints":{"allow":["GET"]}}],"collection":[{"href":"https:\/\/conssanpaolo.esteri.it\/pt\/wp-json\/wp\/v2\/pages"}],"about":[{"href":"https:\/\/conssanpaolo.esteri.it\/pt\/wp-json\/wp\/v2\/types\/page"}],"author":[{"embeddable":true,"href":"https:\/\/conssanpaolo.esteri.it\/pt\/wp-json\/wp\/v2\/users\/6"}],"replies":[{"embeddable":true,"href":"https:\/\/conssanpaolo.esteri.it\/pt\/wp-json\/wp\/v2\/comments?post=8312"}],"version-history":[{"count":7,"href":"https:\/\/conssanpaolo.esteri.it\/pt\/wp-json\/wp\/v2\/pages\/8312\/revisions"}],"predecessor-version":[{"id":9687,"href":"https:\/\/conssanpaolo.esteri.it\/pt\/wp-json\/wp\/v2\/pages\/8312\/revisions\/9687"}],"up":[{"embeddable":true,"href":"https:\/\/conssanpaolo.esteri.it\/pt\/wp-json\/wp\/v2\/pages\/7865"}],"wp:attachment":[{"href":"https:\/\/conssanpaolo.esteri.it\/pt\/wp-json\/wp\/v2\/media?parent=8312"}],"curies":[{"name":"wp","href":"https:\/\/api.w.org\/{rel}","templated":true}]}}