{"id":8272,"date":"2025-07-18T12:48:12","date_gmt":"2025-07-18T15:48:12","guid":{"rendered":"https:\/\/conssanpaolo.esteri.it\/servizi-consolari-e-visti\/servizi-per-il-cittadino-straniero\/cittadinanza\/minore-i-residente-i-in-questa-circoscrizione-consolare\/"},"modified":"2026-03-23T08:59:58","modified_gmt":"2026-03-23T11:59:58","slug":"minore-i-residente-i-in-questa-circoscrizione-consolare","status":"publish","type":"page","link":"https:\/\/conssanpaolo.esteri.it\/pt\/servizi-consolari-e-visti\/servizi-per-il-cittadino-straniero\/cittadinanza\/acquisto-citt-minori\/minore-i-residente-i-in-questa-circoscrizione-consolare\/","title":{"rendered":"Menor residente nesta circunscri\u00e7\u00e3o consular"},"content":{"rendered":"<p>A declara\u00e7\u00e3o de vontade, acompanhada da documenta\u00e7\u00e3o necess\u00e1ria, dever\u00e1 ser apresentada neste Consulado mediante agendamento pelo portal Prenot@mi. Caso seja necess\u00e1rio registrar mais de um menor, \u00e9 essencial fazer uma <strong data-start=\"236\" data-end=\"256\">reserva m\u00faltipla<\/strong> no portal. No dia agendado ser\u00e1 obrigat\u00f3ria a <strong data-start=\"303\" data-end=\"332\">presen\u00e7a de AMBOS os pais<\/strong>. O filho menor <strong data-start=\"348\" data-end=\"373\">N\u00c3O precisar\u00e1 comparecer<\/strong>, <strong data-start=\"375\" data-end=\"385\">exceto<\/strong> no caso do filho que, embora fosse menor em 24\/05\/2025, <strong data-start=\"442\" data-end=\"502\">j\u00e1 tenha atingido a maioridade no momento do atendimento<\/strong>. Nesse caso, <a href=\"https:\/\/conssanpaolo.esteri.it\/pt\/servizi-consolari-e-visti\/servizi-per-il-cittadino-straniero\/cittadinanza\/acquisto-citt-minori\/maggiorenni-minori-conversione-legge\/\">clique aqui<\/a>.<\/p>\n<p><span style=\"color: #ff0000;\">\u00c9 imprescind\u00edvel que a situa\u00e7\u00e3o de estado civil (endere\u00e7o\/AIRE e estado civil) do genitor esteja <strong data-start=\"627\" data-end=\"641\">ATUALIZADA<\/strong> antes do agendamento. \u00c9 poss\u00edvel verificar os pr\u00f3prios dados cadastrais por meio do portal FAST IT. Todas as instru\u00e7\u00f5es est\u00e3o dispon\u00edveis <a style=\"color: #ff0000;\" href=\"https:\/\/conssanpaolo.esteri.it\/pt\/servizi-consolari-e-visti\/servizi-per-il-cittadino-italiano\/anagrafe-degli-italiani-residenti-allestero-aire\/associazione\/\">aqui<\/a>.<\/span><\/p>\n<p>Refor\u00e7amos a import\u00e2ncia de <strong data-start=\"816\" data-end=\"881\">N\u00c3O enviar as certid\u00f5es de nascimento dos menores por correio<\/strong>. Esse envio causa atrasos e despesas de devolu\u00e7\u00e3o, o que prejudica o andamento do processo para todos os requerentes.<\/p>\n<p>A documenta\u00e7\u00e3o abaixo dever\u00e1 ser apresentada no dia agendado, <strong data-start=\"1063\" data-end=\"1085\">completa e correta<\/strong>, tanto para o registro dos filhos menores na data de 24\/05\/2025 quanto para os filhos nascidos a partir de 25\/05\/2025.<\/p>\n<ul>\n<li><strong>Declara\u00e7\u00e3o substitutiva de certifica\u00e7\u00e3o, preenchida e assinada por ambos os pais. <a href=\"https:\/\/conssanpaolo.esteri.it\/wp-content\/uploads\/2025\/07\/dichiarazione-sostitutiva-figli-residenti.pdf\"><span style=\"text-decoration: underline;\">Clique aqui<\/span><\/a> para fazer o download.<\/strong><\/li>\n<li data-start=\"547\" data-end=\"1698\">Comprovante de resid\u00eancia do genitor italiano. <strong><a href=\"https:\/\/conssanpaolo.esteri.it\/pt\/servizi-consolari-e-visti\/servizi-per-il-cittadino-italiano\/prove-di-residenza-accettate\/\">Clique aqui<\/a><\/strong>\u00a0e verifique quais s\u00e3o aceitos.<\/li>\n<li><strong>Documento de identidade de ambos os genitores<\/strong> (original e uma xerox simples. S\u00e3o aceitos: RG, carteira de identidade italiana ou passaporte v\u00e1lido; para o genitor italiano, \u00e9 prefer\u00edvel o passaporte italiano)<strong>.<\/strong><\/li>\n<li><strong>Documento de identidade do\/s menor\/es mais uma xerox simples.<\/strong><\/li>\n<li><strong>Certid\u00e3o de nascimento em segunda via ORIGINAL, em inteiro teor, emitido h\u00e1 menos de 6 meses<span style=\"color: #ff0000;\">*<\/span>, apostilado e traduzido por tradutor juramentado (a tradu\u00e7\u00e3o tamb\u00e9m deve ter apostila)<\/strong>. Caso o menor tenha nascido de pais n\u00e3o casados, ou, ainda, antes do casamento civil dos pais, <a href=\"https:\/\/conssanpaolo.esteri.it\/it\/servizi-consolari-e-visti\/servizi-per-il-cittadino-straniero\/cittadinanza\/minore-i-residente-i-in-questa-circoscrizione-consolare\/figli-nati-prima-o-fuori-dal-matrimonio\/\"><strong><span style=\"text-decoration: underline;\">clique aqui<\/span><\/strong>.<\/a> Caso o menor tenha sido adotado <a href=\"https:\/\/conssanpaolo.esteri.it\/pt\/servizi-consolari-e-visti\/servizi-per-il-cittadino-straniero\/cittadinanza\/acquisto-citt-minori\/minori-adottati\/\"><strong><u>clique aqui<\/u><\/strong><\/a>, ou se nasceu fora do Brasil <a href=\"https:\/\/conssanpaolo.esteri.it\/pt\/servizi-consolari-e-visti\/servizi-per-il-cittadino-straniero\/cittadinanza\/nascite-avvenute-fuori-dal-brasile\/\"><span style=\"text-decoration: underline;\"><strong>clique aqui.<\/strong><\/span><\/a><span style=\"text-decoration: underline;\"><strong>\u00a0<\/strong><\/span><\/li>\n<li>C\u00f3pia simples, frente e verso, da certid\u00e3o de nascimento acima descrita e da respectiva tradu\u00e7\u00e3o\/apostila.<\/li>\n<\/ul>\n<ul>\n<li style=\"list-style-type: none;\">\n<ul>\n<li style=\"list-style-type: none;\">\n<ul>\n<li style=\"list-style-type: none;\"><\/li>\n<\/ul>\n<\/li>\n<\/ul>\n<\/li>\n<\/ul>\n<p>Caso o genitor italiano n\u00e3o seja residente nesta circunscri\u00e7\u00e3o Consular, al\u00e9m da documenta\u00e7\u00e3o acima mencionada, ser\u00e1 necess\u00e1rio apresentar:<\/p>\n<ul>\n<li data-start=\"547\" data-end=\"1698\"><strong>Certificado de cidadania em nome do genitor que possui cidadania italiana,<\/strong> onde conste que \u00e9 cidad\u00e3o italiano desde o nascimento\/<em>per nascita<\/em>, emitido pelo Comune competente pela inscri\u00e7\u00e3o AIRE ou pelo Consulado competente pelo local de resid\u00eancia.<\/li>\n<\/ul>\n<p>*\u00a0Durante este per\u00edodo de transi\u00e7\u00e3o ser\u00e3o aceitas certid\u00f5es emitidas h\u00e1 12 meses.<\/p>\n<p><span style=\"color: #ff0000;\"><strong>N.B<\/strong> \u2013<\/span> N\u00e3o ser\u00e3o aceitas tradu\u00e7\u00f5es juramentadas assinadas digitalmente, nem apostilas digitais ou assinadas digitalmente em certid\u00f5es ou tradu\u00e7\u00f5es.<\/p>\n<p>Criamos um GUIA completo com d\u00favidas para a correta apresenta\u00e7\u00e3o da documenta\u00e7\u00e3o\u00a0 NO DIA AGENDADO, dispon\u00edvel <a href=\"https:\/\/tr.ee\/qXfZeyTr-k\"><strong><span style=\"text-decoration: underline;\">aqui<\/span><\/strong><\/a>;<\/p>\n","protected":false},"excerpt":{"rendered":"A declara\u00e7\u00e3o de vontade, acompanhada da documenta\u00e7\u00e3o necess\u00e1ria, dever\u00e1 ser apresentada neste Consulado mediante agendamento pelo portal Prenot@mi. Caso seja necess\u00e1rio registrar mais de um menor, \u00e9 essencial fazer uma reserva m\u00faltipla no portal. No dia agendado ser\u00e1 obrigat\u00f3ria a presen\u00e7a de AMBOS os pais. O filho menor N\u00c3O precisar\u00e1 comparecer, exceto no caso do [&hellip;]","protected":false},"author":6,"featured_media":0,"parent":7865,"menu_order":1,"comment_status":"closed","ping_status":"closed","template":"","meta":{"footnotes":""},"class_list":["post-8272","page","type-page","status-publish","hentry"],"_links":{"self":[{"href":"https:\/\/conssanpaolo.esteri.it\/pt\/wp-json\/wp\/v2\/pages\/8272","targetHints":{"allow":["GET"]}}],"collection":[{"href":"https:\/\/conssanpaolo.esteri.it\/pt\/wp-json\/wp\/v2\/pages"}],"about":[{"href":"https:\/\/conssanpaolo.esteri.it\/pt\/wp-json\/wp\/v2\/types\/page"}],"author":[{"embeddable":true,"href":"https:\/\/conssanpaolo.esteri.it\/pt\/wp-json\/wp\/v2\/users\/6"}],"replies":[{"embeddable":true,"href":"https:\/\/conssanpaolo.esteri.it\/pt\/wp-json\/wp\/v2\/comments?post=8272"}],"version-history":[{"count":6,"href":"https:\/\/conssanpaolo.esteri.it\/pt\/wp-json\/wp\/v2\/pages\/8272\/revisions"}],"predecessor-version":[{"id":10390,"href":"https:\/\/conssanpaolo.esteri.it\/pt\/wp-json\/wp\/v2\/pages\/8272\/revisions\/10390"}],"up":[{"embeddable":true,"href":"https:\/\/conssanpaolo.esteri.it\/pt\/wp-json\/wp\/v2\/pages\/7865"}],"wp:attachment":[{"href":"https:\/\/conssanpaolo.esteri.it\/pt\/wp-json\/wp\/v2\/media?parent=8272"}],"curies":[{"name":"wp","href":"https:\/\/api.w.org\/{rel}","templated":true}]}}