{"id":8252,"date":"2025-07-18T12:48:43","date_gmt":"2025-07-18T15:48:43","guid":{"rendered":"https:\/\/conssanpaolo.esteri.it\/figli-nati-prima-o-fuori-dal-matrimonio\/"},"modified":"2025-07-25T12:49:06","modified_gmt":"2025-07-25T15:49:06","slug":"figli-nati-prima-o-fuori-dal-matrimonio","status":"publish","type":"page","link":"https:\/\/conssanpaolo.esteri.it\/pt\/servizi-consolari-e-visti\/servizi-per-il-cittadino-straniero\/cittadinanza\/acquisto-citt-minori\/minore-i-residente-i-in-questa-circoscrizione-consolare\/figli-nati-prima-o-fuori-dal-matrimonio\/","title":{"rendered":"Figli nati prima o fuori dal matrimonio"},"content":{"rendered":"<p>Pela normativa italiana, quando um filho nasce de pais que n\u00e3o est\u00e3o casados no civil no momento do nascimento, ambos os genitores devem declarar o nascimento da crian\u00e7a no cart\u00f3rio, n\u00e3o sendo suficiente que apare\u00e7am os nomes dos dois.<\/p>\n<p>Quando isso n\u00e3o ocorre e somente um dos genitores \u00e9 o declarante, aquele que n\u00e3o estava presente dever\u00e1 fazer a escritura de maternidade\/paternidade como esclarecido a seguir.<\/p>\n<p style=\"text-align: justify;\">Caso a certid\u00e3o n\u00e3o reporte claramente que \u201c<em>foram declarantes os pais<\/em>\u201d, \u00e9 necess\u00e1rio que o genitor ausente ao momento da declara\u00e7\u00e3o apresente uma <strong><em>Escritura p\u00fablica de reconhecimento de maternidade\/paternidade<\/em><\/strong> feita em um <strong>Cart\u00f3rio de Registro Civil ou Tabelionato de Notas, <\/strong>com\u00a0<strong>Apostila<\/strong><strong>\u00a0<\/strong>e <strong>tradu\u00e7\u00e3o juramentada para o italiano<\/strong>, tamb\u00e9m com\u00a0<strong>Apostila<\/strong>; <strong>esta Escritura deve ser feita da seguinte maneira<\/strong><span style=\"text-decoration: line-through;\">:<\/span><\/p>\n<p style=\"text-align: justify;\">&#8211; se o filho for <strong>menor de 14 anos<\/strong>, o genitor que primeiramente declarou o nascimento dever\u00e1 estar presente e dar o seu consentimento ao reconhecimento (ver o modelo<a href=\"https:\/\/conssanpaolo.esteri.it\/wp-content\/uploads\/2023\/09\/4-Escritura-Publica-reconhecimento-maternidade-menor-de-14-anos.pdf\"> <strong><em>Escritura p\u00fablica de reconhecimento de maternidade\/paternidade de filho menor de 14 anos<\/em><\/strong><\/a>)<\/p>\n<p style=\"text-align: justify;\">&#8211; se o filho for <strong>maior de 14 anos<\/strong>, o filho dever\u00e1 estar presente e dar seu consentimento ao reconhecimento (ver o modelo<a href=\"https:\/\/conssanpaolo.esteri.it\/wp-content\/uploads\/2023\/09\/5-Escritura-Publica-reconhecimento-maternidade-maior-de-14-anos.pdf\"> <strong><em>Escritura p\u00fablica de reconhecimento de maternidade\/paternidade de filho maior de 14 anos<\/em><\/strong><\/a>)<\/p>\n<p>Este documento dever\u00e1 ser entregue juntamente com toda a documenta\u00e7\u00e3o j\u00e1 especificada <strong><a href=\"https:\/\/conssanpaolo.esteri.it\/pt\/servizi-consolari-e-visti\/servizi-per-il-cittadino-straniero\/cittadinanza\/minore-i-residente-i-in-questa-circoscrizione-consolare\/\"><span style=\"text-decoration: underline;\">aq<\/span><\/a><span style=\"text-decoration: underline;\">ui.<\/span><\/strong><\/p>\n<hr \/>\n<p>Em caso de reconhecimento <span style=\"text-decoration: underline;\">judicial<\/span> de paternidade <strong><a href=\"https:\/\/conssanpaolo.esteri.it\/pt\/servizi-consolari-e-visti\/servizi-per-il-cittadino-straniero\/cittadinanza\/acquisto-citt-minori\/minore-i-residente-i-in-questa-circoscrizione-consolare\/figli-nati-prima-o-fuori-dal-matrimonio\/figli-riconosciuti-in-via-amministrativa-o-giudiziale\/\">clicar aqui<\/a>.<\/strong><\/p>\n","protected":false},"excerpt":{"rendered":"Pela normativa italiana, quando um filho nasce de pais que n\u00e3o est\u00e3o casados no civil no momento do nascimento, ambos os genitores devem declarar o nascimento da crian\u00e7a no cart\u00f3rio, n\u00e3o sendo suficiente que apare\u00e7am os nomes dos dois. Quando isso n\u00e3o ocorre e somente um dos genitores \u00e9 o declarante, aquele que n\u00e3o estava [&hellip;]","protected":false},"author":6,"featured_media":0,"parent":8272,"menu_order":0,"comment_status":"closed","ping_status":"closed","template":"","meta":{"footnotes":""},"class_list":["post-8252","page","type-page","status-publish","hentry"],"_links":{"self":[{"href":"https:\/\/conssanpaolo.esteri.it\/pt\/wp-json\/wp\/v2\/pages\/8252","targetHints":{"allow":["GET"]}}],"collection":[{"href":"https:\/\/conssanpaolo.esteri.it\/pt\/wp-json\/wp\/v2\/pages"}],"about":[{"href":"https:\/\/conssanpaolo.esteri.it\/pt\/wp-json\/wp\/v2\/types\/page"}],"author":[{"embeddable":true,"href":"https:\/\/conssanpaolo.esteri.it\/pt\/wp-json\/wp\/v2\/users\/6"}],"replies":[{"embeddable":true,"href":"https:\/\/conssanpaolo.esteri.it\/pt\/wp-json\/wp\/v2\/comments?post=8252"}],"version-history":[{"count":4,"href":"https:\/\/conssanpaolo.esteri.it\/pt\/wp-json\/wp\/v2\/pages\/8252\/revisions"}],"predecessor-version":[{"id":8475,"href":"https:\/\/conssanpaolo.esteri.it\/pt\/wp-json\/wp\/v2\/pages\/8252\/revisions\/8475"}],"up":[{"embeddable":true,"href":"https:\/\/conssanpaolo.esteri.it\/pt\/wp-json\/wp\/v2\/pages\/8272"}],"wp:attachment":[{"href":"https:\/\/conssanpaolo.esteri.it\/pt\/wp-json\/wp\/v2\/media?parent=8252"}],"curies":[{"name":"wp","href":"https:\/\/api.w.org\/{rel}","templated":true}]}}