{"id":822,"date":"2023-06-19T19:12:51","date_gmt":"2023-06-19T22:12:51","guid":{"rendered":"https:\/\/conssanpaolo.esteri.it\/servizi-consolari-e-visti\/servizi-per-il-cittadino-italiano\/passaporti\/richiedenti-minorenni\/"},"modified":"2025-11-21T10:34:40","modified_gmt":"2025-11-21T13:34:40","slug":"richiedenti-minorenni","status":"publish","type":"page","link":"https:\/\/conssanpaolo.esteri.it\/pt\/servizi-consolari-e-visti\/servizi-per-il-cittadino-italiano\/passaporti\/richiedenti-minorenni\/","title":{"rendered":"Requerente menor de idade"},"content":{"rendered":"<p>Caso o requerente do passaporte italiano seja menor de 18 anos, <strong>\u00e9\u00a0obrigat\u00f3rio\u00a0que ele esteja\u00a0presente<\/strong>\u00a0na data agendada acompanhado pelos genitores.<\/p>\n<p>DOCUMENTA\u00c7\u00c3O a ser apresentada completa:<\/p>\n<ul>\n<li><strong>2 fotos 3,5 cm de largura por 4,5 cm de altura.<\/strong><br \/>\n(coloridas, sem data, fundo branco. <a href=\"https:\/\/conssanpaolo.esteri.it\/pt\/servizi-consolari-e-visti\/servizi-per-il-cittadino-italiano\/passaporti\/documentazione-da-presentare-nel-giorno-fissato\/foto-per-il-passaporto\/\"><strong>CLIQUE AQUI<\/strong><\/a> e veja mais detalhes sobre as fotos exigidas)<\/li>\n<\/ul>\n<ul>\n<li><strong>Documento de identidade v\u00e1lido, original e recente DO MENOR<\/strong> (preferencialmente passaporte brasileiro ou RG recente), mais fotoc\u00f3pia simples. Esclarecemos que <span style=\"text-decoration: underline;\">a certid\u00e3o de nascimento n\u00e3o \u00e9 considerada um documento de identidade<\/span>. <strong>Para que o procedimento seja bem-sucedido, \u00e9 ESSENCIAL que o documento de identidade apresentado permita a identifica\u00e7\u00e3o<strong>\u00a0do menor,<\/strong> sem margem de d\u00favidas, por parte do funcion\u00e1rio consular. <span style=\"color: #ff0000;\">Esclarecemos que caso n\u00e3o seja poss\u00edvel identificar o menor pela foto do documento apresentado n\u00e3o ser\u00e1 poss\u00edvel dar andamento ao atendimento.<\/span><\/strong><\/li>\n<\/ul>\n<ul>\n<li><strong>Passaporte italiano anterior caso possua, ainda que vencido.<\/strong><br \/>\nCaso o passaporte anterior tenha sido roubado ou perdido, apresentar o B.O. (Boletim de Ocorr\u00eancia) original;<\/li>\n<\/ul>\n<ul>\n<li><strong>Comprovante de resid\u00eancia EM NOME DO GENITOR ITALIANO<\/strong><strong>, original, recente<\/strong> (menos de 3 meses), mais c\u00f3pia simples.<br \/>\n<a href=\"https:\/\/conssanpaolo.esteri.it\/pt\/servizi-consolari-e-visti\/servizi-per-il-cittadino-italiano\/prove-di-residenza-accettate\/\"><strong>CLIQUE AQUI<\/strong><\/a> para verificar quais comprovantes ser\u00e3o aceitos.<\/li>\n<\/ul>\n<ul>\n<li><strong>Confirma\u00e7\u00e3o de<\/strong> <strong>agendamento<\/strong> do portal Prenot@mi <strong>impresso<\/strong>;<\/li>\n<\/ul>\n<ul>\n<li><strong>Documento de identidade original v\u00e1lido al\u00e9m de c\u00f3pia simples DE AMBOS OS GENITORES do menor.<\/strong><br \/>\nSer\u00e3o aceitos os seguintes documentos se ainda no prazo de validade: RG emitido h\u00e1 menos de 10 anos &#8211; Carteira de Identidade Nacional (CIN), RNE ou CRNM, carteira de identidade italiana ou passaporte brasileiro. N\u00e3o ser\u00e3o aceitas carteiras profissionais ou de classe e nem carteira de habilita\u00e7\u00e3o;<\/li>\n<\/ul>\n<ul>\n<li>Caso um dos genitores n\u00e3o possa estar presente \u00e9 obrigat\u00f3rio apresentar a seguinte autoriza\u00e7\u00e3o (<a href=\"https:\/\/conssanpaolo.esteri.it\/wp-content\/uploads\/2023\/06\/ATTO-DI-ASSENSO-PER-FIGLIO-MINORE.pdf\"><strong>clique aqui<\/strong>)<\/a> al\u00e9m de c\u00f3pia autenticada do documento de identidade v\u00e1lido do genitor n\u00e3o presente (veja acima quais s\u00e3o aceitos). A assinatura na autoriza\u00e7\u00e3o dever\u00e1 ser reconhecida por <strong>AUTENTICIDADE<\/strong> em qualquer\u00a0<strong>TABELI\u00c3O DE NOTAS<\/strong><strong>.<\/strong>\u00a0<em>Caso o genitor n\u00e3o presente seja italiano ou cidad\u00e3o da comunidade europeia, o reconhecimento de firma n\u00e3o ser\u00e1 necess\u00e1rio, sendo ent\u00e3o necess\u00e1ria apenas a c\u00f3pia do documento de identidade europeu v\u00e1lido do genitor n\u00e3o presente. <\/em><span style=\"text-decoration: underline;\">EM AMBOS OS CASOS O DOCUMENTO TER\u00c1 VALIDADE DE 90 DIAS.<\/span>\n<ul>\n<li>Caso o outro genitor seja falecido ser\u00e1 poss\u00edvel apresentar a certid\u00e3o de \u00f3bito original, sem tradu\u00e7\u00e3o.<\/li>\n<\/ul>\n<\/li>\n<\/ul>\n<p><strong>PAGAMENTO<\/strong>: O pagamento da taxa de emiss\u00e3o \u00e9 feito em Reais EXCLUSIVAMENTE com cart\u00e3o de d\u00e9bito VISA ou MASTER (cart\u00f5es de bandeira ELO <span style=\"text-decoration: underline;\"><strong>n\u00e3o s\u00e3o aceitos<\/strong><\/span>).<\/p>\n<p><strong><a href=\"https:\/\/conssanpaolo.esteri.it\/pt\/servizi-consolari-e-visti\/servizi-per-il-cittadino-italiano\/altri-servizi\/tariffe-consolari\/\">Veja tabela trimestral de valores. <\/a><\/strong>\u00a0N\u00e3o \u00e9 poss\u00edvel pagar no cart\u00e3o de cr\u00e9dito nem em dinheiro.<\/p>\n<p>A data e forma de entrega do passaporte ser\u00e1 informada durante o atendimento no dia agendado.<\/p>\n","protected":false},"excerpt":{"rendered":"Caso o requerente do passaporte italiano seja menor de 18 anos, \u00e9\u00a0obrigat\u00f3rio\u00a0que ele esteja\u00a0presente\u00a0na data agendada acompanhado pelos genitores. DOCUMENTA\u00c7\u00c3O a ser apresentada completa: 2 fotos 3,5 cm de largura por 4,5 cm de altura. (coloridas, sem data, fundo branco. CLIQUE AQUI e veja mais detalhes sobre as fotos exigidas) Documento de identidade v\u00e1lido, original [&hellip;]","protected":false},"author":6,"featured_media":0,"parent":185,"menu_order":0,"comment_status":"closed","ping_status":"closed","template":"","meta":{"footnotes":""},"class_list":["post-822","page","type-page","status-publish","hentry"],"_links":{"self":[{"href":"https:\/\/conssanpaolo.esteri.it\/pt\/wp-json\/wp\/v2\/pages\/822","targetHints":{"allow":["GET"]}}],"collection":[{"href":"https:\/\/conssanpaolo.esteri.it\/pt\/wp-json\/wp\/v2\/pages"}],"about":[{"href":"https:\/\/conssanpaolo.esteri.it\/pt\/wp-json\/wp\/v2\/types\/page"}],"author":[{"embeddable":true,"href":"https:\/\/conssanpaolo.esteri.it\/pt\/wp-json\/wp\/v2\/users\/6"}],"replies":[{"embeddable":true,"href":"https:\/\/conssanpaolo.esteri.it\/pt\/wp-json\/wp\/v2\/comments?post=822"}],"version-history":[{"count":6,"href":"https:\/\/conssanpaolo.esteri.it\/pt\/wp-json\/wp\/v2\/pages\/822\/revisions"}],"predecessor-version":[{"id":9489,"href":"https:\/\/conssanpaolo.esteri.it\/pt\/wp-json\/wp\/v2\/pages\/822\/revisions\/9489"}],"up":[{"embeddable":true,"href":"https:\/\/conssanpaolo.esteri.it\/pt\/wp-json\/wp\/v2\/pages\/185"}],"wp:attachment":[{"href":"https:\/\/conssanpaolo.esteri.it\/pt\/wp-json\/wp\/v2\/media?parent=822"}],"curies":[{"name":"wp","href":"https:\/\/api.w.org\/{rel}","templated":true}]}}