{"id":815,"date":"2023-06-16T21:56:17","date_gmt":"2023-06-16T19:56:17","guid":{"rendered":"https:\/\/conssanpaolo.esteri.it\/?page_id=815"},"modified":"2024-07-02T10:34:28","modified_gmt":"2024-07-02T13:34:28","slug":"modalita-di-prenotazione-tramite-il-portale-prenotmi","status":"publish","type":"page","link":"https:\/\/conssanpaolo.esteri.it\/pt\/servizi-consolari-e-visti\/servizi-per-il-cittadino-straniero\/cittadinanza\/modalita-di-prenotazione-tramite-il-portale-prenotmi\/","title":{"rendered":"Modalidade de cadastro\/agendamento atrav\u00e9s do portal PRENOT@MI"},"content":{"rendered":"<p>Os interessados dos anos convocados poder\u00e3o confirmar o seu interesse em continuar o processo de reconhecimento da cidadania seguindo as orienta\u00e7\u00f5es presentes neste site. <strong><u>Caso ainda tenha interesse<\/u><\/strong>\u00a0no processo de reconhecimento da cidadania italiana\u00a0<em>iure sanguinis<\/em>:<\/p>\n<p>&nbsp;<\/p>\n<p><strong>PRIMEIRO PASSO A SER CUMPRIDO DENTRO DO PRAZO ANUNCIADO<\/strong><\/p>\n<ol>\n<li>Acesse o portal\u00a0<a href=\"https:\/\/prenotami.esteri.it\/\"><strong>Prenot@mi<\/strong><\/a> (<a href=\"https:\/\/prenotami.esteri.it\/\">https:\/\/prenotami.esteri.it\/<\/a>)<\/li>\n<li><a href=\"https:\/\/conssanpaolo.esteri.it\/wp-content\/uploads\/2023\/06\/manuale_cittadino_prenotami.pdf\"><strong>BAIXE AQUI\u00a0<\/strong><\/a>o Manual de Instru\u00e7\u00f5es para criar sua conta no portal Prenot@mi. Crie sua conta utilizando <strong>exatamente<\/strong> o mesmo nome e sobrenome comunicado em 2013 ou 2014 na ficha, quando solicitou sua inscri\u00e7\u00e3o na lista de espera.<\/li>\n<\/ol>\n<p>&nbsp;<\/p>\n<p><strong>SEGUNDO PASSO<br \/>\n<\/strong>Se voc\u00ea criou corretamente sua conta no portal \u201cPrenot@mi\u201d \u2013 COM OS DADOS CORRESPONDENTES AOS DA FICHA ENVIADA NO ANO CONVOCADO \u2013 receber\u00e1 no e-mail cadastrado um link para que d\u00ea continuidade ao agendamento atrav\u00e9s do portal <em>Prenot@mi<\/em>.<\/p>\n<p>&nbsp;<\/p>\n<p><strong>IMPORTANTE: O acesso ao servi\u00e7o ser\u00e1 poss\u00edvel UNICAMENTE CLICANDO NO LINK DE ATIVA\u00c7\u00c3O RECEBIDO POR E-MAIL.<\/strong><\/p>\n<p>N\u00e3o ser\u00e3o avaliadas solicita\u00e7\u00f5es que n\u00e3o sigam \u00e0s instru\u00e7\u00f5es acima (ou seja, \u00e9 essencial ter feito no prazo o cadastro no portal Prenot@mi).<\/p>\n","protected":false},"excerpt":{"rendered":"Os interessados dos anos convocados poder\u00e3o confirmar o seu interesse em continuar o processo de reconhecimento da cidadania seguindo as orienta\u00e7\u00f5es presentes neste site. Caso ainda tenha interesse\u00a0no processo de reconhecimento da cidadania italiana\u00a0iure sanguinis: &nbsp; PRIMEIRO PASSO A SER CUMPRIDO DENTRO DO PRAZO ANUNCIADO Acesse o portal\u00a0Prenot@mi (https:\/\/prenotami.esteri.it\/) BAIXE AQUI\u00a0o Manual de Instru\u00e7\u00f5es para [&hellip;]","protected":false},"author":6,"featured_media":0,"parent":197,"menu_order":0,"comment_status":"closed","ping_status":"closed","template":"","meta":{"footnotes":""},"class_list":["post-815","page","type-page","status-publish","hentry"],"_links":{"self":[{"href":"https:\/\/conssanpaolo.esteri.it\/pt\/wp-json\/wp\/v2\/pages\/815","targetHints":{"allow":["GET"]}}],"collection":[{"href":"https:\/\/conssanpaolo.esteri.it\/pt\/wp-json\/wp\/v2\/pages"}],"about":[{"href":"https:\/\/conssanpaolo.esteri.it\/pt\/wp-json\/wp\/v2\/types\/page"}],"author":[{"embeddable":true,"href":"https:\/\/conssanpaolo.esteri.it\/pt\/wp-json\/wp\/v2\/users\/6"}],"replies":[{"embeddable":true,"href":"https:\/\/conssanpaolo.esteri.it\/pt\/wp-json\/wp\/v2\/comments?post=815"}],"version-history":[{"count":1,"href":"https:\/\/conssanpaolo.esteri.it\/pt\/wp-json\/wp\/v2\/pages\/815\/revisions"}],"predecessor-version":[{"id":4499,"href":"https:\/\/conssanpaolo.esteri.it\/pt\/wp-json\/wp\/v2\/pages\/815\/revisions\/4499"}],"up":[{"embeddable":true,"href":"https:\/\/conssanpaolo.esteri.it\/pt\/wp-json\/wp\/v2\/pages\/197"}],"wp:attachment":[{"href":"https:\/\/conssanpaolo.esteri.it\/pt\/wp-json\/wp\/v2\/media?parent=815"}],"curies":[{"name":"wp","href":"https:\/\/api.w.org\/{rel}","templated":true}]}}