{"id":810,"date":"2023-06-16T21:16:05","date_gmt":"2023-06-17T00:16:05","guid":{"rendered":"https:\/\/conssanpaolo.esteri.it\/servizi-consolari-e-visti\/servizi-per-il-cittadino-italiano\/passaporti\/richiedenti-maggiorenni-che-hanno-figli-minori\/"},"modified":"2025-11-21T10:39:27","modified_gmt":"2025-11-21T13:39:27","slug":"richiedenti-maggiorenni-che-hanno-figli-minori","status":"publish","type":"page","link":"https:\/\/conssanpaolo.esteri.it\/pt\/servizi-consolari-e-visti\/servizi-per-il-cittadino-italiano\/passaporti\/richiedenti-maggiorenni-che-hanno-figli-minori\/","title":{"rendered":"Requerente maior de idade que tem filho\/s menor\/es"},"content":{"rendered":"<p>Se aplica exclusivamente a emiss\u00e3o do maior de idade que possui filhos. Caso possua um agendamento m\u00faltiplo que contemple TAMB\u00c9M os filhos menores, visualizar a documenta\u00e7\u00e3o necess\u00e1ria para eles <a href=\"https:\/\/conssanpaolo.esteri.it\/it\/servizi-consolari-e-visti\/servizi-per-il-cittadino-italiano\/passaporti\/richiedenti-minorenni\/\"><span style=\"text-decoration: underline;\"><strong>AQUI.<\/strong><\/span><\/a><\/p>\n<p>DOCUMENTA\u00c7\u00c3O a ser apresentada completa:<\/p>\n<ul>\n<li><strong>2 fotos 3,5 cm de largura por 4,5 cm de altura<\/strong><br \/>\n(coloridas, sem data, fundo branco. <a href=\"https:\/\/conssanpaolo.esteri.it\/pt\/servizi-consolari-e-visti\/servizi-per-il-cittadino-italiano\/passaporti\/documentazione-da-presentare-nel-giorno-fissato\/foto-per-il-passaporto\/\"><strong>CLIQUE AQUI<\/strong><\/a> e veja mais detalhes sobre as fotos exigidas)<\/li>\n<\/ul>\n<ul>\n<li><strong>Documento de identidade original mais c\u00f3pia simples<\/strong><br \/>\nSer\u00e3o aceitos apenas os seguintes documentos, se <span style=\"text-decoration: underline;\">ainda no prazo de validade<\/span>: RG emitido h\u00e1 menos de 10 anos &#8211; Carteira de Identidade Nacional (CIN), RNE ou CRNM, ou passaporte brasileiro. N\u00e3o ser\u00e3o aceitas carteiras profissionais ou de classe nem CNH &#8211; carteira nacional de habilita\u00e7\u00e3o;<\/li>\n<\/ul>\n<ul>\n<li><strong>Passaporte italiano anterior, ainda que vencido<\/strong><br \/>\nCaso o passaporte anterior tenha sido roubado ou perdido, apresentar o B.O. (Boletim de Ocorr\u00eancia) original;<\/li>\n<\/ul>\n<ul>\n<li><strong>Comprovante de resid\u00eancia EM NOME DO REQUERENTE, original, recente<\/strong> (menos de 3 meses), mais c\u00f3pia simples. <a href=\"https:\/\/conssanpaolo.esteri.it\/pt\/servizi-consolari-e-visti\/servizi-per-il-cittadino-italiano\/prove-di-residenza-accettate\/\"><strong>CLIQUE AQUI<\/strong><\/a>\u00a0para verificar quais comprovantes ser\u00e3o aceitos.<\/li>\n<\/ul>\n<ul>\n<li><strong>Confirma\u00e7\u00e3o de<\/strong> <strong>agendamento<\/strong> do portal Prenot@mi <strong>impresso<\/strong>;<\/li>\n<\/ul>\n<ul>\n<li>&#8216;<em>Autocertifica\u00e7\u00e3o<\/em>&#8216; de que n\u00e3o constam procedimentos que impe\u00e7am a emiss\u00e3o de seu passaporte, conforme norma vigente. <a href=\"https:\/\/conssanpaolo.esteri.it\/wp-content\/uploads\/2025\/05\/Dichiarazione_assenza_ostative_passaporto-AGGIORNATO.docx\"><strong><span style=\"text-decoration: underline;\">CLIQUE AQUI<\/span><\/strong><\/a> para baixar o formul\u00e1rio.<\/li>\n<\/ul>\n<p>&nbsp;<\/p>\n<p><strong>PAGAMENTO<\/strong>: O pagamento da taxa de emiss\u00e3o \u00e9 feito em Reais EXCLUSIVAMENTE com cart\u00e3o de d\u00e9bito VISA ou MASTER (cart\u00f5es de bandeira ELO <span style=\"text-decoration: underline;\"><strong>n\u00e3o s\u00e3o aceitos<\/strong><\/span>).<\/p>\n<p><strong><a href=\"https:\/\/conssanpaolo.esteri.it\/pt\/servizi-consolari-e-visti\/servizi-per-il-cittadino-italiano\/altri-servizi\/tariffe-consolari\/\">Veja tabela trimestral de valores. <\/a><\/strong>\u00a0N\u00e3o \u00e9 poss\u00edvel pagar no cart\u00e3o de cr\u00e9dito nem em dinheiro.<\/p>\n<p>A data e forma de entrega do passaporte ser\u00e3o comunicadas durante o atendimento no dia agendado.<\/p>\n","protected":false},"excerpt":{"rendered":"Se aplica exclusivamente a emiss\u00e3o do maior de idade que possui filhos. Caso possua um agendamento m\u00faltiplo que contemple TAMB\u00c9M os filhos menores, visualizar a documenta\u00e7\u00e3o necess\u00e1ria para eles AQUI. DOCUMENTA\u00c7\u00c3O a ser apresentada completa: 2 fotos 3,5 cm de largura por 4,5 cm de altura (coloridas, sem data, fundo branco. CLIQUE AQUI e veja [&hellip;]","protected":false},"author":6,"featured_media":0,"parent":185,"menu_order":0,"comment_status":"closed","ping_status":"closed","template":"","meta":{"footnotes":""},"class_list":["post-810","page","type-page","status-publish","hentry"],"_links":{"self":[{"href":"https:\/\/conssanpaolo.esteri.it\/pt\/wp-json\/wp\/v2\/pages\/810","targetHints":{"allow":["GET"]}}],"collection":[{"href":"https:\/\/conssanpaolo.esteri.it\/pt\/wp-json\/wp\/v2\/pages"}],"about":[{"href":"https:\/\/conssanpaolo.esteri.it\/pt\/wp-json\/wp\/v2\/types\/page"}],"author":[{"embeddable":true,"href":"https:\/\/conssanpaolo.esteri.it\/pt\/wp-json\/wp\/v2\/users\/6"}],"replies":[{"embeddable":true,"href":"https:\/\/conssanpaolo.esteri.it\/pt\/wp-json\/wp\/v2\/comments?post=810"}],"version-history":[{"count":7,"href":"https:\/\/conssanpaolo.esteri.it\/pt\/wp-json\/wp\/v2\/pages\/810\/revisions"}],"predecessor-version":[{"id":9503,"href":"https:\/\/conssanpaolo.esteri.it\/pt\/wp-json\/wp\/v2\/pages\/810\/revisions\/9503"}],"up":[{"embeddable":true,"href":"https:\/\/conssanpaolo.esteri.it\/pt\/wp-json\/wp\/v2\/pages\/185"}],"wp:attachment":[{"href":"https:\/\/conssanpaolo.esteri.it\/pt\/wp-json\/wp\/v2\/media?parent=810"}],"curies":[{"name":"wp","href":"https:\/\/api.w.org\/{rel}","templated":true}]}}