{"id":8028,"date":"2025-06-24T15:20:56","date_gmt":"2025-06-24T18:20:56","guid":{"rendered":"https:\/\/conssanpaolo.esteri.it\/?page_id=8028"},"modified":"2025-08-06T11:18:24","modified_gmt":"2025-08-06T14:18:24","slug":"menores-jure-sanguinis","status":"publish","type":"page","link":"https:\/\/conssanpaolo.esteri.it\/pt\/servizi-consolari-e-visti\/servizi-per-il-cittadino-straniero\/cittadinanza\/acquisto-citt-minori\/menores-jure-sanguinis\/","title":{"rendered":"Menores cidad\u00e3os italianos jure sanguinis"},"content":{"rendered":"<p data-start=\"0\" data-end=\"95\">Os menores ser\u00e3o registrados \u201cpor nascimento\u201d e n\u00e3o \u201cpor benef\u00edcio de lei\u201d nos seguintes casos:<\/p>\n<ul>\n<li data-start=\"97\" data-end=\"516\">filho ou neto de cidad\u00e3o(\u00e3os) exclusivamente italiano(s) no momento do nascimento do menor (ou, no momento do falecimento do genitor ou av\u00f4), (artigo 3-bis, par\u00e1grafo 1, letra c)<\/li>\n<li data-start=\"97\" data-end=\"516\">filho de cidad\u00e3o(\u00e3os) italiano(s) que tenha(m) residido na It\u00e1lia por pelo menos dois anos consecutivos ap\u00f3s a aquisi\u00e7\u00e3o da cidadania italiana e antes do nascimento ou ado\u00e7\u00e3o do filho (artigo 3-bis, par\u00e1grafo 1, letra d)<\/li>\n<\/ul>\n<p data-start=\"518\" data-end=\"708\">Nesses casos, a documenta\u00e7\u00e3o para o reconhecimento da cidadania dos menores deve ser enviada a este Consulado, por correio, conforme as instru\u00e7\u00f5es indicadas abaixo. Clique na op\u00e7\u00e3o desejada:<\/p>\n<ol>\n<li data-start=\"710\" data-end=\"1103\"><a href=\"https:\/\/conssanpaolo.esteri.it\/pt\/servizi-consolari-e-visti\/servizi-per-il-cittadino-straniero\/cittadinanza\/acquisto-citt-minori\/menores-jure-sanguinis\/registro-di-figli-di-cittadino-i-esclusivamente-italiano-i-al-momento-della-nascita\/\">Registro de filhos de cidad\u00e3o(\u00e3os) exclusivamente italiano(s) no momento do nascimento<\/a><\/li>\n<li data-start=\"710\" data-end=\"1103\"><a href=\"https:\/\/conssanpaolo.esteri.it\/pt\/servizi-consolari-e-visti\/servizi-per-il-cittadino-straniero\/cittadinanza\/acquisto-citt-minori\/menores-jure-sanguinis\/minori-ascendente-secondo-grado\/\">Registro de filhos que tenham um ascendente de segundo grau exclusivamente italiano no momento do nascimento, cujos pais j\u00e1 s\u00e3o cidad\u00e3os italianos;<\/a><\/li>\n<li data-start=\"710\" data-end=\"1103\"><a href=\"https:\/\/conssanpaolo.esteri.it\/pt\/servizi-consolari-e-visti\/servizi-per-il-cittadino-straniero\/cittadinanza\/acquisto-citt-minori\/menores-jure-sanguinis\/registro-di-figli-di-cittadino-italiano-che-ha-vissuto-in-italia-per-almeno-due-anni-continuativi\/\">Registro de filhos de cidad\u00e3o(\u00e3os) italiano(s) que tenha(m) residido na It\u00e1lia por pelo menos dois anos consecutivos antes do nascimento ou ado\u00e7\u00e3o do filho;<\/a><\/li>\n<\/ol>\n<p data-start=\"1105\" data-end=\"1210\">Observa\u00e7\u00e3o: a paternidade\/maternidade socioafetiva n\u00e3o \u00e9 atualmente reconhecida pela legisla\u00e7\u00e3o italiana.<\/p>\n<p data-start=\"1212\" data-end=\"1448\" data-is-last-node=\"\" data-is-only-node=\"\">Observa\u00e7\u00e3o 1: os cidad\u00e3os italianos que adquiriram a cidadania italiana por naturaliza\u00e7\u00e3o, resid\u00eancia ou descend\u00eancia com base na Lei 379\/2000 (Trentinos) n\u00e3o transmitem a cidadania italiana aos seus filhos com base nos novos crit\u00e9rios;<\/p>\n","protected":false},"excerpt":{"rendered":"Os menores ser\u00e3o registrados \u201cpor nascimento\u201d e n\u00e3o \u201cpor benef\u00edcio de lei\u201d nos seguintes casos: filho ou neto de cidad\u00e3o(\u00e3os) exclusivamente italiano(s) no momento do nascimento do menor (ou, no momento do falecimento do genitor ou av\u00f4), (artigo 3-bis, par\u00e1grafo 1, letra c) filho de cidad\u00e3o(\u00e3os) italiano(s) que tenha(m) residido na It\u00e1lia por pelo menos [&hellip;]","protected":false},"author":6,"featured_media":0,"parent":7865,"menu_order":3,"comment_status":"closed","ping_status":"closed","template":"","meta":{"footnotes":""},"class_list":["post-8028","page","type-page","status-publish","hentry"],"_links":{"self":[{"href":"https:\/\/conssanpaolo.esteri.it\/pt\/wp-json\/wp\/v2\/pages\/8028","targetHints":{"allow":["GET"]}}],"collection":[{"href":"https:\/\/conssanpaolo.esteri.it\/pt\/wp-json\/wp\/v2\/pages"}],"about":[{"href":"https:\/\/conssanpaolo.esteri.it\/pt\/wp-json\/wp\/v2\/types\/page"}],"author":[{"embeddable":true,"href":"https:\/\/conssanpaolo.esteri.it\/pt\/wp-json\/wp\/v2\/users\/6"}],"replies":[{"embeddable":true,"href":"https:\/\/conssanpaolo.esteri.it\/pt\/wp-json\/wp\/v2\/comments?post=8028"}],"version-history":[{"count":6,"href":"https:\/\/conssanpaolo.esteri.it\/pt\/wp-json\/wp\/v2\/pages\/8028\/revisions"}],"predecessor-version":[{"id":8710,"href":"https:\/\/conssanpaolo.esteri.it\/pt\/wp-json\/wp\/v2\/pages\/8028\/revisions\/8710"}],"up":[{"embeddable":true,"href":"https:\/\/conssanpaolo.esteri.it\/pt\/wp-json\/wp\/v2\/pages\/7865"}],"wp:attachment":[{"href":"https:\/\/conssanpaolo.esteri.it\/pt\/wp-json\/wp\/v2\/media?parent=8028"}],"curies":[{"name":"wp","href":"https:\/\/api.w.org\/{rel}","templated":true}]}}