{"id":7974,"date":"2025-06-24T14:38:10","date_gmt":"2025-06-24T17:38:10","guid":{"rendered":"https:\/\/conssanpaolo.esteri.it\/?page_id=7974"},"modified":"2026-03-05T09:55:06","modified_gmt":"2026-03-05T12:55:06","slug":"dvprof","status":"publish","type":"page","link":"https:\/\/conssanpaolo.esteri.it\/pt\/italia-e-brasile\/diplomazia-culturale\/estudo\/declaracao-de-valor\/instdichvalore\/dvprof\/","title":{"rendered":"Declara\u00e7\u00e3o de valor \u2013 para fins de reconhecimento de profiss\u00e3o"},"content":{"rendered":"<p style=\"text-align: justify;\">Para solicitar a <em>declara\u00e7\u00e3o de valor<\/em> <strong>para fins de reconhecimento de profiss\u00e3o \u00e9 necess\u00e1rio:<\/strong><\/p>\n<ul style=\"text-align: justify;\">\n<li>Ler atentamente as instru\u00e7\u00f5es elencadas na se\u00e7\u00e3o anterior (<strong><a href=\"https:\/\/conssanpaolo.esteri.it\/pt\/italia-e-brasile\/diplomazia-culturale\/estudo\/declaracao-de-valor\/instdichvalore\">clique aqui<\/a><\/strong>) para N\u00c3O COMETER ERROS ao preparar os documentos abaixo;<\/li>\n<li><strong>FORMUL\u00c1RIO\u00a0<\/strong>(<strong><a href=\"https:\/\/conssanpaolo.esteri.it\/wp-content\/uploads\/2026\/02\/domanda-ddv-nuova.pdf\">clique aqui<\/a> <\/strong>para baixar)\u00a0devidamente preenchido, datado e assinado pelo interessado;<\/li>\n<li>C\u00f3pia simples do documento de identidade do interessado (RG, CNH ou passaporte v\u00e1lidos);<\/li>\n<li><strong>DIPLOMA DA GRADUA\u00c7\u00c3O<\/strong>\u00a0<strong>ORIGINAL<\/strong>\u00a0com\u00a0<em>apostilla<\/em>\u00a0e tradu\u00e7\u00e3o juramentada para o italiano tamb\u00e9m com\u00a0<em>apostilla;<\/em><\/li>\n<li><strong>DECLARA\u00c7\u00c3O ORIGINAL<\/strong>\u00a0<strong>DE AUTENTICIDADE DO DIPLOMA<\/strong>\u00a0(<a href=\"https:\/\/conssanpaolo.esteri.it\/wp-content\/uploads\/2026\/03\/CONFIRMACAO-DE-AUTENTICIDADE-DIPLOMA.pdf\">clique aqui<\/a>\u00a0para baixar) preenchida pela universidade e com firma reconhecida do respons\u00e1vel (n\u00e3o \u00e9 necess\u00e1ria\u00a0<em>apostilla<\/em>\u00a0ou tradu\u00e7\u00e3o neste documento);<\/li>\n<li><strong>HIST\u00d3RICO ESCOLAR ORIGINAL DA GRADUA\u00c7\u00c3O<\/strong>\u00a0com\u00a0<em>apostilla<\/em>\u00a0e tradu\u00e7\u00e3o juramentada para o italiano tamb\u00e9m com\u00a0<em>apostilla;<\/em><\/li>\n<li><strong>DECLARA\u00c7\u00c3O ORIGINAL<\/strong>\u00a0<strong>DE AUTENTICIDADE DO HIST\u00d3RICO ESCOLAR\u00a0<\/strong>(<a href=\"https:\/\/conssanpaolo.esteri.it\/wp-content\/uploads\/2026\/03\/CONFIRMACAO-DE-AUTENTICIDADE-DE-HISTORICO-ACADEMICO.pdf\">clique aqui<\/a>\u00a0para baixar) preenchida pela universidade e com firma reconhecida do respons\u00e1vel (n\u00e3o \u00e9 necess\u00e1ria\u00a0<em>apostilla<\/em>\u00a0ou tradu\u00e7\u00e3o neste documento);<\/li>\n<li><strong>CONTE\u00daDO PROGRAM\u00c1TICO ORIGINAL\u00a0<\/strong>de todas as disciplinas do curso, encadernado e com todas as p\u00e1ginas numeradas (n\u00e3o \u00e9 necess\u00e1ria\u00a0<em>apostilla<\/em>, tradu\u00e7\u00e3o ou c\u00f3pia do conte\u00fado program\u00e1tico);<\/li>\n<li><strong>DECLARA\u00c7\u00c3O\u00a0ORIGINAL relativa ao conte\u00fado program\u00e1tico<\/strong>\u00a0(com\u00a0<em>apostilla<\/em>\u00a0e tradu\u00e7\u00e3o juramentada para o italiano, tamb\u00e9m com\u00a0<em>apostilla<\/em>) emitida, com data e assinatura do respons\u00e1vel, pela universidade\/institui\u00e7\u00e3o de ensino onde conste claramente escrito:\n<ul>\n<li>Nome completo do aluno;<\/li>\n<li>Denomina\u00e7\u00e3o do curso;<\/li>\n<li>N\u00famero de p\u00e1ginas do conte\u00fado program\u00e1tico;<\/li>\n<\/ul>\n<\/li>\n<\/ul>\n<ul style=\"text-align: justify;\">\n<li><strong>DECLARA\u00c7\u00c3O SOBRE A PROFISS\u00c3O<\/strong><\/li>\n<\/ul>\n<p style=\"padding-left: 40px; text-align: justify;\"><strong>&#8211; SE A SUA <u>PROFISS\u00c3O \u00c9 REGULAMENTADA<\/u> NO BRASIL<\/strong><\/p>\n<ul style=\"text-align: justify;\">\n<li style=\"list-style-type: none;\">\n<ul>\n<li>DECLARA\u00c7\u00c3O ORIGINAL DO CONSELHO FEDERAL\/REGIONAL DA PROFISS\u00c3O ou \u00f3rg\u00e3o competente (com apostilla e tradu\u00e7\u00e3o juramentada para o italiano tamb\u00e9m com apostilla) onde conste claramente:\n<ul>\n<li>Que o interessado est\u00e1 (ou esteve em qual per\u00edodo) ativamente inscrito e desde quando;<\/li>\n<li>N\u00famero da inscri\u00e7\u00e3o;<\/li>\n<li>Os dados da Lei Federal que regulamenta o exerc\u00edcio da profiss\u00e3o no Brasil;<\/li>\n<li>Aus\u00eancia de impedimento ao leg\u00edtimo exerc\u00edcio da profiss\u00e3o no Brasil;<\/li>\n<li>ATEN\u00c7\u00c3O: esta declara\u00e7\u00e3o do Conselho deve ter sido <strong>emitida h\u00e1 menos de 90 dias;<\/strong><\/li>\n<\/ul>\n<\/li>\n<\/ul>\n<\/li>\n<\/ul>\n<p style=\"padding-left: 40px; text-align: justify;\"><strong>&#8211; SE A SUA <u>PROFISS\u00c3O N\u00c3O \u00c9 REGULAMENTADA<\/u> NO BRASIL<\/strong><\/p>\n<p style=\"padding-left: 40px; text-align: justify;\">Se a profiss\u00e3o n\u00e3o tiver um Conselho pr\u00f3prio e n\u00e3o for regulamentada pela legisla\u00e7\u00e3o local, a institui\u00e7\u00e3o de ensino competente pela emiss\u00e3o do t\u00edtulo\/diploma\/certificado deve fazer uma<\/p>\n<ul style=\"text-align: justify;\">\n<li style=\"list-style-type: none;\">\n<ul>\n<li><strong>Declara\u00e7\u00e3o (que deve ter apostilla e tradu\u00e7\u00e3o juramentada para o italiano tamb\u00e9m com apostilla) onde esteja esclarecido<\/strong>:\n<ul>\n<li>Que o t\u00edtulo\/certificado emitido possibilita o exerc\u00edcio de profiss\u00e3o n\u00e3o regulamentada pela legisla\u00e7\u00e3o local;<\/li>\n<li>Atividades profissionais que o t\u00edtulo\/certificado habilita a exercer no Brasil;<\/li>\n<li>Se para a obten\u00e7\u00e3o do t\u00edtulo \u00e9 necess\u00e1rio est\u00e1gio e\/ou aulas pr\u00e1ticas na \u00e1rea da profiss\u00e3o n\u00e3o regulamentada que ser\u00e1 exercida futuramente;<\/li>\n<\/ul>\n<\/li>\n<\/ul>\n<\/li>\n<\/ul>\n<ul>\n<li style=\"text-align: justify;\">C\u00f3pia simples de toda a documenta\u00e7\u00e3o acima, frente e verso (menos do conte\u00fado program\u00e1tico);<\/li>\n<li style=\"text-align: justify;\">C\u00f3pia simples a mais do Certificado\/Diploma (frente e verso, original e tradu\u00e7\u00e3o, que ser\u00e1 anexada <em>\u00e0 declara\u00e7\u00e3o de valor<\/em>).<\/li>\n<\/ul>\n","protected":false},"excerpt":{"rendered":"Para solicitar a declara\u00e7\u00e3o de valor para fins de reconhecimento de profiss\u00e3o \u00e9 necess\u00e1rio: Ler atentamente as instru\u00e7\u00f5es elencadas na se\u00e7\u00e3o anterior (clique aqui) para N\u00c3O COMETER ERROS ao preparar os documentos abaixo; FORMUL\u00c1RIO\u00a0(clique aqui para baixar)\u00a0devidamente preenchido, datado e assinado pelo interessado; C\u00f3pia simples do documento de identidade do interessado (RG, CNH ou passaporte [&hellip;]","protected":false},"author":6,"featured_media":0,"parent":7938,"menu_order":4,"comment_status":"closed","ping_status":"closed","template":"","meta":{"footnotes":""},"class_list":["post-7974","page","type-page","status-publish","hentry"],"_links":{"self":[{"href":"https:\/\/conssanpaolo.esteri.it\/pt\/wp-json\/wp\/v2\/pages\/7974","targetHints":{"allow":["GET"]}}],"collection":[{"href":"https:\/\/conssanpaolo.esteri.it\/pt\/wp-json\/wp\/v2\/pages"}],"about":[{"href":"https:\/\/conssanpaolo.esteri.it\/pt\/wp-json\/wp\/v2\/types\/page"}],"author":[{"embeddable":true,"href":"https:\/\/conssanpaolo.esteri.it\/pt\/wp-json\/wp\/v2\/users\/6"}],"replies":[{"embeddable":true,"href":"https:\/\/conssanpaolo.esteri.it\/pt\/wp-json\/wp\/v2\/comments?post=7974"}],"version-history":[{"count":7,"href":"https:\/\/conssanpaolo.esteri.it\/pt\/wp-json\/wp\/v2\/pages\/7974\/revisions"}],"predecessor-version":[{"id":10268,"href":"https:\/\/conssanpaolo.esteri.it\/pt\/wp-json\/wp\/v2\/pages\/7974\/revisions\/10268"}],"up":[{"embeddable":true,"href":"https:\/\/conssanpaolo.esteri.it\/pt\/wp-json\/wp\/v2\/pages\/7938"}],"wp:attachment":[{"href":"https:\/\/conssanpaolo.esteri.it\/pt\/wp-json\/wp\/v2\/media?parent=7974"}],"curies":[{"name":"wp","href":"https:\/\/api.w.org\/{rel}","templated":true}]}}