{"id":7967,"date":"2025-06-24T14:33:13","date_gmt":"2025-06-24T17:33:13","guid":{"rendered":"https:\/\/conssanpaolo.esteri.it\/?page_id=7967"},"modified":"2026-03-05T10:16:21","modified_gmt":"2026-03-05T13:16:21","slug":"dvposgrad","status":"publish","type":"page","link":"https:\/\/conssanpaolo.esteri.it\/pt\/italia-e-brasile\/diplomazia-culturale\/estudo\/declaracao-de-valor\/instdichvalore\/dvposgrad\/","title":{"rendered":"Declara\u00e7\u00e3o de valor \u2013 p\u00f3s-gradua\u00e7\u00e3o, especializa\u00e7\u00e3o, mestrado, doutorado"},"content":{"rendered":"<p><strong>Para solicitar a declara\u00e7\u00e3o de valor relativa \u00e0 p\u00f3s-gradua\u00e7\u00e3o, especializa\u00e7\u00e3o, mestrado ou doutorado \u00e9 necess\u00e1rio:<\/strong><\/p>\n<ul>\n<li>Ler atentamente as instru\u00e7\u00f5es elencadas na se\u00e7\u00e3o anterior (<strong><a href=\"https:\/\/conssanpaolo.esteri.it\/pt\/italia-e-brasile\/diplomazia-culturale\/estudo\/declaracao-de-valor\/instdichvalore\">clique aqui<\/a><\/strong>) para N\u00c3O COMETER ERROS ao preparar os documentos abaixo;<\/li>\n<li><strong>FORMUL\u00c1RIO\u00a0<\/strong>(<a href=\"https:\/\/conssanpaolo.esteri.it\/wp-content\/uploads\/2026\/02\/domanda-ddv-nuova.pdf\"><strong>clique aqui<\/strong><\/a> para baixar)\u00a0devidamente preenchido, datado e assinado pelo interessado;<\/li>\n<li>C\u00f3pia simples do documento de identidade do interessado (RG, CNH ou passaporte v\u00e1lidos);<\/li>\n<li><strong>DIPLOMA\/T\u00cdTULO\/CERTIFICADO ORIGINAL DA P\u00d3S-GRADUA\u00c7\u00c3O\/ESPECIALIZA\u00c7\u00c3O\/MESTRADO\/ DOUTORADO\u00a0<\/strong>com\u00a0<em>apostilla<\/em>\u00a0e tradu\u00e7\u00e3o juramentada para o italiano tamb\u00e9m com\u00a0<em>apostilla;<\/em><\/li>\n<li><strong>DECLARA\u00c7\u00c3O ORIGINAL<\/strong>\u00a0<strong>DE AUTENTICIDADE DO DIPLOMA<\/strong>\u00a0(<a href=\"https:\/\/conssanpaolo.esteri.it\/wp-content\/uploads\/2026\/03\/CONFIRMACAO-DE-AUTENTICIDADE-DIPLOMA.pdf\">clique aqui<\/a>\u00a0para baixar) preenchida pela universidade\/institui\u00e7\u00e3o que o emitiu com firma reconhecida do respons\u00e1vel (n\u00e3o \u00e9 necess\u00e1ria\u00a0<em>apostilla<\/em>\u00a0ou tradu\u00e7\u00e3o neste documento);<\/li>\n<li><strong>DECLARA\u00c7\u00c3O\u00a0ORIGINAL\u00a0<\/strong>(com\u00a0<em>apostilla<\/em>\u00a0e tradu\u00e7\u00e3o juramentada para o italiano, tamb\u00e9m com\u00a0<em>apostilla<\/em>) emitida pela universidade\/institui\u00e7\u00e3o competente com data e assinatura do respons\u00e1vel, <strong><u>onde conste claramente escrito<\/u>:<\/strong>\n<ul>\n<li>Dura\u00e7\u00e3o total (em horas, meses ou anos) da p\u00f3s-gradua\u00e7\u00e3o\/especializa\u00e7\u00e3o\/mestrado\/ doutorado;<\/li>\n<li>Data de in\u00edcio e fim;<\/li>\n<li>Requisitos de acesso (por exemplo, qual a gradua\u00e7\u00e3o necess\u00e1ria, qual diploma, eventual prova de sele\u00e7\u00e3o, pr\u00e1tica da profiss\u00e3o, etc.);<\/li>\n<li>Percurso acad\u00eamico efetuado para conseguir o t\u00edtulo;<\/li>\n<li>Se for o caso, data de defesa da tese;<\/li>\n<li><span style=\"color: #ff0000;\">Aten\u00e7\u00e3o<\/span>: o hist\u00f3rico da\u00a0p\u00f3s-gradua\u00e7\u00e3o\/especializa\u00e7\u00e3o\/mestrado\/doutorado\u00a0<u>n\u00e3o<\/u>\u00a0substitui esta\u00a0declara\u00e7\u00e3o.<\/li>\n<\/ul>\n<\/li>\n<\/ul>\n<p><strong>Caso queira<\/strong> a declara\u00e7\u00e3o de valor de sua p\u00f3s-gradua\u00e7\u00e3o, especializa\u00e7\u00e3o, mestrado, doutorado <strong>para fins de reconhecimento profissional<\/strong>, apresente, al\u00e9m da documenta\u00e7\u00e3o acima elencada, tamb\u00e9m:<\/p>\n<p><strong>\u2013 SE A SUA\u00a0<u>PROFISS\u00c3O \u00c9 REGULAMENTADA<\/u>\u00a0NO BRASIL<\/strong><\/p>\n<ul>\n<li>DECLARA\u00c7\u00c3O ORIGINAL DO CONSELHO FEDERAL\/REGIONAL DA PROFISS\u00c3O ou \u00f3rg\u00e3o competente (com apostilla e tradu\u00e7\u00e3o juramentada para o italiano tamb\u00e9m com apostilla) onde conste claramente:\n<ul>\n<li style=\"list-style-type: none;\">\n<ul>\n<li>Que o interessado est\u00e1 (ou esteve em qual per\u00edodo) ativamente inscrito e desde quando;<\/li>\n<li>N\u00famero da inscri\u00e7\u00e3o;<\/li>\n<li>Os dados da Lei Federal que regulamenta o exerc\u00edcio da profiss\u00e3o no Brasil;<\/li>\n<li>Aus\u00eancia de impedimento ao leg\u00edtimo exerc\u00edcio da profiss\u00e3o no Brasil;<\/li>\n<li>ATEN\u00c7\u00c3O: esta declara\u00e7\u00e3o do Conselho deve ter sido\u00a0<strong>emitida h\u00e1 menos de 90 dias;<\/strong><\/li>\n<\/ul>\n<\/li>\n<\/ul>\n<\/li>\n<\/ul>\n<p><strong>\u00a0<\/strong><strong>\u2013 SE A SUA\u00a0<u>PROFISS\u00c3O N\u00c3O \u00c9 REGULAMENTADA<\/u>\u00a0NO BRASIL<\/strong><\/p>\n<p>Se a profiss\u00e3o n\u00e3o tiver um Conselho pr\u00f3prio e n\u00e3o for regulamentada pela legisla\u00e7\u00e3o local,\u00a0<strong>a institui\u00e7\u00e3o de ensino competente pela emiss\u00e3o do t\u00edtulo\/diploma\/certificado deve fazer uma<\/strong><\/p>\n<ul>\n<li>DECLARA\u00c7\u00c3O (que deve ter apostilla e tradu\u00e7\u00e3o juramentada para o italiano tamb\u00e9m com apostilla)\u00a0<strong>onde esteja esclarecido:<\/strong>\n<ul>\n<li style=\"list-style-type: none;\">\n<ul>\n<li>Que o t\u00edtulo\/certificado emitido possibilita o exerc\u00edcio de profiss\u00e3o n\u00e3o regulamentada pela legisla\u00e7\u00e3o local;<\/li>\n<li>Atividades profissionais que o t\u00edtulo\/certificado habilita a exercer no Brasil;<\/li>\n<li>Se para a obten\u00e7\u00e3o do t\u00edtulo \u00e9 necess\u00e1rio est\u00e1gio e\/ou aulas pr\u00e1ticas na \u00e1rea da profiss\u00e3o n\u00e3o regulamentada que ser\u00e1 exercida futuramente;<\/li>\n<\/ul>\n<\/li>\n<\/ul>\n<\/li>\n<\/ul>\n<ul>\n<li>C\u00f3pia simples de toda a documenta\u00e7\u00e3o acima, frente e verso;<\/li>\n<li>C\u00f3pia simples a mais do Certificado\/Diploma (frente e verso, original e tradu\u00e7\u00e3o, que ser\u00e1 anexada\u00a0<em>\u00e0 declara\u00e7\u00e3o de valor<\/em>).<\/li>\n<\/ul>\n","protected":false},"excerpt":{"rendered":"Para solicitar a declara\u00e7\u00e3o de valor relativa \u00e0 p\u00f3s-gradua\u00e7\u00e3o, especializa\u00e7\u00e3o, mestrado ou doutorado \u00e9 necess\u00e1rio: Ler atentamente as instru\u00e7\u00f5es elencadas na se\u00e7\u00e3o anterior (clique aqui) para N\u00c3O COMETER ERROS ao preparar os documentos abaixo; FORMUL\u00c1RIO\u00a0(clique aqui para baixar)\u00a0devidamente preenchido, datado e assinado pelo interessado; C\u00f3pia simples do documento de identidade do interessado (RG, CNH ou [&hellip;]","protected":false},"author":6,"featured_media":0,"parent":7938,"menu_order":3,"comment_status":"closed","ping_status":"closed","template":"","meta":{"footnotes":""},"class_list":["post-7967","page","type-page","status-publish","hentry"],"_links":{"self":[{"href":"https:\/\/conssanpaolo.esteri.it\/pt\/wp-json\/wp\/v2\/pages\/7967","targetHints":{"allow":["GET"]}}],"collection":[{"href":"https:\/\/conssanpaolo.esteri.it\/pt\/wp-json\/wp\/v2\/pages"}],"about":[{"href":"https:\/\/conssanpaolo.esteri.it\/pt\/wp-json\/wp\/v2\/types\/page"}],"author":[{"embeddable":true,"href":"https:\/\/conssanpaolo.esteri.it\/pt\/wp-json\/wp\/v2\/users\/6"}],"replies":[{"embeddable":true,"href":"https:\/\/conssanpaolo.esteri.it\/pt\/wp-json\/wp\/v2\/comments?post=7967"}],"version-history":[{"count":7,"href":"https:\/\/conssanpaolo.esteri.it\/pt\/wp-json\/wp\/v2\/pages\/7967\/revisions"}],"predecessor-version":[{"id":10277,"href":"https:\/\/conssanpaolo.esteri.it\/pt\/wp-json\/wp\/v2\/pages\/7967\/revisions\/10277"}],"up":[{"embeddable":true,"href":"https:\/\/conssanpaolo.esteri.it\/pt\/wp-json\/wp\/v2\/pages\/7938"}],"wp:attachment":[{"href":"https:\/\/conssanpaolo.esteri.it\/pt\/wp-json\/wp\/v2\/media?parent=7967"}],"curies":[{"name":"wp","href":"https:\/\/api.w.org\/{rel}","templated":true}]}}