{"id":7960,"date":"2025-06-24T14:31:15","date_gmt":"2025-06-24T17:31:15","guid":{"rendered":"https:\/\/conssanpaolo.esteri.it\/?page_id=7960"},"modified":"2026-03-05T09:53:12","modified_gmt":"2026-03-05T12:53:12","slug":"dvgraduacao","status":"publish","type":"page","link":"https:\/\/conssanpaolo.esteri.it\/pt\/italia-e-brasile\/diplomazia-culturale\/estudo\/declaracao-de-valor\/instdichvalore\/dvgraduacao\/","title":{"rendered":"Declara\u00e7\u00e3o de valor \u2013 gradua\u00e7\u00e3o"},"content":{"rendered":"<p>Para solicitar a declara\u00e7\u00e3o de valor relativa ao <strong>diploma universit\u00e1rio<\/strong> \u00e9 necess\u00e1rio:<\/p>\n<ul>\n<li>Ler atentamente as instru\u00e7\u00f5es elencadas na se\u00e7\u00e3o anterior (<a href=\"https:\/\/conssanpaolo.esteri.it\/pt\/italia-e-brasile\/diplomazia-culturale\/estudo\/declaracao-de-valor\/instdichvalore\"><strong>clique aqui<\/strong><\/a>) para N\u00c3O COMETER ERROS ao preparar os documentos abaixo;<\/li>\n<li><strong>FORMUL\u00c1RIO <\/strong>(<a href=\"https:\/\/conssanpaolo.esteri.it\/wp-content\/uploads\/2026\/02\/domanda-ddv-nuova.pdf\"><strong>clique aqui <\/strong><\/a>para baixar) devidamente preenchido, datado e assinado pelo interessado;<\/li>\n<li>C\u00f3pia simples do documento de identidade do interessado (RG, CNH ou passaporte v\u00e1lidos);<\/li>\n<li><strong>DIPLOMA DA GRADUA\u00c7\u00c3O<\/strong>\u00a0<strong>ORIGINAL<\/strong>\u00a0com\u00a0<em>apostilla<\/em>\u00a0e tradu\u00e7\u00e3o juramentada para o italiano tamb\u00e9m com\u00a0<em>apostilla;<\/em><\/li>\n<li><strong>DECLARA\u00c7\u00c3O ORIGINAL<\/strong>\u00a0<strong>DE AUTENTICIDADE DO DIPLOMA<\/strong>\u00a0(<a href=\"https:\/\/conssanpaolo.esteri.it\/wp-content\/uploads\/2026\/03\/CONFIRMACAO-DE-AUTENTICIDADE-DIPLOMA.pdf\">clique aqui<\/a>\u00a0para baixar) preenchida pela universidade e com firma reconhecida do respons\u00e1vel (n\u00e3o \u00e9 necess\u00e1ria\u00a0<em>apostilla<\/em>\u00a0ou tradu\u00e7\u00e3o neste documento);<\/li>\n<li><strong>HIST\u00d3RICO ESCOLAR ORIGINAL DA GRADUA\u00c7\u00c3O<\/strong>\u00a0com\u00a0<em>apostilla<\/em>\u00a0e tradu\u00e7\u00e3o juramentada para o italiano tamb\u00e9m com\u00a0<em>apostilla;<\/em><\/li>\n<li><strong>DECLARA\u00c7\u00c3O ORIGINAL<\/strong>\u00a0<strong>DE AUTENTICIDADE DO HIST\u00d3RICO ESCOLAR\u00a0<\/strong>(<a href=\"https:\/\/conssanpaolo.esteri.it\/wp-content\/uploads\/2026\/03\/CONFIRMACAO-DE-AUTENTICIDADE-DE-HISTORICO-ACADEMICO.pdf\">clique aqui<\/a>\u00a0para baixar) preenchida pela universidade e com firma reconhecida do respons\u00e1vel (n\u00e3o \u00e9 necess\u00e1ria\u00a0<em>apostilla<\/em>\u00a0ou tradu\u00e7\u00e3o neste documento);<\/li>\n<li>C\u00f3pia simples de toda a documenta\u00e7\u00e3o acima, frente e verso;<\/li>\n<li><strong>C\u00d3PIA SIMPLES a mais do Diploma completo<\/strong> (frente e verso, original e tradu\u00e7\u00e3o, que ser\u00e1 anexada\u00a0<em>\u00e0 declara\u00e7\u00e3o de valor<\/em>).<\/li>\n<\/ul>\n","protected":false},"excerpt":{"rendered":"Para solicitar a declara\u00e7\u00e3o de valor relativa ao diploma universit\u00e1rio \u00e9 necess\u00e1rio: Ler atentamente as instru\u00e7\u00f5es elencadas na se\u00e7\u00e3o anterior (clique aqui) para N\u00c3O COMETER ERROS ao preparar os documentos abaixo; FORMUL\u00c1RIO (clique aqui para baixar) devidamente preenchido, datado e assinado pelo interessado; C\u00f3pia simples do documento de identidade do interessado (RG, CNH ou passaporte [&hellip;]","protected":false},"author":6,"featured_media":0,"parent":7938,"menu_order":2,"comment_status":"closed","ping_status":"closed","template":"","meta":{"footnotes":""},"class_list":["post-7960","page","type-page","status-publish","hentry"],"_links":{"self":[{"href":"https:\/\/conssanpaolo.esteri.it\/pt\/wp-json\/wp\/v2\/pages\/7960","targetHints":{"allow":["GET"]}}],"collection":[{"href":"https:\/\/conssanpaolo.esteri.it\/pt\/wp-json\/wp\/v2\/pages"}],"about":[{"href":"https:\/\/conssanpaolo.esteri.it\/pt\/wp-json\/wp\/v2\/types\/page"}],"author":[{"embeddable":true,"href":"https:\/\/conssanpaolo.esteri.it\/pt\/wp-json\/wp\/v2\/users\/6"}],"replies":[{"embeddable":true,"href":"https:\/\/conssanpaolo.esteri.it\/pt\/wp-json\/wp\/v2\/comments?post=7960"}],"version-history":[{"count":7,"href":"https:\/\/conssanpaolo.esteri.it\/pt\/wp-json\/wp\/v2\/pages\/7960\/revisions"}],"predecessor-version":[{"id":10262,"href":"https:\/\/conssanpaolo.esteri.it\/pt\/wp-json\/wp\/v2\/pages\/7960\/revisions\/10262"}],"up":[{"embeddable":true,"href":"https:\/\/conssanpaolo.esteri.it\/pt\/wp-json\/wp\/v2\/pages\/7938"}],"wp:attachment":[{"href":"https:\/\/conssanpaolo.esteri.it\/pt\/wp-json\/wp\/v2\/media?parent=7960"}],"curies":[{"name":"wp","href":"https:\/\/api.w.org\/{rel}","templated":true}]}}