{"id":7938,"date":"2025-06-24T14:22:41","date_gmt":"2025-06-24T17:22:41","guid":{"rendered":"https:\/\/conssanpaolo.esteri.it\/?page_id=7938"},"modified":"2026-02-19T10:29:17","modified_gmt":"2026-02-19T13:29:17","slug":"instdichvalore","status":"publish","type":"page","link":"https:\/\/conssanpaolo.esteri.it\/pt\/italia-e-brasile\/diplomazia-culturale\/estudo\/declaracao-de-valor\/instdichvalore\/","title":{"rendered":"Instru\u00e7\u00f5es para solicitar a declara\u00e7\u00e3o de valor"},"content":{"rendered":"<p><strong>ANTES DE SOLICITAR ESTE SERVI\u00c7O, \u00c9 DE ABSOLUTA IMPORT\u00c2NCIA QUE OS\u00a0<u>INTERESSADOS LEIAM COM MUITA ATEN\u00c7\u00c3O AS INSTRU\u00c7\u00d5ES AQUI PUBLICADAS<\/u>\u00a0PARA APRESENTAR CORRETAMENTE A DOCUMENTA\u00c7\u00c3O NECESS\u00c1RIA COMPLETA.<\/strong><\/p>\n<p>Se houver d\u00favida sobre a emiss\u00e3o da declara\u00e7\u00e3o de valor\u00a0<strong><u>que j\u00e1 n\u00e3o esteja aqui esclarecida<\/u><\/strong>, ser\u00e1 respondida somente por e-mail:\u00a0<a href=\"mailto:sanpaolo.diplomi@esteri.it\">sanpaolo.diplomi@esteri.it<\/a><\/p>\n<p>O atendimento \u00e9 feito presencialmente SOMENTE com agendamento\u00a0<u>individual e nominal<\/u>\u00a0pelo\u00a0<a href=\"https:\/\/prenotami.esteri.it\/\"><strong>PRENOT@MI<\/strong><\/a>.\u00a0Ou seja,\u00a0<strong>o agendamento deve ser feito pelo direto interessado<\/strong>\u00a0com todos os seus dados atuais. Isto significa que n\u00e3o devem ser declarados dados de terceiros!<\/p>\n<p><strong><u>N\u00e3o \u00e9 aceita<\/u><\/strong><strong> documenta\u00e7\u00e3o por correio, nem por \u201cdelivery\/entrega\/motoboy\u201d e nem por e-mail, isto quer dizer que a pessoa agendada ou seu procurador devem entrar, pegar a senha e aguardar o atendimento. Tamb\u00e9m n\u00e3o \u00e9 feita pr\u00e9-an\u00e1lise<\/strong>, logo, eventuais envios equivocados, postais ou eletr\u00f4nicos, ser\u00e3o peremptoriamente desconsiderados.<\/p>\n<p>Se o direto interessado n\u00e3o puder comparecer na data agendada,<strong>\u00a0\u00e9 poss\u00edvel autorizar um familiar ou pessoa de confian\u00e7a a apresentar a documenta\u00e7\u00e3o<\/strong>.<\/p>\n<p>Para isso, o\u00a0<strong>direto interessado deve fazer uma procura\u00e7\u00e3o simples<\/strong>\u00a0(sem necessidade de reconhecimento de firma em cart\u00f3rio), com data recente e assinatura manual conforme o pr\u00f3prio documento de identidade v\u00e1lido, onde estejam claramente escritos:<\/p>\n<p>\u2013 os dados do interessado<\/p>\n<p>\u2013 os dados do procurador<\/p>\n<p>\u2013 qual o servi\u00e7o solicitado (que pode ser: a apresenta\u00e7\u00e3o do pedido de declara\u00e7\u00e3o de valor\u00a0<strong>OU<\/strong>\u00a0a retirada da documenta\u00e7\u00e3o original e da declara\u00e7\u00e3o de valor pronta)<\/p>\n<p>Anexar c\u00f3pia simples do documento de identidade do procurador.<\/p>\n<p><strong>SE N\u00c3O FOREM SEGUIDAS AS INSTRU\u00c7\u00d5ES PUBLICADAS E A DOCUMENTA\u00c7\u00c3O ESTIVER INCORRETA, O PEDIDO N\u00c3O SER\u00c1 ACEITO E DEVER\u00c1 SER FEITO NOVO AGENDAMENTO PARA APRESENTAR NOVA SOLICITA\u00c7\u00c3O.<\/strong><\/p>\n<p><strong>SE A DOCUMENTA\u00c7\u00c3O ESTIVER COMPLETA \u00c0 PRIMEIRA VISTA DURANTE O ATENDIMENTO, MAS AP\u00d3S A AN\u00c1LISE MAIS APROFUNDADA FOR NECESS\u00c1RIA INTEGRA\u00c7\u00c3O, PODER\u00c3O SER SOLICITADOS DOCUMENTOS OU ESCLARECIMENTOS ADICIONAIS.<\/strong><\/p>\n<p>&nbsp;<\/p>\n<p><span style=\"color: #ff0000;\"><strong><u>ATEN\u00c7\u00c3O!! LEIA OS PONTOS A SEGUIR COM CUIDADO E N\u00c3O COMETA ERROS!!<\/u><\/strong><\/span><\/p>\n<ul>\n<li>Documentos digitais\/eletr\u00f4nicos (como diplomas, hist\u00f3ricos, etc.) s\u00f3 ser\u00e3o aceitos se forem MATERIALIZADOS e AUTENTICADOS por um cart\u00f3rio antes de ser colocada a\u00a0<em>apostilla<\/em>. Isto significa que<strong>\u00a0todo e qualquer documento digital ou eletr\u00f4nico deve ser produzido fisicamente em cart\u00f3rio, o qual deve fazer a verifica\u00e7\u00e3o on-line e autenticar (colocando um carimbo ou selo) a sua veracidade<\/strong>. Somente ap\u00f3s esta etapa conclu\u00edda se coloca a apostilla no documento eletr\u00f4nico materializado.<\/li>\n<li>DOCUMENTOS DIGITAIS QUE N\u00c3O TENHAM SIDO MATERIALIZADOS E AUTENTICADOS POR UM CART\u00d3RIO\u00a0<u>N\u00c3O SER\u00c3O ACEITOS<\/u>.<\/li>\n<li>N\u00c3O S\u00c3O ACEITAS APOSTILLAS ELETR\u00d4NICAS.<\/li>\n<li>As Declara\u00e7\u00f5es originais de Autenticidade do Diploma e do Hist\u00f3rico Acad\u00eamico das universidades\/institui\u00e7\u00f5es de ensino se forem <strong>ASSINADAS DIGITALMENTE DEVEM SER ACOMPANHADAS DO RELATIVO\u00a0<u>QRCODE<\/u><\/strong>\u00a0para a devida verifica\u00e7\u00e3o on-line. Sem o QRcode a documenta\u00e7\u00e3o n\u00e3o ser\u00e1 aceita e o interessado dever\u00e1 fazer novo agendamento para apresentar a documenta\u00e7\u00e3o completa e correta.\u00a0<u>Na impossibilidade de ter o Qrcode, tais declara\u00e7\u00f5es dever\u00e3o ser assinada manualmente e reconhecidas em cart\u00f3rio.\u00a0<\/u><\/li>\n<li><strong>A apostilla do documento original deve ser relativa \u00e0 assinatura (mesmo se for digital\/eletr\u00f4nica)\u00a0<u>do respons\u00e1vel da escola\/universidade\/conselho pela emiss\u00e3o de tal documento<\/u><\/strong>\u00a0(ou seja, reportar seu o nome e cargo) e\u00a0<u>N\u00c3O \u00c9 O NOME DO ESCREVENTE DO CART\u00d3RIO QUE DEVE CONSTAR NELA<\/u>;<\/li>\n<li><strong>A apostilla da tradu\u00e7\u00e3o juramentada original deve ser relativa \u00e0 assinatura do tradutor<\/strong>\u00a0(ou seja, reportar seu nome e cargo) e\u00a0<u>N\u00c3O \u00c9 O NOME DO ESCREVENTE DO CART\u00d3RIO QUE DEVE CONSTAR NELA<\/u>;<\/li>\n<li><strong>A declara\u00e7\u00e3o de valor \u00e9 emitida para cada ciclo escolar\/acad\u00eamico conclu\u00eddo. Conforme \u00faltimas instru\u00e7\u00f5es ministeriais, n\u00e3o \u00e9 mais necess\u00e1rio emitir uma declara\u00e7\u00e3o de valor para cada diploma\/t\u00edtulo\/certificado de forma cronol\u00f3gica, mas somente pra aquele que o interessado deseja.<\/strong><\/li>\n<li><strong><u>\u00c9 responsabilidade do direto interessato<\/u><\/strong><strong> saber quais declara\u00e7\u00f5es de valor (ou seja, de qual ciclo escolar\/acad\u00eamico conclu\u00eddo) solicitar informando-se diretamente com a institui\u00e7\u00e3o na Italia onde ir\u00e1 apresentar sua documenta\u00e7\u00e3o.<\/strong><\/li>\n<li><strong>Ap\u00f3s a an\u00e1lise da documenta\u00e7\u00e3o completa, este Consulado Geral poder\u00e1 solicitar qualquer integra\u00e7\u00e3o documental ou esclarecimento que se fa\u00e7a necess\u00e1rio para a emiss\u00e3o da declara\u00e7\u00e3o de valor.<\/strong><\/li>\n<li><strong>Todos os documentos elencados e solicitados s\u00e3o necess\u00e1rios e condi\u00e7\u00e3o\u00a0<\/strong><em><strong>sine qua non<\/strong><\/em><strong>\u00a0para a emiss\u00e3o da declara\u00e7\u00e3o de valor.<\/strong>\u00a0Sendo assim, contamos com a compreens\u00e3o e colabora\u00e7\u00e3o tanto dos interessados quanto das institui\u00e7\u00f5es escolares e acad\u00eamicas brasileiras para produzirem o que \u00e9 requerido, sempre conforme \u00e0 normativa italiana atual e exig\u00eancias deste Consulado Geral.<\/li>\n<\/ul>\n<p><strong>SE TODAS AS INFORMA\u00c7\u00d5ES ACIMA J\u00c1 FORAM LIDAS E COMPREENDIDAS,<\/strong><\/p>\n<p><strong>CLIQUE NA OP\u00c7\u00c3O DESEJADA ABAIXO<\/strong> (escolha o link que descreve o seu diploma\/certificado\/t\u00edtulo para o qual deseja solicitar a declara\u00e7\u00e3o de valor):<\/p>\n<ul>\n<li style=\"list-style-type: none;\">\n<ul>\n<li style=\"text-align: justify;\"><a href=\"https:\/\/conssanpaolo.esteri.it\/pt\/italia-e-brasile\/diplomazia-culturale\/estudo\/declaracao-de-valor\/instdichvalore\/dvensinomedio\/\"><strong>DECLARA\u00c7\u00c3O DE VALOR \u2013 ENSINO M\u00c9DIO<\/strong><\/a><\/li>\n<li><a href=\"https:\/\/conssanpaolo.esteri.it\/pt\/italia-e-brasile\/diplomazia-culturale\/studi\/declaracao-de-valor\/8057-2\/dichiarazione-di-valore-corso-tecnico\/\"><strong><u>DECLARA\u00c7\u00c3O DE VALOR \u2013 CURSO T\u00c9CNICO<\/u><\/strong><\/a><\/li>\n<li><a href=\"https:\/\/conssanpaolo.esteri.it\/pt\/italia-e-brasile\/diplomazia-culturale\/estudo\/declaracao-de-valor\/instdichvalore\/dvgraduacao\/\"><strong>DECLARA\u00c7\u00c3O DE VALOR \u2013 GRADUA\u00c7\u00c3O<\/strong><\/a><\/li>\n<li><a href=\"https:\/\/conssanpaolo.esteri.it\/pt\/italia-e-brasile\/diplomazia-culturale\/estudo\/declaracao-de-valor\/instdichvalore\/dvposgrad\/\"><strong>DECLARA\u00c7\u00c3O DE VALOR \u2013 P\u00d3S-GRADUA\u00c7\u00c3O, ESPECIALIZA\u00c7\u00c3O, MESTRADO, DOUTORADO<\/strong><\/a><\/li>\n<li><a href=\"https:\/\/conssanpaolo.esteri.it\/pt\/italia-e-brasile\/diplomazia-culturale\/estudo\/declaracao-de-valor\/instdichvalore\/dvprof\/\"><strong>DECLARA\u00c7\u00c3O DE VALOR \u2013 PARA FINS DE RECONHECIMENTO DE PROFISS\u00c3O<\/strong><\/a><\/li>\n<\/ul>\n<\/li>\n<\/ul>\n","protected":false},"excerpt":{"rendered":"ANTES DE SOLICITAR ESTE SERVI\u00c7O, \u00c9 DE ABSOLUTA IMPORT\u00c2NCIA QUE OS\u00a0INTERESSADOS LEIAM COM MUITA ATEN\u00c7\u00c3O AS INSTRU\u00c7\u00d5ES AQUI PUBLICADAS\u00a0PARA APRESENTAR CORRETAMENTE A DOCUMENTA\u00c7\u00c3O NECESS\u00c1RIA COMPLETA. Se houver d\u00favida sobre a emiss\u00e3o da declara\u00e7\u00e3o de valor\u00a0que j\u00e1 n\u00e3o esteja aqui esclarecida, ser\u00e1 respondida somente por e-mail:\u00a0sanpaolo.diplomi@esteri.it O atendimento \u00e9 feito presencialmente SOMENTE com agendamento\u00a0individual e nominal\u00a0pelo\u00a0PRENOT@MI.\u00a0Ou [&hellip;]","protected":false},"author":6,"featured_media":0,"parent":1780,"menu_order":1,"comment_status":"closed","ping_status":"closed","template":"","meta":{"footnotes":""},"class_list":["post-7938","page","type-page","status-publish","hentry"],"_links":{"self":[{"href":"https:\/\/conssanpaolo.esteri.it\/pt\/wp-json\/wp\/v2\/pages\/7938","targetHints":{"allow":["GET"]}}],"collection":[{"href":"https:\/\/conssanpaolo.esteri.it\/pt\/wp-json\/wp\/v2\/pages"}],"about":[{"href":"https:\/\/conssanpaolo.esteri.it\/pt\/wp-json\/wp\/v2\/types\/page"}],"author":[{"embeddable":true,"href":"https:\/\/conssanpaolo.esteri.it\/pt\/wp-json\/wp\/v2\/users\/6"}],"replies":[{"embeddable":true,"href":"https:\/\/conssanpaolo.esteri.it\/pt\/wp-json\/wp\/v2\/comments?post=7938"}],"version-history":[{"count":6,"href":"https:\/\/conssanpaolo.esteri.it\/pt\/wp-json\/wp\/v2\/pages\/7938\/revisions"}],"predecessor-version":[{"id":10071,"href":"https:\/\/conssanpaolo.esteri.it\/pt\/wp-json\/wp\/v2\/pages\/7938\/revisions\/10071"}],"up":[{"embeddable":true,"href":"https:\/\/conssanpaolo.esteri.it\/pt\/wp-json\/wp\/v2\/pages\/1780"}],"wp:attachment":[{"href":"https:\/\/conssanpaolo.esteri.it\/pt\/wp-json\/wp\/v2\/media?parent=7938"}],"curies":[{"name":"wp","href":"https:\/\/api.w.org\/{rel}","templated":true}]}}