{"id":7865,"date":"2025-06-23T13:46:20","date_gmt":"2025-06-23T16:46:20","guid":{"rendered":"https:\/\/conssanpaolo.esteri.it\/servizi-consolari-e-visti\/servizi-per-il-cittadino-straniero\/cittadinanza\/acquisto-citt-minori\/"},"modified":"2026-03-24T16:59:03","modified_gmt":"2026-03-24T19:59:03","slug":"acquisto-citt-minori","status":"publish","type":"page","link":"https:\/\/conssanpaolo.esteri.it\/pt\/servizi-consolari-e-visti\/servizi-per-il-cittadino-straniero\/cittadinanza\/acquisto-citt-minori\/","title":{"rendered":"Cidadania filhos menores (nova lei)"},"content":{"rendered":"<blockquote class=\"wp-embedded-content\" data-secret=\"FJjT5GDw5y\"><p><a href=\"https:\/\/conssanpaolo.esteri.it\/pt\/news\/dal_consolato\/2026\/03\/atualizacao-acerca-do-agendamento-para-registro-de-menores-por-beneficio-de-lei\/\">Atualiza\u00e7\u00e3o acerca do agendamento para registro de menores por benef\u00edcio de lei<\/a><\/p><\/blockquote>\n<p><iframe loading=\"lazy\" class=\"wp-embedded-content\" sandbox=\"allow-scripts\" security=\"restricted\" style=\"position: absolute; visibility: hidden;\" title=\"&#8220;Atualiza\u00e7\u00e3o acerca do agendamento para registro de menores por benef\u00edcio de lei&#8221; &#8212; Consolato Generale d&#039;Italia San Paolo\" src=\"https:\/\/conssanpaolo.esteri.it\/pt\/news\/dal_consolato\/2026\/03\/atualizacao-acerca-do-agendamento-para-registro-de-menores-por-beneficio-de-lei\/embed\/#?secret=DalFm0LZp0#?secret=FJjT5GDw5y\" data-secret=\"FJjT5GDw5y\" width=\"600\" height=\"338\" frameborder=\"0\" marginwidth=\"0\" marginheight=\"0\" scrolling=\"no\"><\/iframe><\/p>\n<p>&nbsp;<\/p>\n<p style=\"text-align: justify;\">A reforma da lei de cidadania modificou os requisitos para transmiss\u00e3o da cidadania italiana aos filhos menores de cidad\u00e3os italianos que possuam outra cidadania.<br \/>\nA cidadania poder\u00e1 ser adquirida por meio de <strong>declara\u00e7\u00e3o de vontade<\/strong> dos pais, acompanhada da documenta\u00e7\u00e3o necess\u00e1ria.<br \/>\n<strong>N\u00e3o ser\u00e1 mais por &#8220;nascimento&#8221;, e sim por \u201cbenef\u00edcio de lei\u201d<\/strong>, com efeitos a partir do dia seguinte \u00e0 declara\u00e7\u00e3o assinada por ambos os pais.<\/p>\n<p style=\"text-align: justify;\"><span style=\"color: #ff0000;\"><strong>Importante: N\u00c3O enviar certid\u00f5es de nascimento\/senten\u00e7as por correio. Eventuais documentos recebidos n\u00e3o poder\u00e3o ser processados e, portanto, ser\u00e3o devolvidos. Seguir atentamente as orienta\u00e7\u00f5es a seguir.<\/strong><\/span><\/p>\n<hr \/>\n<p data-start=\"0\" data-end=\"12\"><span style=\"color: #0956a7;\"><strong data-start=\"0\" data-end=\"12\">Premissa<\/strong><\/span><\/p>\n<p data-start=\"14\" data-end=\"324\">Os filhos menores de cidad\u00e3os italianos por nascimento, nascidos no exterior, <strong data-start=\"92\" data-end=\"181\">n\u00e3o s\u00e3o \u2013 com base nas modifica\u00e7\u00f5es legislativas \u2013 automaticamente cidad\u00e3os italianos<\/strong>. A cidadania poder\u00e1 ser adquirida mediante uma <strong data-start=\"229\" data-end=\"280\">declara\u00e7\u00e3o por parte dos pais ou do tutor legal<\/strong>, conforme os requisitos previstos na lei.<\/p>\n<p data-start=\"326\" data-end=\"376\">Nesse sentido, distingue-se, neste momento, entre:<\/p>\n<ul data-start=\"378\" data-end=\"1127\">\n<li data-start=\"378\" data-end=\"744\">\n<p data-start=\"380\" data-end=\"744\"><strong data-start=\"380\" data-end=\"520\">os filhos menores de cidad\u00e3os italianos por nascimento que eram menores de idade na data de entrada em vigor da lei (24 de maio de 2025)<\/strong>. Neste caso, os pais poder\u00e3o apresentar a declara\u00e7\u00e3o de vontade \u2013 acompanhada da documenta\u00e7\u00e3o completa e correta \u2013 <strong data-start=\"636\" data-end=\"689\">at\u00e9 as 23h59 (hora de Roma) de 31 de maio de 2029 (conforme altera\u00e7\u00e3o normativa introduzida pelo decreto lei n. 200 de 31 de dezembro de 2025);<\/strong><\/p>\n<\/li>\n<li data-start=\"746\" data-end=\"1127\">\n<p data-start=\"748\" data-end=\"1127\"><strong data-start=\"748\" data-end=\"840\">os filhos menores de cidad\u00e3os italianos por nascimento, nascidos a partir de 25 de maio de 2025<\/strong>. Neste caso, os pais dever\u00e3o apresentar a declara\u00e7\u00e3o de vontade \u2013 acompanhada da documenta\u00e7\u00e3o completa e correta \u2013 <strong data-start=\"956\" data-end=\"999\">dentro de tr\u00eas anos (alterado pela Legge di Bilancio 2026) a partir do nascimento<\/strong> (ou a partir da data em que se estabelece a filia\u00e7\u00e3o, no caso de ado\u00e7\u00e3o);<\/p>\n<\/li>\n<\/ul>\n<p data-start=\"1129\" data-end=\"1393\" data-is-last-node=\"\" data-is-only-node=\"\"><strong data-start=\"1129\" data-end=\"1144\">Observa\u00e7\u00e3o:<\/strong> para esses dois casos, ser\u00e3o progressivamente disponibilizadas, nas pr\u00f3ximas semanas, datas para agendamento no portal <strong data-start=\"1264\" data-end=\"1277\">Prenot@mi<\/strong>, para garantir o atendimento de <strong data-start=\"1316\" data-end=\"1352\">TODOS os requerentes com direito<\/strong> dentro dos prazos estabelecidos por lei.<\/p>\n<hr \/>\n<p>Para as instru\u00e7\u00f5es operativas clique na op\u00e7\u00e3o desejada:<\/p>\n<ul>\n<li><a href=\"https:\/\/conssanpaolo.esteri.it\/pt\/servizi-consolari-e-visti\/servizi-per-il-cittadino-straniero\/cittadinanza\/minore-i-residente-i-in-questa-circoscrizione-consolare\/\"><strong data-start=\"101\" data-end=\"156\">Menor(es) residente(s) nesta circunscri\u00e7\u00e3o consular<\/strong><\/a><\/li>\n<li><a href=\"https:\/\/conssanpaolo.esteri.it\/pt\/servizi-consolari-e-visti\/servizi-per-il-cittadino-straniero\/cittadinanza\/minore-i-non-residente-i-in-questa-circoscrizione-consolare\/\"><strong data-start=\"159\" data-end=\"218\" data-is-last-node=\"\">Menor(es) n\u00e3o residente(s) nesta circunscri\u00e7\u00e3o consular<\/strong><\/a><\/li>\n<\/ul>\n<hr \/>\n<p>Aplica-se uma norma diferente para os filhos de:<\/p>\n<ul>\n<li>cidad\u00e3os exclusivamente italianos no momento do nascimento dos filhos;<\/li>\n<li>cidad\u00e3os cujos pais sejam (ou tenham sido) exclusivamente italianos no momento do nascimento dos filhos;<\/li>\n<li>cidad\u00e3os que tenham residido na It\u00e1lia por dois anos consecutivos (ap\u00f3s a obten\u00e7\u00e3o da cidadania e antes do nascimento dos filhos).<\/li>\n<\/ul>\n<p>Para estes casos\u00a0<strong><a href=\"https:\/\/conssanpaolo.esteri.it\/pt\/servizi-consolari-e-visti\/servizi-per-il-cittadino-straniero\/cittadinanza\/acquisto-citt-minori\/menores-jure-sanguinis\/\">Clique aqui.<\/a><\/strong><\/p>\n<p><strong>Nota 1:<\/strong> Os cidad\u00e3os italianos que adquiriram a cidadania italiana por naturaliza\u00e7\u00e3o, resid\u00eancia ou descend\u00eancia com base na Lei 379\/2000 (Trentinos), <strong>n\u00e3o transmitem a cidadania italiana aos seus filhos<\/strong> conforme a nova legisla\u00e7\u00e3o em vigor.<\/p>\n<blockquote class=\"wp-embedded-content\" data-secret=\"T2WxEclNq5\"><p><a href=\"https:\/\/conssanpaolo.esteri.it\/pt\/news\/dal_consolato\/2026\/03\/proroga-per-la-registrazione-di-figli-minori-di-cittadini-italiani-dalla-nascita\/\">Prorroga\u00e7\u00e3o do prazo para o registro dos filhos de cidad\u00e3os italianos &#8220;per nascita&#8221;<\/a><\/p><\/blockquote>\n<p><iframe loading=\"lazy\" class=\"wp-embedded-content\" sandbox=\"allow-scripts\" security=\"restricted\" style=\"position: absolute; visibility: hidden;\" title=\"&#8220;Prorroga\u00e7\u00e3o do prazo para o registro dos filhos de cidad\u00e3os italianos &#8220;per nascita&#8221;&#8221; &#8212; Consolato Generale d&#039;Italia San Paolo\" src=\"https:\/\/conssanpaolo.esteri.it\/pt\/news\/dal_consolato\/2026\/03\/proroga-per-la-registrazione-di-figli-minori-di-cittadini-italiani-dalla-nascita\/embed\/#?secret=hdwDJJKPPn#?secret=T2WxEclNq5\" data-secret=\"T2WxEclNq5\" width=\"600\" height=\"338\" frameborder=\"0\" marginwidth=\"0\" marginheight=\"0\" scrolling=\"no\"><\/iframe><\/p>\n","protected":false},"excerpt":{"rendered":"Atualiza\u00e7\u00e3o acerca do agendamento para registro de menores por benef\u00edcio de lei &nbsp; A reforma da lei de cidadania modificou os requisitos para transmiss\u00e3o da cidadania italiana aos filhos menores de cidad\u00e3os italianos que possuam outra cidadania. A cidadania poder\u00e1 ser adquirida por meio de declara\u00e7\u00e3o de vontade dos pais, acompanhada da documenta\u00e7\u00e3o necess\u00e1ria. N\u00e3o [&hellip;]","protected":false},"author":6,"featured_media":0,"parent":197,"menu_order":3,"comment_status":"closed","ping_status":"closed","template":"","meta":{"footnotes":""},"class_list":["post-7865","page","type-page","status-publish","hentry"],"_links":{"self":[{"href":"https:\/\/conssanpaolo.esteri.it\/pt\/wp-json\/wp\/v2\/pages\/7865","targetHints":{"allow":["GET"]}}],"collection":[{"href":"https:\/\/conssanpaolo.esteri.it\/pt\/wp-json\/wp\/v2\/pages"}],"about":[{"href":"https:\/\/conssanpaolo.esteri.it\/pt\/wp-json\/wp\/v2\/types\/page"}],"author":[{"embeddable":true,"href":"https:\/\/conssanpaolo.esteri.it\/pt\/wp-json\/wp\/v2\/users\/6"}],"replies":[{"embeddable":true,"href":"https:\/\/conssanpaolo.esteri.it\/pt\/wp-json\/wp\/v2\/comments?post=7865"}],"version-history":[{"count":7,"href":"https:\/\/conssanpaolo.esteri.it\/pt\/wp-json\/wp\/v2\/pages\/7865\/revisions"}],"predecessor-version":[{"id":10442,"href":"https:\/\/conssanpaolo.esteri.it\/pt\/wp-json\/wp\/v2\/pages\/7865\/revisions\/10442"}],"up":[{"embeddable":true,"href":"https:\/\/conssanpaolo.esteri.it\/pt\/wp-json\/wp\/v2\/pages\/197"}],"wp:attachment":[{"href":"https:\/\/conssanpaolo.esteri.it\/pt\/wp-json\/wp\/v2\/media?parent=7865"}],"curies":[{"name":"wp","href":"https:\/\/api.w.org\/{rel}","templated":true}]}}