{"id":786,"date":"2023-06-16T20:16:43","date_gmt":"2023-06-16T23:16:43","guid":{"rendered":"https:\/\/conssanpaolo.esteri.it\/servizi-consolari-e-visti\/servizi-per-il-cittadino-italiano\/passaporti-e-carte-didentita\/documentazione-da-presentare-nel-giorno-fissato\/"},"modified":"2024-06-03T11:45:39","modified_gmt":"2024-06-03T14:45:39","slug":"documentazione-da-presentare-nel-giorno-fissato","status":"publish","type":"page","link":"https:\/\/conssanpaolo.esteri.it\/pt\/servizi-consolari-e-visti\/servizi-per-il-cittadino-italiano\/passaporti\/documentazione-da-presentare-nel-giorno-fissato\/","title":{"rendered":"Documentos a serem apresentados no dia agendado"},"content":{"rendered":"<p>Na data agendada, cada requerente dever\u00e1 TER EM M\u00c3OS a documenta\u00e7\u00e3o necess\u00e1ria \u00e0 emiss\u00e3o do passaporte.<\/p>\n<p>Ressaltamos que cada pedido ser acompanhado dos originais + c\u00f3pias necess\u00e1rias (o que significa que se s\u00e3o mais agendamentos da mesma fam\u00edlia dever\u00e3o ser apresentadas c\u00f3pias duplicadas).<\/p>\n<p>Para verificar qual \u00e9 a documenta\u00e7\u00e3o necess\u00e1ria veja em qual dos casos abaixo voc\u00ea se encaixa e clique no link:<\/p>\n<ul>\n<li><a href=\"https:\/\/conssanpaolo.esteri.it\/pt\/servizi-consolari-e-visti\/servizi-per-il-cittadino-italiano\/passaporti\/richiedenti-maggiorenni\/\"><strong>REQUERENTE MAIOR DE IDADE;<\/strong><\/a><\/li>\n<\/ul>\n<ul>\n<li><a href=\"https:\/\/conssanpaolo.esteri.it\/pt\/servizi-consolari-e-visti\/servizi-per-il-cittadino-italiano\/passaporti\/richiedenti-minorenni\/\"><strong>REQUERENTE MENOR DE IDADE;<\/strong><\/a><\/li>\n<\/ul>\n","protected":false},"excerpt":{"rendered":"Na data agendada, cada requerente dever\u00e1 TER EM M\u00c3OS a documenta\u00e7\u00e3o necess\u00e1ria \u00e0 emiss\u00e3o do passaporte. Ressaltamos que cada pedido ser acompanhado dos originais + c\u00f3pias necess\u00e1rias (o que significa que se s\u00e3o mais agendamentos da mesma fam\u00edlia dever\u00e3o ser apresentadas c\u00f3pias duplicadas). Para verificar qual \u00e9 a documenta\u00e7\u00e3o necess\u00e1ria veja em qual dos casos [&hellip;]","protected":false},"author":6,"featured_media":0,"parent":185,"menu_order":3,"comment_status":"closed","ping_status":"closed","template":"","meta":{"footnotes":""},"class_list":["post-786","page","type-page","status-publish","hentry"],"_links":{"self":[{"href":"https:\/\/conssanpaolo.esteri.it\/pt\/wp-json\/wp\/v2\/pages\/786","targetHints":{"allow":["GET"]}}],"collection":[{"href":"https:\/\/conssanpaolo.esteri.it\/pt\/wp-json\/wp\/v2\/pages"}],"about":[{"href":"https:\/\/conssanpaolo.esteri.it\/pt\/wp-json\/wp\/v2\/types\/page"}],"author":[{"embeddable":true,"href":"https:\/\/conssanpaolo.esteri.it\/pt\/wp-json\/wp\/v2\/users\/6"}],"replies":[{"embeddable":true,"href":"https:\/\/conssanpaolo.esteri.it\/pt\/wp-json\/wp\/v2\/comments?post=786"}],"version-history":[{"count":3,"href":"https:\/\/conssanpaolo.esteri.it\/pt\/wp-json\/wp\/v2\/pages\/786\/revisions"}],"predecessor-version":[{"id":4820,"href":"https:\/\/conssanpaolo.esteri.it\/pt\/wp-json\/wp\/v2\/pages\/786\/revisions\/4820"}],"up":[{"embeddable":true,"href":"https:\/\/conssanpaolo.esteri.it\/pt\/wp-json\/wp\/v2\/pages\/185"}],"wp:attachment":[{"href":"https:\/\/conssanpaolo.esteri.it\/pt\/wp-json\/wp\/v2\/media?parent=786"}],"curies":[{"name":"wp","href":"https:\/\/api.w.org\/{rel}","templated":true}]}}