{"id":7846,"date":"2025-06-23T12:14:38","date_gmt":"2025-06-23T15:14:38","guid":{"rendered":"https:\/\/conssanpaolo.esteri.it\/servizi-consolari-e-visti\/servizi-per-il-cittadino-straniero\/cittadinanza\/genitore-res-in-it-2-anni\/"},"modified":"2025-06-25T11:34:41","modified_gmt":"2025-06-25T14:34:41","slug":"genitore-res-in-it-2-anni","status":"publish","type":"page","link":"https:\/\/conssanpaolo.esteri.it\/pt\/servizi-consolari-e-visti\/servizi-per-il-cittadino-straniero\/cittadinanza\/cittadinanza-iure-sanguinis\/genitore-res-in-it-2-anni\/","title":{"rendered":"Figli di cittadini italiani che hanno avuto residenza in Italia per due anni (continuativa e prima della nascita del figlio);"},"content":{"rendered":"<p>Para a modalidade: requerente, filho\/a de cidad\u00e3o italiano que residiu na It\u00e1lia por pelo menos dois anos consecutivos, posteriormente \u00e0 aquisi\u00e7\u00e3o da cidadania italiana e antes do nascimento do requerente, segue lista dos documentos que dever\u00e3o ser apresentados no dia agendado:<\/p>\n<p><strong>A) DOCUMENTOS REFERENTES AO GENITOR\/A ITALIANO\/A:<\/strong><\/p>\n<ol>\n<li>Caso o genitor italiano <strong>n\u00e3o<\/strong> resida nesta circunscri\u00e7\u00e3o consular, ser\u00e1 necess\u00e1rio apresentar a certid\u00e3o de nascimento (<em>estratto dell&#8217;atto di nascita<\/em>) e, se for o caso, a certid\u00e3o de casamento (<em>estratto dell&#8217;atto di matrimonio<\/em>), juntamente com o certificado de cidadania italiana emitido pelo Comune, com a indica\u00e7\u00e3o da data de aquisi\u00e7\u00e3o\/reconhecimento da cidadania. <strong>Caso o genitor italiano resida nesta circunscri\u00e7\u00e3o consular, \u00e9 essencial que sua situa\u00e7\u00e3o cadastral esteja devidamente atualizada.<\/strong><\/li>\n<li>Certificado hist\u00f3rico de resid\u00eancia emitida pelo Comune que comprove a resid\u00eancia m\u00ednima de 2 anos consecutivos na It\u00e1lia, ap\u00f3s a aquisi\u00e7\u00e3o da cidadania italiana e antes da data de nascimento ou de ado\u00e7\u00e3o do filho.<\/li>\n<\/ol>\n<p><strong>B) DOCUMENTOS REFERENTES AO REQUERENTE:<\/strong><\/p>\n<ol>\n<li>Pedido de reconhecimento de cidadania italiana (<span style=\"text-decoration: underline;\"><strong><a href=\"https:\/\/conssanpaolo.esteri.it\/wp-content\/uploads\/2025\/06\/Nuovo-Modello-Istanza-Cittadinanza-18062025.pdf\">clique aqui<\/a><\/strong><\/span> para baixar) devidamente preenchido pelos requerentes maiores de idade.<\/li>\n<li>C\u00f3pia simples da carteira de identidade (RG) com menos de 10 anos de emiss\u00e3o ou passaporte brasileiro v\u00e1lido. A fotoc\u00f3pia da CNH ser\u00e1 aceita somente se constar o local de nascimento.<\/li>\n<li>Comprovante de resid\u00eancia em nome do requerente e recente (m\u00e1ximo 3 meses) do requerente maior de idade. \u00a0<a href=\"https:\/\/conssanpaolo.esteri.it\/pt\/servizi-consolari-e-visti\/servizi-per-il-cittadino-italiano\/prove-di-residenza-accettate\/\"><strong>Clique aqui<\/strong><\/a>\u00a0para verificar quais comprovantes ser\u00e3o aceitos.<\/li>\n<li>\u00c1rvore geneal\u00f3gica (<span style=\"text-decoration: underline;\"><strong><a href=\"https:\/\/conssanpaolo.esteri.it\/wp-content\/uploads\/2025\/06\/Copia-de-8nuovo_-albero_genealogico.pdf\">clique aqui<\/a> <\/strong><\/span>para o modelo).<\/li>\n<li>Todas as certid\u00f5es de registro civil (nascimento, casamento), dever\u00e3o ser entregues em segunda via original e em inteiro teor (com apostila de Haia) e tradu\u00e7\u00e3o juramentada para o italiano (tamb\u00e9m com apostila de Haia).\n<ul>\n<li>Se o requerente \u00e9\u00a0<strong>divorciado<\/strong>, a simples averba\u00e7\u00e3o do div\u00f3rcio na certid\u00e3o de casamento n\u00e3o \u00e9 suficiente para que seja registrado na It\u00e1lia. \u00c9 necess\u00e1rio apresentar o processo de div\u00f3rcio devidamente traduzido.\u00a0<a class=\"\" href=\"https:\/\/conssanpaolo.esteri.it\/pt\/servizi-consolari-e-visti\/servizi-per-il-cittadino-straniero\/cittadinanza\/riconoscimento-della-cittadinanza-per-discendenza-jure-sanguinis\/2o-passo\/lista-dei-documenti-che-dovranno-essere-consegnati-nel-giorno-fissato\/documentacao-relativa-aos-requerentes\/divorcio\/\" data-focus-mouse=\"false\">Clique aqui<\/a>\u00a0para informa\u00e7\u00f5es sobre como apresentar esta documenta\u00e7\u00e3o.<\/li>\n<\/ul>\n<\/li>\n<li>Caso o requerente tenha nascido de pais n\u00e3o legalmente casados ou, de qualquer forma, antes do casamento, e caso a certid\u00e3o de nascimento n\u00e3o contenha a men\u00e7\u00e3o \u201cforam declarantes os pais\u201d (ou seja, ambos os pais constam como declarantes), ser\u00e1 necess\u00e1rio apresentar uma escritura p\u00fablica brasileira de reconhecimento de maternidade\/paternidade. <span style=\"text-decoration: underline;\"><strong><a href=\"https:\/\/conssanpaolo.esteri.it\/it\/servizi-consolari-e-visti\/servizi-per-il-cittadino-straniero\/cittadinanza\/fnat\/\">Clique aqui<\/a><\/strong><\/span> para mais informa\u00e7\u00f5es.<br \/>\nSe, por outro lado, a certid\u00e3o de nascimento contiver a men\u00e7\u00e3o \u201cforam declarantes os pais\u201d, n\u00e3o ser\u00e1 necess\u00e1rio apresentar a declara\u00e7\u00e3o de filia\u00e7\u00e3o.<\/li>\n<\/ol>\n<p>&nbsp;<\/p>\n<p><span style=\"text-decoration: underline;\"><strong>Importante<\/strong><\/span><\/p>\n<ul>\n<li><strong>Para informa\u00e7\u00f5es sobre Apostile e tradu\u00e7\u00e3o juramentada<\/strong><a href=\"https:\/\/conssanpaolo.esteri.it\/pt\/servizi-consolari-e-visti\/servizi-per-il-cittadino-italiano\/traduzione-e-legalizzazione-dei-documenti\/\"><strong>\u00a0clique aqui;<\/strong><\/a><\/li>\n<li>A validade dos documentos dos requerentes \u00e9 de 6 meses. No entanto, a documenta\u00e7\u00e3o relativa aos j\u00e1 falecidos \u00e9 indefinida.<\/li>\n<li>Familiares com o mesmo ascendente que apresentam pedido juntos devem apresentar uma \u00fanica documenta\u00e7\u00e3o comum.<\/li>\n<li>Recomendamos que verifique todas as informa\u00e7\u00f5es pessoais (ex: nome, sobrenome, data e local de nascimento, idade e outras informa\u00e7\u00f5es presentes em todas as certid\u00f5es) tendo como refer\u00eancia as certid\u00f5es de nascimento, afim de excluir poss\u00edveis d\u00favidas quanto \u00e0 identidade e a continuidade da linha de descend\u00eancia.<\/li>\n<li>Consulado Geral se reserva o direito de solicitar documentos complementares.<\/li>\n<\/ul>\n","protected":false},"excerpt":{"rendered":"Para a modalidade: requerente, filho\/a de cidad\u00e3o italiano que residiu na It\u00e1lia por pelo menos dois anos consecutivos, posteriormente \u00e0 aquisi\u00e7\u00e3o da cidadania italiana e antes do nascimento do requerente, segue lista dos documentos que dever\u00e3o ser apresentados no dia agendado: A) DOCUMENTOS REFERENTES AO GENITOR\/A ITALIANO\/A: Caso o genitor italiano n\u00e3o resida nesta circunscri\u00e7\u00e3o [&hellip;]","protected":false},"author":6,"featured_media":0,"parent":7129,"menu_order":2,"comment_status":"closed","ping_status":"closed","template":"","meta":{"footnotes":""},"class_list":["post-7846","page","type-page","status-publish","hentry"],"_links":{"self":[{"href":"https:\/\/conssanpaolo.esteri.it\/pt\/wp-json\/wp\/v2\/pages\/7846","targetHints":{"allow":["GET"]}}],"collection":[{"href":"https:\/\/conssanpaolo.esteri.it\/pt\/wp-json\/wp\/v2\/pages"}],"about":[{"href":"https:\/\/conssanpaolo.esteri.it\/pt\/wp-json\/wp\/v2\/types\/page"}],"author":[{"embeddable":true,"href":"https:\/\/conssanpaolo.esteri.it\/pt\/wp-json\/wp\/v2\/users\/6"}],"replies":[{"embeddable":true,"href":"https:\/\/conssanpaolo.esteri.it\/pt\/wp-json\/wp\/v2\/comments?post=7846"}],"version-history":[{"count":1,"href":"https:\/\/conssanpaolo.esteri.it\/pt\/wp-json\/wp\/v2\/pages\/7846\/revisions"}],"predecessor-version":[{"id":7847,"href":"https:\/\/conssanpaolo.esteri.it\/pt\/wp-json\/wp\/v2\/pages\/7846\/revisions\/7847"}],"up":[{"embeddable":true,"href":"https:\/\/conssanpaolo.esteri.it\/pt\/wp-json\/wp\/v2\/pages\/7129"}],"wp:attachment":[{"href":"https:\/\/conssanpaolo.esteri.it\/pt\/wp-json\/wp\/v2\/media?parent=7846"}],"curies":[{"name":"wp","href":"https:\/\/api.w.org\/{rel}","templated":true}]}}