{"id":7742,"date":"2025-06-16T13:51:52","date_gmt":"2025-06-16T16:51:52","guid":{"rendered":"https:\/\/conssanpaolo.esteri.it\/?page_id=7742"},"modified":"2025-06-16T13:57:10","modified_gmt":"2025-06-16T16:57:10","slug":"circoscrizione-geografica-di-competenza-dellagenzia-consolare-di-sao-jose-do-rio-preto","status":"publish","type":"page","link":"https:\/\/conssanpaolo.esteri.it\/pt\/chi-siamo\/la-rete-consolare\/circoscrizione-geografica-di-competenza-dellagenzia-consolare-di-sao-jose-do-rio-preto\/","title":{"rendered":"Circoscrizione geografica di competenza dell&#8217;agenzia consolare di S\u00e3o Jos\u00e9 do Rio Preto"},"content":{"rendered":"<p>a seguir a circunscri\u00e7\u00e3o geogr\u00e1fica de atua\u00e7\u00e3o que engloba os Munic\u00edpios das Regi\u00f5es de S\u00e3o Jos\u00e9 do Rio Preto, Ara\u00e7atuba e Presidente Prudente.<\/p>\n<p><img loading=\"lazy\" decoding=\"async\" class=\"aligncenter size-large wp-image-7737 img-fluid\" src=\"https:\/\/conssanpaolo.esteri.it\/wp-content\/uploads\/2025\/06\/Sao-Jose-do-Rio-Preto-1024x988.jpg\" alt=\"\" width=\"640\" height=\"618\" srcset=\"https:\/\/conssanpaolo.esteri.it\/wp-content\/uploads\/2025\/06\/Sao-Jose-do-Rio-Preto-1024x988.jpg 1024w, https:\/\/conssanpaolo.esteri.it\/wp-content\/uploads\/2025\/06\/Sao-Jose-do-Rio-Preto-300x289.jpg 300w, https:\/\/conssanpaolo.esteri.it\/wp-content\/uploads\/2025\/06\/Sao-Jose-do-Rio-Preto-768x741.jpg 768w, https:\/\/conssanpaolo.esteri.it\/wp-content\/uploads\/2025\/06\/Sao-Jose-do-Rio-Preto.jpg 1920w\" sizes=\"auto, (max-width: 640px) 100vw, 640px\" \/><\/p>\n<p><a href=\"https:\/\/conssanpaolo.esteri.it\/wp-content\/uploads\/2025\/06\/Sao-Jose-do-Rio-Preto.pdf\"><strong>clique aqui<\/strong><\/a> para acessar a lista de cidades.<\/p>\n","protected":false},"excerpt":{"rendered":"a seguir a circunscri\u00e7\u00e3o geogr\u00e1fica de atua\u00e7\u00e3o que engloba os Munic\u00edpios das Regi\u00f5es de S\u00e3o Jos\u00e9 do Rio Preto, Ara\u00e7atuba e Presidente Prudente. clique aqui para acessar a lista de cidades.","protected":false},"author":6,"featured_media":0,"parent":95,"menu_order":0,"comment_status":"closed","ping_status":"closed","template":"","meta":{"footnotes":""},"class_list":["post-7742","page","type-page","status-publish","hentry"],"_links":{"self":[{"href":"https:\/\/conssanpaolo.esteri.it\/pt\/wp-json\/wp\/v2\/pages\/7742","targetHints":{"allow":["GET"]}}],"collection":[{"href":"https:\/\/conssanpaolo.esteri.it\/pt\/wp-json\/wp\/v2\/pages"}],"about":[{"href":"https:\/\/conssanpaolo.esteri.it\/pt\/wp-json\/wp\/v2\/types\/page"}],"author":[{"embeddable":true,"href":"https:\/\/conssanpaolo.esteri.it\/pt\/wp-json\/wp\/v2\/users\/6"}],"replies":[{"embeddable":true,"href":"https:\/\/conssanpaolo.esteri.it\/pt\/wp-json\/wp\/v2\/comments?post=7742"}],"version-history":[{"count":3,"href":"https:\/\/conssanpaolo.esteri.it\/pt\/wp-json\/wp\/v2\/pages\/7742\/revisions"}],"predecessor-version":[{"id":7748,"href":"https:\/\/conssanpaolo.esteri.it\/pt\/wp-json\/wp\/v2\/pages\/7742\/revisions\/7748"}],"up":[{"embeddable":true,"href":"https:\/\/conssanpaolo.esteri.it\/pt\/wp-json\/wp\/v2\/pages\/95"}],"wp:attachment":[{"href":"https:\/\/conssanpaolo.esteri.it\/pt\/wp-json\/wp\/v2\/media?parent=7742"}],"curies":[{"name":"wp","href":"https:\/\/api.w.org\/{rel}","templated":true}]}}