{"id":7727,"date":"2025-06-16T13:44:07","date_gmt":"2025-06-16T16:44:07","guid":{"rendered":"https:\/\/conssanpaolo.esteri.it\/chi-siamo\/la-rete-consolare\/circoscrizione-geografica-di-competenza-del-consolato-onorario-di-santos\/"},"modified":"2025-07-24T16:05:38","modified_gmt":"2025-07-24T19:05:38","slug":"circoscrizione-geografica-di-competenza-del-consolato-onorario-di-santos","status":"publish","type":"page","link":"https:\/\/conssanpaolo.esteri.it\/pt\/chi-siamo\/la-rete-consolare\/circoscrizione-geografica-di-competenza-del-consolato-onorario-di-santos\/","title":{"rendered":"Circunscri\u00e7\u00e3o geogr\u00e1fica de atua\u00e7\u00e3o do Vice Consulado Honor\u00e1rio de Santos"},"content":{"rendered":"<p>A seguir a circunscri\u00e7\u00e3o geogr\u00e1fica de atua\u00e7\u00e3o do Vice Consulado Honor\u00e1rio de Santos, que engloba as regi\u00f5es administrativas de Santos e Registro.<\/p>\n<p><img loading=\"lazy\" decoding=\"async\" class=\"aligncenter size-large wp-image-7725 img-fluid\" src=\"https:\/\/conssanpaolo.esteri.it\/wp-content\/uploads\/2025\/06\/santos-1024x766.jpg\" alt=\"\" width=\"640\" height=\"479\" srcset=\"https:\/\/conssanpaolo.esteri.it\/wp-content\/uploads\/2025\/06\/santos-1024x766.jpg 1024w, https:\/\/conssanpaolo.esteri.it\/wp-content\/uploads\/2025\/06\/santos-300x224.jpg 300w, https:\/\/conssanpaolo.esteri.it\/wp-content\/uploads\/2025\/06\/santos-768x574.jpg 768w, https:\/\/conssanpaolo.esteri.it\/wp-content\/uploads\/2025\/06\/santos.jpg 1920w\" sizes=\"auto, (max-width: 640px) 100vw, 640px\" \/><\/p>\n<p><b>\u00a0<\/b><\/p>\n","protected":false},"excerpt":{"rendered":"A seguir a circunscri\u00e7\u00e3o geogr\u00e1fica de atua\u00e7\u00e3o do Vice Consulado Honor\u00e1rio de Santos, que engloba as regi\u00f5es administrativas de Santos e Registro. \u00a0","protected":false},"author":6,"featured_media":0,"parent":95,"menu_order":0,"comment_status":"closed","ping_status":"closed","template":"","meta":{"footnotes":""},"class_list":["post-7727","page","type-page","status-publish","hentry"],"_links":{"self":[{"href":"https:\/\/conssanpaolo.esteri.it\/pt\/wp-json\/wp\/v2\/pages\/7727","targetHints":{"allow":["GET"]}}],"collection":[{"href":"https:\/\/conssanpaolo.esteri.it\/pt\/wp-json\/wp\/v2\/pages"}],"about":[{"href":"https:\/\/conssanpaolo.esteri.it\/pt\/wp-json\/wp\/v2\/types\/page"}],"author":[{"embeddable":true,"href":"https:\/\/conssanpaolo.esteri.it\/pt\/wp-json\/wp\/v2\/users\/6"}],"replies":[{"embeddable":true,"href":"https:\/\/conssanpaolo.esteri.it\/pt\/wp-json\/wp\/v2\/comments?post=7727"}],"version-history":[{"count":2,"href":"https:\/\/conssanpaolo.esteri.it\/pt\/wp-json\/wp\/v2\/pages\/7727\/revisions"}],"predecessor-version":[{"id":8414,"href":"https:\/\/conssanpaolo.esteri.it\/pt\/wp-json\/wp\/v2\/pages\/7727\/revisions\/8414"}],"up":[{"embeddable":true,"href":"https:\/\/conssanpaolo.esteri.it\/pt\/wp-json\/wp\/v2\/pages\/95"}],"wp:attachment":[{"href":"https:\/\/conssanpaolo.esteri.it\/pt\/wp-json\/wp\/v2\/media?parent=7727"}],"curies":[{"name":"wp","href":"https:\/\/api.w.org\/{rel}","templated":true}]}}