{"id":7713,"date":"2025-06-16T13:39:37","date_gmt":"2025-06-16T16:39:37","guid":{"rendered":"https:\/\/conssanpaolo.esteri.it\/chi-siamo\/la-rete-consolare\/circoscrizione-geografica-di-competenza-del-consolato-onorario-di-ribeirao-preto\/"},"modified":"2025-07-24T16:03:11","modified_gmt":"2025-07-24T19:03:11","slug":"circoscrizione-geografica-di-competenza-del-consolato-onorario-di-ribeirao-preto","status":"publish","type":"page","link":"https:\/\/conssanpaolo.esteri.it\/pt\/chi-siamo\/la-rete-consolare\/circoscrizione-geografica-di-competenza-del-consolato-onorario-di-ribeirao-preto\/","title":{"rendered":"Circoscrizione geografica di competenza del Consolato Onorario di Ribeir\u00e3o Preto"},"content":{"rendered":"<p>a seguir a circunscri\u00e7\u00e3o geogr\u00e1fica de atua\u00e7\u00e3o do Vice Consulado Honor\u00e1rio de Ribeir\u00e3o Preto, que engloba as regi\u00f5es administrativas de Ribeir\u00e3o Preto, Barretos, Franca, Araraquara\/Central e Bauru.<\/p>\n<p><img loading=\"lazy\" decoding=\"async\" class=\"aligncenter size-large wp-image-7704 img-fluid\" src=\"https:\/\/conssanpaolo.esteri.it\/wp-content\/uploads\/2025\/06\/ribeirao-1024x513.jpg\" alt=\"\" width=\"640\" height=\"321\" srcset=\"https:\/\/conssanpaolo.esteri.it\/wp-content\/uploads\/2025\/06\/ribeirao-1024x513.jpg 1024w, https:\/\/conssanpaolo.esteri.it\/wp-content\/uploads\/2025\/06\/ribeirao-300x150.jpg 300w, https:\/\/conssanpaolo.esteri.it\/wp-content\/uploads\/2025\/06\/ribeirao-768x385.jpg 768w, https:\/\/conssanpaolo.esteri.it\/wp-content\/uploads\/2025\/06\/ribeirao.jpg 1920w\" sizes=\"auto, (max-width: 640px) 100vw, 640px\" \/><\/p>\n<p>&nbsp;<\/p>\n<p>&nbsp;<\/p>\n","protected":false},"excerpt":{"rendered":"a seguir a circunscri\u00e7\u00e3o geogr\u00e1fica de atua\u00e7\u00e3o do Vice Consulado Honor\u00e1rio de Ribeir\u00e3o Preto, que engloba as regi\u00f5es administrativas de Ribeir\u00e3o Preto, Barretos, Franca, Araraquara\/Central e Bauru. &nbsp; &nbsp;","protected":false},"author":6,"featured_media":0,"parent":95,"menu_order":0,"comment_status":"closed","ping_status":"closed","template":"","meta":{"footnotes":""},"class_list":["post-7713","page","type-page","status-publish","hentry"],"_links":{"self":[{"href":"https:\/\/conssanpaolo.esteri.it\/pt\/wp-json\/wp\/v2\/pages\/7713","targetHints":{"allow":["GET"]}}],"collection":[{"href":"https:\/\/conssanpaolo.esteri.it\/pt\/wp-json\/wp\/v2\/pages"}],"about":[{"href":"https:\/\/conssanpaolo.esteri.it\/pt\/wp-json\/wp\/v2\/types\/page"}],"author":[{"embeddable":true,"href":"https:\/\/conssanpaolo.esteri.it\/pt\/wp-json\/wp\/v2\/users\/6"}],"replies":[{"embeddable":true,"href":"https:\/\/conssanpaolo.esteri.it\/pt\/wp-json\/wp\/v2\/comments?post=7713"}],"version-history":[{"count":2,"href":"https:\/\/conssanpaolo.esteri.it\/pt\/wp-json\/wp\/v2\/pages\/7713\/revisions"}],"predecessor-version":[{"id":8409,"href":"https:\/\/conssanpaolo.esteri.it\/pt\/wp-json\/wp\/v2\/pages\/7713\/revisions\/8409"}],"up":[{"embeddable":true,"href":"https:\/\/conssanpaolo.esteri.it\/pt\/wp-json\/wp\/v2\/pages\/95"}],"wp:attachment":[{"href":"https:\/\/conssanpaolo.esteri.it\/pt\/wp-json\/wp\/v2\/media?parent=7713"}],"curies":[{"name":"wp","href":"https:\/\/api.w.org\/{rel}","templated":true}]}}