{"id":7693,"date":"2025-06-16T13:32:49","date_gmt":"2025-06-16T16:32:49","guid":{"rendered":"https:\/\/conssanpaolo.esteri.it\/chi-siamo\/la-rete-consolare\/circoscrizione-geografica-di-competenza-del-consolato-onorario-di-campinas\/"},"modified":"2025-07-24T16:01:32","modified_gmt":"2025-07-24T19:01:32","slug":"circoscrizione-geografica-di-competenza-del-consolato-onorario-di-campinas","status":"publish","type":"page","link":"https:\/\/conssanpaolo.esteri.it\/pt\/chi-siamo\/la-rete-consolare\/circoscrizione-geografica-di-competenza-del-consolato-onorario-di-campinas\/","title":{"rendered":"circunscri\u00e7\u00e3o geogr\u00e1fica de atua\u00e7\u00e3o do Consulado Honor\u00e1rio de Campinas"},"content":{"rendered":"<p>a seguir a circunscri\u00e7\u00e3o geogr\u00e1fica de atua\u00e7\u00e3o do Consulado Honor\u00e1rio de Campinas, que engloba Campinas e Sorocaba.<\/p>\n<p>&nbsp;<\/p>\n<p><img loading=\"lazy\" decoding=\"async\" class=\"aligncenter size-large wp-image-7689 img-fluid\" src=\"https:\/\/conssanpaolo.esteri.it\/wp-content\/uploads\/2025\/06\/campinas-1024x637.jpg\" alt=\"\" width=\"640\" height=\"398\" srcset=\"https:\/\/conssanpaolo.esteri.it\/wp-content\/uploads\/2025\/06\/campinas-1024x637.jpg 1024w, https:\/\/conssanpaolo.esteri.it\/wp-content\/uploads\/2025\/06\/campinas-300x187.jpg 300w, https:\/\/conssanpaolo.esteri.it\/wp-content\/uploads\/2025\/06\/campinas-768x478.jpg 768w, https:\/\/conssanpaolo.esteri.it\/wp-content\/uploads\/2025\/06\/campinas.jpg 1920w\" sizes=\"auto, (max-width: 640px) 100vw, 640px\" \/><\/p>\n<p>&nbsp;<\/p>\n","protected":false},"excerpt":{"rendered":"a seguir a circunscri\u00e7\u00e3o geogr\u00e1fica de atua\u00e7\u00e3o do Consulado Honor\u00e1rio de Campinas, que engloba Campinas e Sorocaba. &nbsp; &nbsp;","protected":false},"author":6,"featured_media":0,"parent":95,"menu_order":0,"comment_status":"closed","ping_status":"closed","template":"","meta":{"footnotes":""},"class_list":["post-7693","page","type-page","status-publish","hentry"],"_links":{"self":[{"href":"https:\/\/conssanpaolo.esteri.it\/pt\/wp-json\/wp\/v2\/pages\/7693","targetHints":{"allow":["GET"]}}],"collection":[{"href":"https:\/\/conssanpaolo.esteri.it\/pt\/wp-json\/wp\/v2\/pages"}],"about":[{"href":"https:\/\/conssanpaolo.esteri.it\/pt\/wp-json\/wp\/v2\/types\/page"}],"author":[{"embeddable":true,"href":"https:\/\/conssanpaolo.esteri.it\/pt\/wp-json\/wp\/v2\/users\/6"}],"replies":[{"embeddable":true,"href":"https:\/\/conssanpaolo.esteri.it\/pt\/wp-json\/wp\/v2\/comments?post=7693"}],"version-history":[{"count":3,"href":"https:\/\/conssanpaolo.esteri.it\/pt\/wp-json\/wp\/v2\/pages\/7693\/revisions"}],"predecessor-version":[{"id":8402,"href":"https:\/\/conssanpaolo.esteri.it\/pt\/wp-json\/wp\/v2\/pages\/7693\/revisions\/8402"}],"up":[{"embeddable":true,"href":"https:\/\/conssanpaolo.esteri.it\/pt\/wp-json\/wp\/v2\/pages\/95"}],"wp:attachment":[{"href":"https:\/\/conssanpaolo.esteri.it\/pt\/wp-json\/wp\/v2\/media?parent=7693"}],"curies":[{"name":"wp","href":"https:\/\/api.w.org\/{rel}","templated":true}]}}