{"id":7319,"date":"2025-04-23T14:33:16","date_gmt":"2025-04-23T17:33:16","guid":{"rendered":"https:\/\/conssanpaolo.esteri.it\/?page_id=7319"},"modified":"2026-02-10T16:37:02","modified_gmt":"2026-02-10T19:37:02","slug":"cittadini-italiani-residenti-nella-regione-amministrativa-di-ribeirao-preto","status":"publish","type":"page","link":"https:\/\/conssanpaolo.esteri.it\/pt\/servizi-consolari-e-visti\/servizi-per-il-cittadino-italiano\/passaporti\/cittadini-italiani-residenti-nella-regione-amministrativa-di-ribeirao-preto\/","title":{"rendered":"cittadini italiani residenti nella regione amministrativa di Ribeir\u00e3o Preto"},"content":{"rendered":"<p class=\"\" data-start=\"0\" data-end=\"222\">Os cidad\u00e3os italianos residentes na circunscri\u00e7\u00e3o administrativa de Ribeir\u00e3o Preto podem solicitar o primeiro passaporte ou renovar o passaporte prestes a vencer diretamente no Vice\u2011Consulado Honor\u00e1rio de Ribeir\u00e3o Preto.<\/p>\n<p data-start=\"225\" data-end=\"350\">O agendamento do atendimento deve ser realizado exclusivamente por meio do servi\u00e7o espec\u00edfico dispon\u00edvel no portal <a href=\"https:\/\/prenotami.esteri.it\/\">Prenot@Mi<\/a>.<\/p>\n<p data-start=\"352\" data-end=\"744\">\u00c9 indispens\u00e1vel que a situa\u00e7\u00e3o cadastral do requerente esteja devidamente atualizada (sendo poss\u00edvel verificar a pr\u00f3pria ficha cadastral <a href=\"https:\/\/conssanpaolo.esteri.it\/pt\/servizi-consolari-e-visti\/servizi-per-il-cittadino-italiano\/anagrafe-degli-italiani-residenti-allestero-aire\/associazione\/\">clicando aqui<\/a>) e que o interessado comprove resid\u00eancia efetiva na circunscri\u00e7\u00e3o de compet\u00eancia do Vice Consulado Honor\u00e1rio de Ribeir\u00e3o Preto.<\/p>\n<p data-start=\"352\" data-end=\"744\">Para esse fim, ser\u00e1 necess\u00e1rio apresentar documenta\u00e7\u00e3o id\u00f4nea de comprova\u00e7\u00e3o de resid\u00eancia em nome do requerente no momento da realiza\u00e7\u00e3o do agendamento no Prenot@Mi.<\/p>\n<p data-start=\"746\" data-end=\"846\" data-is-last-node=\"\" data-is-only-node=\"\">A documenta\u00e7\u00e3o a ser apresentada \u00e9 a mesma indicada nos links informativos dispon\u00edveis nesta <a href=\"https:\/\/conssanpaolo.esteri.it\/pt\/servizi-consolari-e-visti\/servizi-per-il-cittadino-italiano\/passaporti\/documentazione-da-presentare-nel-giorno-fissato\/\">p\u00e1gina<\/a>.<\/p>\n<p data-start=\"746\" data-end=\"846\" data-is-last-node=\"\" data-is-only-node=\"\">\n<p data-start=\"372\" data-end=\"715\"><a class=\"\" href=\"https:\/\/conssanpaolo.esteri.it\/pt\/chi-siamo\/la-rete-consolare\/circoscrizione-geografica-di-competenza-del-consolato-onorario-di-ribeirao-preto\/\" data-focus-mouse=\"false\">Clique aqui<\/a>\u00a0para visualizar a circunscri\u00e7\u00e3o geogr\u00e1fica de atua\u00e7\u00e3o do Vice Consulado Honor\u00e1rio de Ribeir\u00e3o Preto, que engloba as regi\u00f5es administrativas de Ribeir\u00e3o Preto, Barretos, Franca, Araraquara\/Central e Bauru.<\/p>\n","protected":false},"excerpt":{"rendered":"Os cidad\u00e3os italianos residentes na circunscri\u00e7\u00e3o administrativa de Ribeir\u00e3o Preto podem solicitar o primeiro passaporte ou renovar o passaporte prestes a vencer diretamente no Vice\u2011Consulado Honor\u00e1rio de Ribeir\u00e3o Preto. O agendamento do atendimento deve ser realizado exclusivamente por meio do servi\u00e7o espec\u00edfico dispon\u00edvel no portal Prenot@Mi. \u00c9 indispens\u00e1vel que a situa\u00e7\u00e3o cadastral do requerente esteja [&hellip;]","protected":false},"author":6,"featured_media":0,"parent":185,"menu_order":0,"comment_status":"closed","ping_status":"closed","template":"","meta":{"footnotes":""},"class_list":["post-7319","page","type-page","status-publish","hentry"],"_links":{"self":[{"href":"https:\/\/conssanpaolo.esteri.it\/pt\/wp-json\/wp\/v2\/pages\/7319","targetHints":{"allow":["GET"]}}],"collection":[{"href":"https:\/\/conssanpaolo.esteri.it\/pt\/wp-json\/wp\/v2\/pages"}],"about":[{"href":"https:\/\/conssanpaolo.esteri.it\/pt\/wp-json\/wp\/v2\/types\/page"}],"author":[{"embeddable":true,"href":"https:\/\/conssanpaolo.esteri.it\/pt\/wp-json\/wp\/v2\/users\/6"}],"replies":[{"embeddable":true,"href":"https:\/\/conssanpaolo.esteri.it\/pt\/wp-json\/wp\/v2\/comments?post=7319"}],"version-history":[{"count":5,"href":"https:\/\/conssanpaolo.esteri.it\/pt\/wp-json\/wp\/v2\/pages\/7319\/revisions"}],"predecessor-version":[{"id":9986,"href":"https:\/\/conssanpaolo.esteri.it\/pt\/wp-json\/wp\/v2\/pages\/7319\/revisions\/9986"}],"up":[{"embeddable":true,"href":"https:\/\/conssanpaolo.esteri.it\/pt\/wp-json\/wp\/v2\/pages\/185"}],"wp:attachment":[{"href":"https:\/\/conssanpaolo.esteri.it\/pt\/wp-json\/wp\/v2\/media?parent=7319"}],"curies":[{"name":"wp","href":"https:\/\/api.w.org\/{rel}","templated":true}]}}