{"id":721,"date":"2023-06-14T19:42:22","date_gmt":"2023-06-14T17:42:22","guid":{"rendered":"https:\/\/conssanpaolo.esteri.it\/?page_id=721"},"modified":"2023-11-07T16:02:21","modified_gmt":"2023-11-07T19:02:21","slug":"mudanca-de-nome-sobrenome-ou-genero","status":"publish","type":"page","link":"https:\/\/conssanpaolo.esteri.it\/pt\/servizi-consolari-e-visti\/servizi-per-il-cittadino-italiano\/stato-civile\/mudanca-de-nome-sobrenome-ou-genero\/","title":{"rendered":"Mudan\u00e7a de nome, sobrenome ou g\u00eanero"},"content":{"rendered":"<p style=\"text-align: justify;\">Lembramos que a lei italiana <strong>n\u00e3o prev\u00ea a altera\u00e7\u00e3o do sobrenome em fun\u00e7\u00e3o do casamento<\/strong>. No entanto, a esposa pode <strong>solicitar <\/strong>que <strong>o sobrenome do marido seja anotado na quarta p\u00e1gina do seu passaporte<\/strong>, mesmo ap\u00f3s a emiss\u00e3o do mesmo.<\/p>\n<p style=\"text-align: justify;\">Salientamos que at\u00e9 o momento a <strong>paternidade\/maternidade socioafetiva n\u00e3o \u00e9 reconhecida<\/strong> na It\u00e1lia: documentos e certid\u00f5es atestando esse <em>status<\/em> n\u00e3o ser\u00e3o transmitidos e o sobrenome do filho n\u00e3o poder\u00e1 incluir o sobrenome do pai\/m\u00e3e socioafetivo.<\/p>\n<p style=\"text-align: justify;\">As <strong>senten\u00e7as de mudan\u00e7a de nome\/sobrenome\/g\u00eanero<\/strong> devem ser apresentadas ao Consulado italiano do local de emiss\u00e3o da senten\u00e7a: portanto, se foram emitidas num outro pa\u00eds, \u00e9 necess\u00e1rio entrar em contato com o Consulado competente daquele pa\u00eds.<\/p>\n<p style=\"text-align: justify;\">As <strong>mudan\u00e7as de nome\/sobrenome\/g\u00eanero<\/strong> seguem procedimentos diferentes de acordo com o tipo de altera\u00e7\u00e3o:<\/p>\n<ul style=\"text-align: justify;\">\n<li><a href=\"https:\/\/conssanpaolo.esteri.it\/pt\/servizi-consolari-e-visti\/servizi-per-il-cittadino-italiano\/stato-civile\/mudanca-de-nome-sobrenome-ou-genero\/recuperacao-de-sobrenome-brasileiro-2\/\"><strong>recupera\u00e7\u00e3o de sobrenome brasileiro<\/strong><\/a><\/li>\n<li><a href=\"https:\/\/conssanpaolo.esteri.it\/pt\/servizi-consolari-e-visti\/servizi-per-il-cittadino-italiano\/stato-civile\/mudanca-de-nome-sobrenome-ou-genero\/mudanca-de-nome-sobrenome-por-via-administrativa\/\"><strong>mudan\u00e7a de nome\/sobrenome por via administrativa<\/strong><\/a><\/li>\n<li><a href=\"https:\/\/conssanpaolo.esteri.it\/pt\/servizi-consolari-e-visti\/servizi-per-il-cittadino-italiano\/stato-civile\/mudanca-de-nome-sobrenome-ou-genero\/mudanca-de-nome-sobrenome-genero-por-sentenca-judicial\/\"><strong>mudan\u00e7a de nome\/sobrenome\/g\u00eanero port senten\u00e7a judicial<\/strong><\/a><\/li>\n<\/ul>\n<p style=\"text-align: justify;\">\n","protected":false},"excerpt":{"rendered":"Lembramos que a lei italiana n\u00e3o prev\u00ea a altera\u00e7\u00e3o do sobrenome em fun\u00e7\u00e3o do casamento. No entanto, a esposa pode solicitar que o sobrenome do marido seja anotado na quarta p\u00e1gina do seu passaporte, mesmo ap\u00f3s a emiss\u00e3o do mesmo. Salientamos que at\u00e9 o momento a paternidade\/maternidade socioafetiva n\u00e3o \u00e9 reconhecida na It\u00e1lia: documentos e [&hellip;]","protected":false},"author":6,"featured_media":0,"parent":188,"menu_order":4,"comment_status":"closed","ping_status":"closed","template":"","meta":{"footnotes":""},"class_list":["post-721","page","type-page","status-publish","hentry"],"_links":{"self":[{"href":"https:\/\/conssanpaolo.esteri.it\/pt\/wp-json\/wp\/v2\/pages\/721","targetHints":{"allow":["GET"]}}],"collection":[{"href":"https:\/\/conssanpaolo.esteri.it\/pt\/wp-json\/wp\/v2\/pages"}],"about":[{"href":"https:\/\/conssanpaolo.esteri.it\/pt\/wp-json\/wp\/v2\/types\/page"}],"author":[{"embeddable":true,"href":"https:\/\/conssanpaolo.esteri.it\/pt\/wp-json\/wp\/v2\/users\/6"}],"replies":[{"embeddable":true,"href":"https:\/\/conssanpaolo.esteri.it\/pt\/wp-json\/wp\/v2\/comments?post=721"}],"version-history":[{"count":6,"href":"https:\/\/conssanpaolo.esteri.it\/pt\/wp-json\/wp\/v2\/pages\/721\/revisions"}],"predecessor-version":[{"id":3212,"href":"https:\/\/conssanpaolo.esteri.it\/pt\/wp-json\/wp\/v2\/pages\/721\/revisions\/3212"}],"up":[{"embeddable":true,"href":"https:\/\/conssanpaolo.esteri.it\/pt\/wp-json\/wp\/v2\/pages\/188"}],"wp:attachment":[{"href":"https:\/\/conssanpaolo.esteri.it\/pt\/wp-json\/wp\/v2\/media?parent=721"}],"curies":[{"name":"wp","href":"https:\/\/api.w.org\/{rel}","templated":true}]}}