{"id":6695,"date":"2025-02-19T13:46:41","date_gmt":"2025-02-19T16:46:41","guid":{"rendered":"https:\/\/conssanpaolo.esteri.it\/?page_id=6695"},"modified":"2025-03-21T16:05:36","modified_gmt":"2025-03-21T19:05:36","slug":"aviso-publico-para-o-recebimento-de-manifestacoes-de-interesse-servicos-de-vigilancia","status":"publish","type":"page","link":"https:\/\/conssanpaolo.esteri.it\/pt\/amministrazione-trasparente\/avvisi-e-comunicazioni\/aviso-publico-para-o-recebimento-de-manifestacoes-de-interesse-servicos-de-vigilancia\/","title":{"rendered":"Aviso p\u00fablico para o recebimento de manifesta\u00e7\u00f5es de interesse \u2013 servi\u00e7os de vigil\u00e2ncia"},"content":{"rendered":"<p>O Consulado Geral da It\u00e1lia em S\u00e3o Paulo torna p\u00fablico o presente <a href=\"https:\/\/conssanpaolo.esteri.it\/wp-content\/uploads\/2025\/03\/Aviso-de-manifestacao-de-interesse-VIGILANZA.pdf\"><strong>aviso para o recebimento de manifesta\u00e7\u00f5es de interesse<\/strong><\/a>\u00a0para participar do procedimento de licita\u00e7\u00e3o referente \u00e0\u00a0<strong>presta\u00e7\u00e3o dos servi\u00e7os de vigil\u00e2ncia diurna e noturna <\/strong>na sede deste Consulado Geral da It\u00e1lia.<\/p>\n<p>Para apresentar a pr\u00f3pria manifesta\u00e7\u00e3o de interesse as empresas dever\u00e3o enviar toda a documenta\u00e7\u00e3o listada no aviso (<a href=\"https:\/\/conssanpaolo.esteri.it\/wp-content\/uploads\/2025\/02\/Anexo-I-Modelo-de-Manifestacao-de-Interesse-Vigilancia.pdf\"><strong>Anexo I<\/strong><\/a>, <a href=\"https:\/\/conssanpaolo.esteri.it\/wp-content\/uploads\/2025\/02\/Anexo-II-Documento-unico-de-requisitos-e-Privacy-1.pdf\"><strong>Anexo II<\/strong>,<\/a> <a href=\"https:\/\/conssanpaolo.esteri.it\/wp-content\/uploads\/2025\/02\/Anexo-III-Informacoes-dados-pessoais-1.pdf\"><strong>Anexo III<\/strong><\/a> e os demais comprovantes\/certid\u00f5es) em formato pdf. (tamanho m\u00e1ximo 20MB) por email ao endere\u00e7o <a href=\"mailto:con.sanpaolo.contabilita@cert.esteri.it\">con.sanpaolo.contabilita@cert.esteri.it<\/a> com assunto \u201cManifesta\u00e7\u00f5es de interesse \u2013 Vigil\u00e2ncia\u201d at\u00e9 12h00 do dia 10 de mar\u00e7o de 2025.<\/p>\n","protected":false},"excerpt":{"rendered":"O Consulado Geral da It\u00e1lia em S\u00e3o Paulo torna p\u00fablico o presente aviso para o recebimento de manifesta\u00e7\u00f5es de interesse\u00a0para participar do procedimento de licita\u00e7\u00e3o referente \u00e0\u00a0presta\u00e7\u00e3o dos servi\u00e7os de vigil\u00e2ncia diurna e noturna na sede deste Consulado Geral da It\u00e1lia. Para apresentar a pr\u00f3pria manifesta\u00e7\u00e3o de interesse as empresas dever\u00e3o enviar toda a documenta\u00e7\u00e3o [&hellip;]","protected":false},"author":6,"featured_media":0,"parent":2162,"menu_order":0,"comment_status":"closed","ping_status":"closed","template":"","meta":{"footnotes":""},"class_list":["post-6695","page","type-page","status-publish","hentry"],"_links":{"self":[{"href":"https:\/\/conssanpaolo.esteri.it\/pt\/wp-json\/wp\/v2\/pages\/6695","targetHints":{"allow":["GET"]}}],"collection":[{"href":"https:\/\/conssanpaolo.esteri.it\/pt\/wp-json\/wp\/v2\/pages"}],"about":[{"href":"https:\/\/conssanpaolo.esteri.it\/pt\/wp-json\/wp\/v2\/types\/page"}],"author":[{"embeddable":true,"href":"https:\/\/conssanpaolo.esteri.it\/pt\/wp-json\/wp\/v2\/users\/6"}],"replies":[{"embeddable":true,"href":"https:\/\/conssanpaolo.esteri.it\/pt\/wp-json\/wp\/v2\/comments?post=6695"}],"version-history":[{"count":3,"href":"https:\/\/conssanpaolo.esteri.it\/pt\/wp-json\/wp\/v2\/pages\/6695\/revisions"}],"predecessor-version":[{"id":6886,"href":"https:\/\/conssanpaolo.esteri.it\/pt\/wp-json\/wp\/v2\/pages\/6695\/revisions\/6886"}],"up":[{"embeddable":true,"href":"https:\/\/conssanpaolo.esteri.it\/pt\/wp-json\/wp\/v2\/pages\/2162"}],"wp:attachment":[{"href":"https:\/\/conssanpaolo.esteri.it\/pt\/wp-json\/wp\/v2\/media?parent=6695"}],"curies":[{"name":"wp","href":"https:\/\/api.w.org\/{rel}","templated":true}]}}