{"id":6680,"date":"2025-02-19T13:34:10","date_gmt":"2025-02-19T16:34:10","guid":{"rendered":"https:\/\/conssanpaolo.esteri.it\/amministrazione-trasparente\/avvisi-e-comunicazioni\/aviso-publico-para-o-recebimento-de-manifestacoes-de-interesse-servicos-de-limpeza\/"},"modified":"2025-03-21T16:05:03","modified_gmt":"2025-03-21T19:05:03","slug":"aviso-publico-para-o-recebimento-de-manifestacoes-de-interesse-servicos-de-limpeza","status":"publish","type":"page","link":"https:\/\/conssanpaolo.esteri.it\/pt\/amministrazione-trasparente\/avvisi-e-comunicazioni\/aviso-publico-para-o-recebimento-de-manifestacoes-de-interesse-servicos-de-limpeza\/","title":{"rendered":"Aviso p\u00fablico para o recebimento de manifesta\u00e7\u00f5es de interesse \u2013 servi\u00e7os de limpeza e portaria e controladoria de acesso das pessoas e dos ve\u00edculos"},"content":{"rendered":"<p>O Consulado Geral da It\u00e1lia em S\u00e3o Paulo torna p\u00fablico o presente <span style=\"text-decoration: underline;\"><a href=\"https:\/\/conssanpaolo.esteri.it\/wp-content\/uploads\/2025\/03\/Aviso-de-manifestacao-de-interesse-Pulizie.pdf\"><strong>aviso para o recebimento de manifesta\u00e7\u00f5es de interesse<\/strong><\/a><\/span> para participar do procedimento de licita\u00e7\u00e3o referente \u00e0 presta\u00e7\u00e3o dos servi\u00e7os de limpeza e fornecimento de material e instrumentos de limpeza e de portaria e controladoria de acesso das pessoas e dos ve\u00edculos na sede deste Consulado Geral da It\u00e1lia.<br \/>\nPara apresentar a pr\u00f3pria manifesta\u00e7\u00e3o de interesse as empresas dever\u00e3o enviar toda a documenta\u00e7\u00e3o listada no aviso \u00a0(<a href=\"https:\/\/conssanpaolo.esteri.it\/wp-content\/uploads\/2025\/02\/Anexo-I-Modelo-de-Manifestacao-de-Interesse-Limpeza.pdf\">Anexo I<\/a>, <a href=\"https:\/\/conssanpaolo.esteri.it\/wp-content\/uploads\/2025\/02\/Anexo-II-Documento-unico-de-requisitos-e-Privacy.pdf\">Anexo II<\/a>,<a href=\"https:\/\/conssanpaolo.esteri.it\/wp-content\/uploads\/2025\/02\/Anexo-III-Informacoes-dados-pessoais.pdf\"> Anexo III<\/a> e os demais comprovantes\/certid\u00f5es) em formato pdf. (tamanho m\u00e1ximo 20MB) por e-mail ao endere\u00e7o: <a href=\"mailto:con.sanpaolo.contabilita@cert.esteri.it\">con.sanpaolo.contabilita@cert.esteri.it<\/a> com assunto \u201cManifesta\u00e7\u00f5es de interesse \u2013 Limpeza\u201d at\u00e9 12h00 do dia 10 de mar\u00e7o de 2025.<\/p>\n","protected":false},"excerpt":{"rendered":"O Consulado Geral da It\u00e1lia em S\u00e3o Paulo torna p\u00fablico o presente aviso para o recebimento de manifesta\u00e7\u00f5es de interesse para participar do procedimento de licita\u00e7\u00e3o referente \u00e0 presta\u00e7\u00e3o dos servi\u00e7os de limpeza e fornecimento de material e instrumentos de limpeza e de portaria e controladoria de acesso das pessoas e dos ve\u00edculos na sede [&hellip;]","protected":false},"author":6,"featured_media":0,"parent":2162,"menu_order":0,"comment_status":"closed","ping_status":"closed","template":"","meta":{"footnotes":""},"class_list":["post-6680","page","type-page","status-publish","hentry"],"_links":{"self":[{"href":"https:\/\/conssanpaolo.esteri.it\/pt\/wp-json\/wp\/v2\/pages\/6680","targetHints":{"allow":["GET"]}}],"collection":[{"href":"https:\/\/conssanpaolo.esteri.it\/pt\/wp-json\/wp\/v2\/pages"}],"about":[{"href":"https:\/\/conssanpaolo.esteri.it\/pt\/wp-json\/wp\/v2\/types\/page"}],"author":[{"embeddable":true,"href":"https:\/\/conssanpaolo.esteri.it\/pt\/wp-json\/wp\/v2\/users\/6"}],"replies":[{"embeddable":true,"href":"https:\/\/conssanpaolo.esteri.it\/pt\/wp-json\/wp\/v2\/comments?post=6680"}],"version-history":[{"count":6,"href":"https:\/\/conssanpaolo.esteri.it\/pt\/wp-json\/wp\/v2\/pages\/6680\/revisions"}],"predecessor-version":[{"id":6885,"href":"https:\/\/conssanpaolo.esteri.it\/pt\/wp-json\/wp\/v2\/pages\/6680\/revisions\/6885"}],"up":[{"embeddable":true,"href":"https:\/\/conssanpaolo.esteri.it\/pt\/wp-json\/wp\/v2\/pages\/2162"}],"wp:attachment":[{"href":"https:\/\/conssanpaolo.esteri.it\/pt\/wp-json\/wp\/v2\/media?parent=6680"}],"curies":[{"name":"wp","href":"https:\/\/api.w.org\/{rel}","templated":true}]}}