{"id":666,"date":"2023-06-08T21:29:44","date_gmt":"2023-06-09T00:29:44","guid":{"rendered":"https:\/\/conssanpaolo.esteri.it\/servizi-consolari-e-visti\/servizi-per-il-cittadino-straniero\/cittadinanza\/legge-no-379-2000\/"},"modified":"2025-06-25T11:38:03","modified_gmt":"2025-06-25T14:38:03","slug":"legge-no-379-2000","status":"publish","type":"page","link":"https:\/\/conssanpaolo.esteri.it\/pt\/servizi-consolari-e-visti\/servizi-per-il-cittadino-straniero\/cittadinanza\/legge-no-379-2000\/","title":{"rendered":"Lei n\u00ba 379\/2000"},"content":{"rendered":"<p><strong>PESSOAS NASCIDAS E ANTERIORMENTE RESIDENTES NOS TERRIT\u00d3RIOS PERTENCENTES AO IMP\u00c9RIO AUSTRO-H\u00daNGARO E A SEUS DESCENDENTES<\/strong><\/p>\n<p>A Lei n. 379 de 14 de dezembro de 2000 (Disposi\u00e7\u00f5es para o reconhecimento da cidadania italiana \u00e0s pessoas nascidas e j\u00e1 residentes nos territ\u00f3rios pertencentes ao Imp\u00e9rio Austro-H\u00fangaro e a seus descendentes) e o consequente procedimento de extens\u00e3o (de 5 anos) consentiu \u00e0s pessoas nascidas e j\u00e1 residentes nos territ\u00f3rios pertencentes ao Imp\u00e9rio Austro-H\u00fangaro e a seus descendentes de assinar, dentro do prazo estabelecido, a declara\u00e7\u00e3o para o reconhecimento da cidadania italiana.<\/p>\n<p><span style=\"color: #ff0000;\">Lembramos que o prazo <u>venceu em 2010.<\/u><\/span><\/p>\n<p>Alguns desses processos continuam em andamento.<\/p>\n<p>Este Consulado entrar\u00e1 em contato em caso de atualiza\u00e7\u00f5es. Contudo, \u00e9 necess\u00e1rio que os requerentes mantenham seus endere\u00e7os de resid\u00eancia, e-mail e n\u00famero de telefone atualizados, informando sempre que se referem a processos trentinos e se poss\u00edvel, o n\u00famero da pasta da fam\u00edlia como refer\u00eancia.<\/p>\n<p>Aqueles que obtiveram parecer favor\u00e1vel para que lhes seja reconhecida (deferida) a cidadania italiana, assim como os que j\u00e1 s\u00e3o reconhecidos cidad\u00e3os italianos, dever\u00e3o criar uma conta no portal FAST IT (<a href=\"https:\/\/conssanpaolo.esteri.it\/it\/servizi-consolari-e-visti\/servizi-per-il-cittadino-italiano\/anagrafe-degli-italiani-residenti-allestero-aire\/associazione\/\">clique aqui<\/a> para instru\u00e7\u00f5es em m\u00e9rito) al\u00e9m de observar o dever de manter o <a href=\"https:\/\/consrecife.esteri.it\/pt\/servizi-consolari-e-visti\/servizi-per-il-cittadino-italiano\/stato-civile\/\">registro civil<\/a>\u00a0atualizado.<\/p>\n<p>Caso tenha recebido por e-mail c\u00f3pia do decreto \/parecer favor\u00e1vel e sua cidadania n\u00e3o tenha sido conclu\u00edda, pedimos que nos envie um e-mail a <a href=\"sanpaolo.citt@esteri.it\">sanpaolo.citt@esteri.it<\/a> anexando tal decreto e informando seus dados completos.<\/p>\n","protected":false},"excerpt":{"rendered":"PESSOAS NASCIDAS E ANTERIORMENTE RESIDENTES NOS TERRIT\u00d3RIOS PERTENCENTES AO IMP\u00c9RIO AUSTRO-H\u00daNGARO E A SEUS DESCENDENTES A Lei n. 379 de 14 de dezembro de 2000 (Disposi\u00e7\u00f5es para o reconhecimento da cidadania italiana \u00e0s pessoas nascidas e j\u00e1 residentes nos territ\u00f3rios pertencentes ao Imp\u00e9rio Austro-H\u00fangaro e a seus descendentes) e o consequente procedimento de extens\u00e3o (de [&hellip;]","protected":false},"author":5,"featured_media":0,"parent":197,"menu_order":6,"comment_status":"closed","ping_status":"closed","template":"","meta":{"footnotes":""},"class_list":["post-666","page","type-page","status-publish","hentry"],"_links":{"self":[{"href":"https:\/\/conssanpaolo.esteri.it\/pt\/wp-json\/wp\/v2\/pages\/666","targetHints":{"allow":["GET"]}}],"collection":[{"href":"https:\/\/conssanpaolo.esteri.it\/pt\/wp-json\/wp\/v2\/pages"}],"about":[{"href":"https:\/\/conssanpaolo.esteri.it\/pt\/wp-json\/wp\/v2\/types\/page"}],"author":[{"embeddable":true,"href":"https:\/\/conssanpaolo.esteri.it\/pt\/wp-json\/wp\/v2\/users\/5"}],"replies":[{"embeddable":true,"href":"https:\/\/conssanpaolo.esteri.it\/pt\/wp-json\/wp\/v2\/comments?post=666"}],"version-history":[{"count":1,"href":"https:\/\/conssanpaolo.esteri.it\/pt\/wp-json\/wp\/v2\/pages\/666\/revisions"}],"predecessor-version":[{"id":2745,"href":"https:\/\/conssanpaolo.esteri.it\/pt\/wp-json\/wp\/v2\/pages\/666\/revisions\/2745"}],"up":[{"embeddable":true,"href":"https:\/\/conssanpaolo.esteri.it\/pt\/wp-json\/wp\/v2\/pages\/197"}],"wp:attachment":[{"href":"https:\/\/conssanpaolo.esteri.it\/pt\/wp-json\/wp\/v2\/media?parent=666"}],"curies":[{"name":"wp","href":"https:\/\/api.w.org\/{rel}","templated":true}]}}