{"id":659,"date":"2023-06-08T21:19:14","date_gmt":"2023-06-09T00:19:14","guid":{"rendered":"https:\/\/conssanpaolo.esteri.it\/servizi-consolari-e-visti\/servizi-per-il-cittadino-straniero\/cittadinanza\/riacquisto-della-cittadinanza-italiana\/"},"modified":"2025-06-25T11:36:00","modified_gmt":"2025-06-25T14:36:00","slug":"riacquisto-della-cittadinanza-italiana","status":"publish","type":"page","link":"https:\/\/conssanpaolo.esteri.it\/pt\/servizi-consolari-e-visti\/servizi-per-il-cittadino-straniero\/cittadinanza\/riacquisto-della-cittadinanza-italiana\/","title":{"rendered":"Reaquisi\u00e7\u00e3o da cidadania italiana"},"content":{"rendered":"<p>O artigo 1-ter prev\u00ea que quem nasceu na It\u00e1lia ou nela residiu por pelo menos dois anos consecutivos, e tenha perdido a cidadania em aplica\u00e7\u00e3o de disposi\u00e7\u00f5es espec\u00edficas da Lei n\u00ba 555 de 1912, at\u00e9 <strong>e n\u00e3o al\u00e9m<\/strong> de 15 de agosto de 1992, poder\u00e1 readquiri-la se fizer uma <strong>declara\u00e7\u00e3o nesse sentido entre 1\u00ba de julho de 2025 e 31 de dezembro de 2027<\/strong>.<\/p>\n<p>Esses procedimentos de reaquisi\u00e7\u00e3o da cidadania estar\u00e3o sujeitos a uma <strong>taxa reduzida de 250 euros<\/strong>, a ser paga no consulado no momento da apresenta\u00e7\u00e3o formal do pedido.<\/p>\n<p>Nas pr\u00f3ximas semanas ser\u00e1 ativado um servi\u00e7o espec\u00edfico no portal <a href=\"https:\/\/prenotami.esteri.it\/\"><strong>Prenot@mi<\/strong><\/a>, para o agendamento de hor\u00e1rios para os interessados que preencham os requisitos previstos pela nova legisla\u00e7\u00e3o, de modo a atender <strong>TODOS os que t\u00eam direito<\/strong> dentro dos prazos estabelecidos por lei.<\/p>\n","protected":false},"excerpt":{"rendered":"O artigo 1-ter prev\u00ea que quem nasceu na It\u00e1lia ou nela residiu por pelo menos dois anos consecutivos, e tenha perdido a cidadania em aplica\u00e7\u00e3o de disposi\u00e7\u00f5es espec\u00edficas da Lei n\u00ba 555 de 1912, at\u00e9 e n\u00e3o al\u00e9m de 15 de agosto de 1992, poder\u00e1 readquiri-la se fizer uma declara\u00e7\u00e3o nesse sentido entre 1\u00ba de [&hellip;]","protected":false},"author":5,"featured_media":0,"parent":197,"menu_order":2,"comment_status":"closed","ping_status":"closed","template":"","meta":{"footnotes":""},"class_list":["post-659","page","type-page","status-publish","hentry"],"_links":{"self":[{"href":"https:\/\/conssanpaolo.esteri.it\/pt\/wp-json\/wp\/v2\/pages\/659","targetHints":{"allow":["GET"]}}],"collection":[{"href":"https:\/\/conssanpaolo.esteri.it\/pt\/wp-json\/wp\/v2\/pages"}],"about":[{"href":"https:\/\/conssanpaolo.esteri.it\/pt\/wp-json\/wp\/v2\/types\/page"}],"author":[{"embeddable":true,"href":"https:\/\/conssanpaolo.esteri.it\/pt\/wp-json\/wp\/v2\/users\/5"}],"replies":[{"embeddable":true,"href":"https:\/\/conssanpaolo.esteri.it\/pt\/wp-json\/wp\/v2\/comments?post=659"}],"version-history":[{"count":3,"href":"https:\/\/conssanpaolo.esteri.it\/pt\/wp-json\/wp\/v2\/pages\/659\/revisions"}],"predecessor-version":[{"id":7836,"href":"https:\/\/conssanpaolo.esteri.it\/pt\/wp-json\/wp\/v2\/pages\/659\/revisions\/7836"}],"up":[{"embeddable":true,"href":"https:\/\/conssanpaolo.esteri.it\/pt\/wp-json\/wp\/v2\/pages\/197"}],"wp:attachment":[{"href":"https:\/\/conssanpaolo.esteri.it\/pt\/wp-json\/wp\/v2\/media?parent=659"}],"curies":[{"name":"wp","href":"https:\/\/api.w.org\/{rel}","templated":true}]}}