{"id":644,"date":"2023-06-08T20:29:57","date_gmt":"2023-06-08T23:29:57","guid":{"rendered":"https:\/\/conssanpaolo.esteri.it\/servizi-consolari-e-visti\/servizi-per-il-cittadino-italiano\/anagrafe-degli-italiani-residenti-allestero-aire\/dubbi-ed-errori-frequenti\/"},"modified":"2024-06-12T14:52:06","modified_gmt":"2024-06-12T17:52:06","slug":"dubbi-ed-errori-frequenti","status":"publish","type":"page","link":"https:\/\/conssanpaolo.esteri.it\/pt\/servizi-consolari-e-visti\/servizi-per-il-cittadino-italiano\/anagrafe-degli-italiani-residenti-allestero-aire\/dubbi-ed-errori-frequenti\/","title":{"rendered":"D\u00favidas e Erros frequentes"},"content":{"rendered":"<p>Abaixo listamos as d\u00favidas mais frequentes.<\/p>\n<p>Pedidos apresentados de maneira correta auxiliam o departamento a concluir mais celeremente os pedidos.<\/p>\n<p><a href=\"#anchor1\"><strong>1 &#8211; Minha cidadania foi reconhecida neste Consulado Geral, mas quando vejo minha ficha cadastral no FAST IT, as palavras &#8220;n\u00e3o inscrito&#8221; aparecem no campo A.I.R.E.. Posso solicitar um passaporte?<\/strong><\/a><\/p>\n<p><a href=\"#anchor2\"><strong>2 &#8211; O <\/strong><em><strong>status<\/strong><\/em><strong> da minha solicita\u00e7\u00e3o de inscri\u00e7\u00e3o no A.I.R.E, enviada por meio do portal FAST IT, consta como &#8220;transmitido para o munic\u00edpio&#8221;. Posso solicitar um passaporte?<\/strong><\/a><\/p>\n<p><a href=\"#anchor3\"><strong>3 &#8211; Quando tento solicitar o registro AIRE por meio do FAST IT, o sistema n\u00e3o permite que eu prossiga e abre imediatamente a p\u00e1gina com meus dados pessoais. Qual \u00e9 o problema?<\/strong><\/a><\/p>\n<p><a href=\"#anchor4\"><strong>4 &#8211; Ao visualizar meu cadastro atrav\u00e9s do portal FAST IT (na op\u00e7\u00e3o Visualizza la pr\u00f3pria scheda anagrafica) o status conta como \u201cin altra sede\u201d \/ \u201cirreperibile\u201d. Como posso atualizar meu cadastro?<\/strong><\/a><\/p>\n<p><a href=\"#anchor5\"><strong>5 &#8211; Solicitei inscri\u00e7\u00e3o atrav\u00e9s do portal FAST IT e o status consta como \u201cIn Lavorazione\u201d. O que significa?<\/strong><\/a><\/p>\n<p><strong><a href=\"#anchor6\">6- Meu c\u00f4njuge j\u00e1 \u00e9 italiano, mas acabo de obter minha cidadania por sangue na It\u00e1lia. Como posso me inscrever no AIRE?<\/a><\/strong><\/p>\n<p><strong><a href=\"#anchor7\">7 &#8211; Meu filho menor de idade, que j\u00e1 \u00e9 cidad\u00e3o italiano, mora com o\/a outro\/a genitor brasileiro. Como posso atualizar o endere\u00e7o dele.<\/a><\/strong><\/p>\n<p><strong><a href=\"#anchor8\">8 &#8211; Quando tento visualizar meu cadastro consta uma mensagem de erro de que eu tenho de ser cidad\u00e3o italiano inscrito no AIRE para requerer tal servi\u00e7o. No entanto, minha cidadania j\u00e1 foi conclu\u00edda e possuo cadastro neste consulado. Como resolver?<\/a><\/strong><\/p>\n<p><strong><a href=\"#anchor9\">9 &#8211; Estou registrada pelo FAST IT em outro consulado, mas agora estou em S\u00e3o Paulo, como posso fazer a varia\u00e7\u00e3o?<\/a><\/strong><\/p>\n<p><strong><a href=\"#anchor10\">10 &#8211;\u00a0Estou tentando anexar todos os documentos, mas os arquivos superam o limite de 1Mega. O que fazer?<\/a><\/strong><\/p>\n<p><a href=\"#anchor11\"><strong>11 &#8211; Fiz uma solicita\u00e7\u00e3o de primeira inscri\u00e7\u00e3o no FAST IT e o mesmo consta \u201crifiutato\u201d com a mensagem de \u201cPratica gi\u00e0 esistente\u201d. Por qu\u00ea?<\/strong><\/a><\/p>\n<p><a href=\"#anchor12\"><strong>12 &#8211; Meu filho menor de idade reside somente comigo, mas o\/a outro\/a genitor\/a se recusa a assinar o pedido de inscri\u00e7\u00e3o A.I.R.E. Como proceder nesse caso?<\/strong><\/a><\/p>\n<p><a href=\"#anchor13\"><strong>13 &#8211; <\/strong><strong>Desejo acessar fun\u00e7\u00f5es no portal FAST IT para as quais s\u00e3o necess\u00e1rias um Pin. Como devo proceder?<\/strong><\/a><\/p>\n<p><a href=\"#anchor14\"><strong>14 &#8211; <\/strong><strong>Como fa\u00e7o para apresentar o consentimento do\/a genitor\/a de meu filho menor para a atualiza\u00e7\u00e3o de seu endere\u00e7o cadastral?<\/strong><\/a><\/p>\n<p><a href=\"#anchor15\"><strong>15 &#8211; O que acontece caso eu n\u00e3o me inscreva no A.I.R.E?<\/strong><\/a><\/p>\n<p><a href=\"#anchor16\"><strong>16- Tive minha nacionalidade reconhecida por um tribunal e nunca residi na It\u00e1lia. Que data devo indicar no FAST IT quando ele me pede a &#8220;Data de transfer\u00eancia de resid\u00eancia no distrito consular?<\/strong><\/a><\/p>\n<p id=\"anchor1\"><strong>1 &#8211; Minha cidadania foi reconhecida neste Consulado Geral, mas quando vejo minha ficha cadastral no FAST IT, as palavras &#8220;n\u00e3o inscrito&#8221; aparecem no campo A.I.R.E.. Posso solicitar um passaporte?<\/strong><\/p>\n<p>Sim, se sua cidadania foi reconhecida em nosso consulado e voc\u00ea reside em nossa circunscri\u00e7\u00e3o consular, sua solicita\u00e7\u00e3o de inscri\u00e7\u00e3o no A.I.R.E foi corretamente encaminhada ao munic\u00edpio competente juntamente com seus documentos de registro civil que ser\u00e3o transcritos. O status &#8221; n\u00e3o inscrito&#8221; ser\u00e1 alterado quando o comune confirmar que o registro foi conclu\u00eddo corretamente.<\/p>\n<p>Esse procedimento pode levar v\u00e1rios meses, dependendo do comune, mas \u00e9 poss\u00edvel solicitar um passaporte sem necessidade de aguardar.<\/p>\n<p id=\"anchor2\"><strong>2 &#8211; O <em>status<\/em> da minha solicita\u00e7\u00e3o de inscri\u00e7\u00e3o no A.I.R.E, enviada por meio do portal FAST IT, consta como &#8220;transmitido para o munic\u00edpio&#8221;. Posso solicitar um passaporte?<\/strong><\/p>\n<p>Sim, se sua solicita\u00e7\u00e3o tiver sido transmitida para o Comune, voc\u00ea poder\u00e1 fazer o agendamento do passaporte seguindo as instru\u00e7\u00f5es <a href=\"https:\/\/conssanpaolo.esteri.it\/it\/servizi-consolari-e-visti\/servizi-per-il-cittadino-italiano\/passaporti\/\">AQUI<\/a>.<\/p>\n<p>Seu <em>status<\/em> mudar\u00e1 quando o Comune confirmar que seu registro no AIRE foi conclu\u00eddo com sucesso. Esse procedimento pode levar v\u00e1rios meses e n\u00e3o impede a solicita\u00e7\u00e3o de servi\u00e7os<\/p>\n<p id=\"anchor3\"><strong>3 &#8211; Quando tento solicitar o registro AIRE por meio do FAST IT, o sistema n\u00e3o permite que eu prossiga e abre imediatamente a p\u00e1gina com meus dados pessoais. Qual \u00e9 o problema?<\/strong><\/p>\n<p>Isso acontece quando j\u00e1 existe uma solicita\u00e7\u00e3o de AIRE aberta enviada ao munic\u00edpio. Nesse caso, de fato, n\u00e3o \u00e9 necess\u00e1rio enviar uma nova solicita\u00e7\u00e3o de AIRE, basta aguardar que a autoridade local conclua seu registro. De qualquer forma, se n\u00e3o for necess\u00e1rio fazer nenhuma outra atualiza\u00e7\u00e3o (registro de crian\u00e7as, por exemplo), voc\u00ea ainda poder\u00e1 solicitar um passaporte ou outros servi\u00e7os em nosso consulado.<\/p>\n<p id=\"anchor4\"><strong>4 &#8211; <\/strong><strong>Ao visualizar meu cadastro atrav\u00e9s do portal FAST IT (na op\u00e7\u00e3o<em> Visualizza la pr\u00f3pria scheda anagrafica<\/em>) o <em>status<\/em> conta como \u201c<em>in altra sede<\/em>\u201d \/ \u201c<em>irreperibile<\/em>\u201d. Como posso atualizar meu cadastro?<\/strong><\/p>\n<p>Quem verificar atrav\u00e9s do FAST IT que o pr\u00f3prio status conta como \u201cin altra sede\u201d ou \u201cirreperibile\u201d dever\u00e1 enviar o pedido de atualiza\u00e7\u00e3o de endere\u00e7o exclusivamente por\u00a0<a href=\"mailto:sanpaolo.anagrafe1@esteri.it\">e-mail<\/a>\u00a0explicando sua situa\u00e7\u00e3o, para que seu pedido seja processado manualmente pelo Consulado. Pedidos por e-mail s\u00e3o aceitos somente em circunst\u00e2ncias especificas e ser\u00e3o processados somente se completos da documenta\u00e7\u00e3o necess\u00e1ria (formul\u00e1rio preenchido\/assinado\/datado &#8211;\u00a0<a href=\"https:\/\/conssanpaolo.esteri.it\/consolato_sanpaolo\/resource\/doc\/2019\/03\/dichaire_2018_b_con_informativa.pdf\">clique aqui<\/a>\u00a0-, documento de identidade v\u00e1lido com assinatura e comprovante de resid\u00eancia em nome do solicitante da atualiza\u00e7\u00e3o com menos de tr\u00eas meses).<\/p>\n<p id=\"anchor5\"><strong>5 &#8211; Solicitei inscri\u00e7\u00e3o atrav\u00e9s do portal FAST IT e o status consta como \u201cIn Lavorazione\u201d. O que significa?<\/strong><\/p>\n<p>Significa que seu pedido foi previamente analisado e foi necess\u00e1rio pedir confirma\u00e7\u00f5es ao Comune. O tempo di \u201c<em>lavorazione<\/em>\u201d de uma pasta pode variar de acordo com a confirma\u00e7\u00e3o necess\u00e1ria e o tempo de resposta do Comune.<strong>\u00a0Ap\u00f3s 180 dias\u00a0<\/strong>\u00e9 poss\u00edvel solicitar informa\u00e7\u00f5es por\u00a0<a href=\"mailto:sanpaolo.anagrafe1@esteri.it\">e-mail<\/a>.<\/p>\n<p id=\"anchor6\"><strong>6- Meu c\u00f4njuge j\u00e1 \u00e9 italiano, mas acabo de obter minha cidadania por sangue na It\u00e1lia. Como posso me inscrever no AIRE?<\/strong><\/p>\n<p>Envie a\u00a0<a href=\"https:\/\/conssanpaolo.esteri.it\/pt\/servizi-consolari-e-visti\/servizi-per-il-cittadino-italiano\/anagrafe-degli-italiani-residenti-allestero-aire\/prima-iscrizione-a-i-r-e-presso-questo-consolato\/\"><strong>documenta\u00e7\u00e3o necess\u00e1ria<\/strong>\u00a0<\/a>por e-mail: sanpaolo.anagrafe1@esteri.it<\/p>\n<p id=\"anchor7\"><strong>7 &#8211;<\/strong> <strong>Meu filho menor de idade, que j\u00e1 \u00e9 cidad\u00e3o italiano, mora com o\/a outro\/a genitor brasileiro. Como posso atualizar o endere\u00e7o dele.<\/strong><\/p>\n<p>O pedido dever\u00e1 ser enviado por e-mail &#8211; sanpaolo.anagrafe1@esteri.it &#8211; com quanto segue: formul\u00e1rio &#8211;\u00a0<a href=\"https:\/\/conssanpaolo.esteri.it\/wp-content\/uploads\/2023\/07\/dichiarazione_sostitutiva_GENITORE-STRANIERO.pdf\">clique aqu<\/a>i &#8211; preenchido pelo genitor estrangeiro com o qual o menor mora, assinado por ambos os genitores, documento de identidade valido dos genitores e do menor, comprovante de resid\u00eancia em nome do genitor estrangeiro, com menos de tr\u00eas meses, e documenta\u00e7\u00e3o emitida pelo comune concernente a cidadania do menor, caso ainda n\u00e3o arquivado neste consulado.<\/p>\n<p id=\"anchor8\"><strong>8 &#8211; Quando tento visualizar meu cadastro consta uma mensagem de erro de que eu tenho de ser cidad\u00e3o italiano inscrito no AIRE para requerer tal servi\u00e7o. No entanto, minha cidadania j\u00e1 foi conclu\u00edda e possuo cadastro neste consulado. Como resolver?<\/strong><\/p>\n<p>Tal erro costumeiramente significa que o cadastro no FAST IT n\u00e3o foi feito com os dados iguais aos dados presentes em nosso sistema. A\u00a0<a href=\"https:\/\/conssanpaolo.esteri.it\/consolato_sanpaolo\/pt\/i_servizi\/per_i_cittadini\/anagrafe\/associazione.html\">associa\u00e7\u00e3o<\/a>, que permite a visualiza\u00e7\u00e3o do sistema, s\u00f3 pode ser feita quando os dados inseridos no FAST IT espelham os dados presentes em nosso Cadastro Consular. Caso voc\u00ea possua d\u00favidas sobre como consta seu cadastro, envie-nos um\u00a0<a href=\"mailto:sanpaolo.anagrafe1@esteri.it\">e-mail<\/a>\u00a0com seus dados completos para que possamos confirmar tal informa\u00e7\u00e3o para voc\u00ea.<\/p>\n<p id=\"anchor9\"><strong>9 &#8211; Estou registrada pelo FAST IT em outro consulado, mas agora estou em S\u00e3o Paulo, como posso fazer a varia\u00e7\u00e3o?<\/strong><\/p>\n<p>Para fazer a altera\u00e7\u00e3o \u00e9 necess\u00e1rio n\u00e3o possuir pedidos em andamento. Caso seja este o caso, bastar\u00e1 clicar no bot\u00e3o \u201c<em>Comunicare la variazione della propria residenza<\/em>\u201c e alterar a na\u00e7\u00e3o de resid\u00eancia e a cidade.\u00a0Aparecer\u00e1 a seguinte mensagem:<\/p>\n<p><em>\u201cAttenzione, si sta cambiando Sede Consolare di riferimento. Si \u00e8 sicuri di voler continuare?\u00a0<\/em><em>Premendo Ok si verr\u00e0 reindirizzati alla variazione Aire\u201d.<\/em>\u00a0Ao clicar em \u201cOk\u201d sua SEDE de pertencimento ser\u00e1 alterada.<\/p>\n<p id=\"anchor10\"><strong>10 &#8211;\u00a0Estou tentando anexar todos os documentos, mas os arquivos superam o limite de 1Mega. O que fazer?<\/strong><\/p>\n<p>Pode ser necess\u00e1rio, por exemplo, digitalizar a documenta\u00e7\u00e3o em preto e branco para reduzir a dimens\u00e3o do arquivo. Acesse o\u00a0<a href=\"https:\/\/serviziconsolarionline.esteri.it\/ScoFE\/static\/uso-scanner.sco?cid=10333\"><strong>link<\/strong><\/a>\u00a0para ulteriores dicas.<\/p>\n<p>Verifique sempre o arquivo ap\u00f3s digitalizar os documentos para assegurar que todos estejam leg\u00edveis (principalmente as assinaturas). Documentos n\u00e3o leg\u00edveis far\u00e3o com que o pedido n\u00e3o possa ser aceito. Todos os pedidos devem ser enviados no formato pdf.<\/p>\n<p id=\"anchor11\"><strong>11 &#8211; Fiz uma solicita\u00e7\u00e3o de primeira inscri\u00e7\u00e3o no FAST IT e o mesmo consta \u201crifiutato\u201d com a mensagem de \u201cPratica gi\u00e0 esistente\u201d. Por qu\u00ea?<\/strong><\/p>\n<p>No momento em que este Consulado aceita uma solicita\u00e7\u00e3o de primeira inscri\u00e7\u00e3o, atrav\u00e9s do FAST IT todos os dados inseridos pelo requerente migram para o nosso Sistema Consular. Se o nominativo do requerente j\u00e1 existe em nosso banco de dados (anagrafe consolare) n\u00e3o nos \u00e9 poss\u00edvel aceitar tal solicita\u00e7\u00e3o. Tal pode ocorrer caso o solicitante seja casado com cidad\u00e3o italiano que j\u00e1 possui cadastro em nosso consulado.<\/p>\n<p>Caso a solicita\u00e7\u00e3o seja de registro civil \u2013 filhos, casamentos, etc. \u2013 ser\u00e1 necess\u00e1rio seguir as disposi\u00e7\u00f5es presentes na se\u00e7\u00e3o\u00a0<a href=\"https:\/\/conssanpaolo.esteri.it\/consolato_sanpaolo\/pt\/i_servizi\/per_i_cittadini\/stato_civile\">Stato Civile (clique aqui).<\/a><\/p>\n<p id=\"anchor12\"><strong>12 &#8211; Meu filho menor de idade reside somente comigo, mas o\/a outro\/a genitor\/a se recusa a assinar o pedido de inscri\u00e7\u00e3o A.I.R.E. Como proceder nesse caso?<\/strong><\/p>\n<p>Se o pedido de inscri\u00e7\u00e3o A.I.R.E envolver um menor de idade ambos os genitores dever\u00e3o assinar o formul\u00e1rio de solicita\u00e7\u00e3o de inscri\u00e7\u00e3o. Desta forma, ser\u00e1 necess\u00e1rio enviar tamb\u00e9m o documento de identidade do outro genitor.<\/p>\n<p>No entanto, caso n\u00e3o conste a assinatura do outro genitor (que por algum motivo pode ter se recusado a assinar o pedido) o genitor que apresenta o pedido dever\u00e1 fornecer a este Consulado os dados que possuir do outro genitor: n\u00famero de telefone, endere\u00e7o de e-mail, endere\u00e7o de resid\u00eancia.<\/p>\n<p>Ainda, caso n\u00e3o presente nos arquivos deste consulado, dever\u00e1 ser apresentada evid\u00eancia documental acerca da impossibilidade de obter o consenso do outro genitor: por ex. caso este tenha vindo a \u00f3bito ou caso exista senten\u00e7a judicial de destitui\u00e7\u00e3o de p\u00e1trio poder.<\/p>\n<p id=\"anchor13\"><strong>13 &#8211; Desejo acessar fun\u00e7\u00f5es no portal FAST IT para as quais s\u00e3o necess\u00e1rias um Pin. Como devo proceder?<br \/>\n<\/strong><\/p>\n<p>Esclarecemos que as fun\u00e7\u00f5es do portal que necessitam de PIN n\u00e3o foram ainda habilitadas pelo Minist\u00e9rio das Rela\u00e7\u00f5es Exteriores e da Coopera\u00e7\u00e3o Internacional, por este motivo n\u00e3o \u00e9 poss\u00edvel para o usu\u00e1rio gerar seu pr\u00f3prio PIN.<\/p>\n<p>Assim que o servi\u00e7o for disponibilizado, este Consulado Geral publicar\u00e1 na p\u00e1gina inicial deste site um aviso espec\u00edfico relativo \u00e0 emiss\u00e3o de PIN.<\/p>\n<p id=\"anchor14\"><strong>14 &#8211; Como fa\u00e7o para apresentar o consentimento do\/a genitor\/a de meu filho menor para a atualiza\u00e7\u00e3o de seu endere\u00e7o cadastral?<\/strong><\/p>\n<p>Caso tenha faltado a assinatura\/autoriza\u00e7\u00e3o do outro genitor de seu filho menor para a atualiza\u00e7\u00e3o do endere\u00e7o no qual tal menor reside, favor encaminhar o seguinte formul\u00e1rio (<a href=\"https:\/\/conssanpaolo.esteri.it\/wp-content\/uploads\/2024\/06\/CONSENSO-ISCRIZ.-TRASF-FIGLI-MINORI.pdf\">clique aqui<\/a>) acompanhado do documento de identidade do genitor que assina.<\/p>\n<p id=\"anchor15\"><strong>15 &#8211; O que acontece caso eu n\u00e3o me inscreva no A.I.R.E?<\/strong><\/p>\n<p>As consequ\u00eancias da n\u00e3o inscri\u00e7\u00e3o no A.I.R.E no caso de mudan\u00e7a para o exterior (fora da It\u00e1lia) por mais de doze meses s\u00e3o:<\/p>\n<ul>\n<li>San\u00e7\u00f5es: conforme a lei n. 213 de 30 de dezembro de 2023 \u00e9 prevista uma multa de at\u00e9 1.000 euros, para cada ano no qual a inscri\u00e7\u00e3o n\u00e3o foi feita, pelo m\u00e1x. de 5 anos. \u00c9 importante notar que esta san\u00e7\u00e3o se aplica somente aos cidad\u00e3os italianos inscritos na Anagrafe della popolazione residente (APR) de um munic\u00edpio italiano que se transferem para o exterior.<\/li>\n<li>impossibilidade de obter em tempos breves servi\u00e7os consulares: entre os quais a renova\u00e7\u00e3o do passaporte, declara\u00e7\u00f5es consulares, assist\u00eancia, etc.<\/li>\n<li>impossibilidade de exerc\u00edcio de importantes direitos, como por ex. o voto, entre outros.<\/li>\n<\/ul>\n<p id=\"anchor16\"><strong>16- Tive minha cidadania reconhecida por via judicial e nunca residi na It\u00e1lia. Que data devo indicar no FAST IT no campo &#8220;Data de chegada na circunscri\u00e7\u00e3o consular&#8221;?<\/strong><\/p>\n<p>Se a sua cidadania foi reconhecida judicialmente, voc\u00ea deve indicar como <strong>Data de chegada na circunscri\u00e7\u00e3o consular<\/strong> a data em que apresentou o pedido de inscri\u00e7\u00e3o. No campo &#8220;Munic\u00edpio italiano de \u00faltima resid\u00eancia&#8221;, deve ser indicado o munic\u00edpio que transcreveu os documentos de registro civil. Reiteramos que n\u00e3o h\u00e1 san\u00e7\u00f5es para a falta de registro no AIRE para os casos de cidadania reconhecida por senten\u00e7a e, por esse motivo, a data indicada n\u00e3o acarretar\u00e1 outras consequ\u00eancias\/problemas.<\/p>\n<p>&nbsp;<\/p>\n","protected":false},"excerpt":{"rendered":"Abaixo listamos as d\u00favidas mais frequentes. Pedidos apresentados de maneira correta auxiliam o departamento a concluir mais celeremente os pedidos. 1 &#8211; Minha cidadania foi reconhecida neste Consulado Geral, mas quando vejo minha ficha cadastral no FAST IT, as palavras &#8220;n\u00e3o inscrito&#8221; aparecem no campo A.I.R.E.. Posso solicitar um passaporte? 2 &#8211; O status da [&hellip;]","protected":false},"author":6,"featured_media":0,"parent":187,"menu_order":5,"comment_status":"closed","ping_status":"closed","template":"","meta":{"footnotes":""},"class_list":["post-644","page","type-page","status-publish","hentry"],"_links":{"self":[{"href":"https:\/\/conssanpaolo.esteri.it\/pt\/wp-json\/wp\/v2\/pages\/644","targetHints":{"allow":["GET"]}}],"collection":[{"href":"https:\/\/conssanpaolo.esteri.it\/pt\/wp-json\/wp\/v2\/pages"}],"about":[{"href":"https:\/\/conssanpaolo.esteri.it\/pt\/wp-json\/wp\/v2\/types\/page"}],"author":[{"embeddable":true,"href":"https:\/\/conssanpaolo.esteri.it\/pt\/wp-json\/wp\/v2\/users\/6"}],"replies":[{"embeddable":true,"href":"https:\/\/conssanpaolo.esteri.it\/pt\/wp-json\/wp\/v2\/comments?post=644"}],"version-history":[{"count":6,"href":"https:\/\/conssanpaolo.esteri.it\/pt\/wp-json\/wp\/v2\/pages\/644\/revisions"}],"predecessor-version":[{"id":3720,"href":"https:\/\/conssanpaolo.esteri.it\/pt\/wp-json\/wp\/v2\/pages\/644\/revisions\/3720"}],"up":[{"embeddable":true,"href":"https:\/\/conssanpaolo.esteri.it\/pt\/wp-json\/wp\/v2\/pages\/187"}],"wp:attachment":[{"href":"https:\/\/conssanpaolo.esteri.it\/pt\/wp-json\/wp\/v2\/media?parent=644"}],"curies":[{"name":"wp","href":"https:\/\/api.w.org\/{rel}","templated":true}]}}