{"id":632,"date":"2023-06-08T18:55:08","date_gmt":"2023-06-08T21:55:08","guid":{"rendered":"https:\/\/conssanpaolo.esteri.it\/servizi-consolari-e-visti\/servizi-per-il-cittadino-straniero\/cittadinanza\/riconoscimento-della-cittadinanza-italiana-per-matrimonio\/cittadinanza-italiana-per-matrimonio-avvenuto-dopo-il-27-aprile-1983\/"},"modified":"2024-08-16T15:41:54","modified_gmt":"2024-08-16T18:41:54","slug":"cittadinanza-italiana-per-matrimonio-avvenuto-dopo-il-27-aprile-1983","status":"publish","type":"page","link":"https:\/\/conssanpaolo.esteri.it\/pt\/servizi-consolari-e-visti\/servizi-per-il-cittadino-straniero\/cittadinanza\/riconoscimento-della-cittadinanza-italiana-per-matrimonio\/cittadinanza-italiana-per-matrimonio-avvenuto-dopo-il-27-aprile-1983\/","title":{"rendered":"Cidadania italiana por casamento contra\u00eddo a partir de 27 de abril de 1983 ou uni\u00e3o civil (naturaliza\u00e7\u00e3o)"},"content":{"rendered":"<p style=\"text-align: justify;\">A aquisi\u00e7\u00e3o da nacionalidade italiana por um c\u00f4njuge estrangeiro ou ap\u00e1trida que tenha <span style=\"text-decoration: underline;\">casado<\/span> com um cidad\u00e3o italiano desde 27 de abril de 1983 \u00e9 atualmente regulada pela Lei n\u00b0 91 de 5 de fevereiro de 1992 (art. 5, 6, 7 e 8) e modifica\u00e7\u00f5es subsequentes.<\/p>\n<p style=\"text-align: justify;\">Os pedidos de cidadania italiana tamb\u00e9m podem ser apresentados por cidad\u00e3o estrangeiro que tenha <span style=\"text-decoration: underline;\">formado uma uni\u00e3o civil<\/span> com um cidad\u00e3o italiano ou transcrito nos registros de Estado Civil do munic\u00edpio italiano (D. Lgs. 5, 6 e 7\/ 2017).<\/p>\n<p style=\"text-align: justify;\">O c\u00f4njuge\/parceiro estrangeiro da uni\u00e3o civil pode adquirir a nacionalidade italiana mediante pedido, na presen\u00e7a dos requisitos estabelecidos pelos regulamentos em vigor, como explicado nas sec\u00e7\u00f5es seguintes.<\/p>\n<p style=\"text-align: justify;\"><strong>ATEN\u00c7\u00c3O<\/strong><\/p>\n<p style=\"text-align: justify;\">A lei n. 132 de 01\/12\/2018 estabelece que o reconhecimento da cidadania italiana nos termos do art. 5 e 9 da Lei n. 91 de 05\/02\/1992 s\u00f3 pode ser concedido com comprovado e adequado conhecimento da l\u00edngua italiana (mais detalhes na se\u00e7\u00e3o descrita ao ponto \u201cRequisitos lingu\u00edsticos obrigat\u00f3rios\u201d).<\/p>\n<p style=\"text-align: justify;\"><strong>Ser\u00e3o, portanto, rejeitados todos os pedidos de cidadania por casamento que n\u00e3o contenham os certificados relativos ao adequado conhecimento da l\u00edngua italiana.<\/strong><\/p>\n<ul>\n<li style=\"text-align: justify;\"><a href=\"https:\/\/conssanpaolo.esteri.it\/pt\/servizi-consolari-e-visti\/servizi-per-il-cittadino-straniero\/cittadinanza\/riconoscimento-della-cittadinanza-italiana-per-matrimonio\/cittadinanza-italiana-per-matrimonio-avvenuto-dopo-il-27-aprile-1983\/requisitos-para-requerer-a-cidadania-italiana\/\"><strong>REQUISITOS<\/strong><\/a><\/li>\n<li style=\"text-align: justify;\"><a href=\"https:\/\/conssanpaolo.esteri.it\/pt\/servizi-consolari-e-visti\/servizi-per-il-cittadino-straniero\/cittadinanza\/riconoscimento-della-cittadinanza-italiana-per-matrimonio\/cittadinanza-italiana-per-matrimonio-avvenuto-dopo-il-27-aprile-1983\/documentos\/\"><strong>DOCUMENTOS<\/strong><\/a><\/li>\n<li style=\"text-align: justify;\"><a href=\"https:\/\/conssanpaolo.esteri.it\/pt\/servizi-consolari-e-visti\/servizi-per-il-cittadino-straniero\/cittadinanza\/riconoscimento-della-cittadinanza-italiana-per-matrimonio\/cittadinanza-italiana-per-matrimonio-avvenuto-dopo-il-27-aprile-1983\/requisitos-linguisticos-obrigatorios\/\"><strong>REQUISITOS LINGU\u00cdSTICOS OBRIGAT\u00d3RIOS<\/strong><\/a><\/li>\n<li style=\"text-align: justify;\"><a href=\"https:\/\/conssanpaolo.esteri.it\/pt\/servizi-consolari-e-visti\/servizi-per-il-cittadino-straniero\/cittadinanza\/riconoscimento-della-cittadinanza-italiana-per-matrimonio\/cittadinanza-italiana-per-matrimonio-avvenuto-dopo-il-27-aprile-1983\/procedimento\/\"><strong>PROCEDIMENTO<\/strong><\/a><\/li>\n<li style=\"text-align: justify;\"><a href=\"https:\/\/conssanpaolo.esteri.it\/pt\/servizi-consolari-e-visti\/servizi-per-il-cittadino-straniero\/cittadinanza\/riconoscimento-della-cittadinanza-italiana-per-matrimonio\/cittadinanza-italiana-per-matrimonio-avvenuto-dopo-il-27-aprile-1983\/custos\/\"><strong>CUSTOS<\/strong><\/a><\/li>\n<li><strong><a href=\"https:\/\/conssanpaolo.esteri.it\/pt\/servizi-consolari-e-visti\/servizi-per-il-cittadino-straniero\/cittadinanza\/riconoscimento-della-cittadinanza-italiana-per-matrimonio\/cittadinanza-italiana-per-matrimonio-avvenuto-dopo-il-27-aprile-1983\/modulistica\/\">FORMUL\u00c1RIOS<\/a><\/strong><\/li>\n<\/ul>\n","protected":false},"excerpt":{"rendered":"A aquisi\u00e7\u00e3o da nacionalidade italiana por um c\u00f4njuge estrangeiro ou ap\u00e1trida que tenha casado com um cidad\u00e3o italiano desde 27 de abril de 1983 \u00e9 atualmente regulada pela Lei n\u00b0 91 de 5 de fevereiro de 1992 (art. 5, 6, 7 e 8) e modifica\u00e7\u00f5es subsequentes. Os pedidos de cidadania italiana tamb\u00e9m podem ser apresentados [&hellip;]","protected":false},"author":5,"featured_media":0,"parent":605,"menu_order":0,"comment_status":"closed","ping_status":"closed","template":"","meta":{"footnotes":""},"class_list":["post-632","page","type-page","status-publish","hentry"],"_links":{"self":[{"href":"https:\/\/conssanpaolo.esteri.it\/pt\/wp-json\/wp\/v2\/pages\/632","targetHints":{"allow":["GET"]}}],"collection":[{"href":"https:\/\/conssanpaolo.esteri.it\/pt\/wp-json\/wp\/v2\/pages"}],"about":[{"href":"https:\/\/conssanpaolo.esteri.it\/pt\/wp-json\/wp\/v2\/types\/page"}],"author":[{"embeddable":true,"href":"https:\/\/conssanpaolo.esteri.it\/pt\/wp-json\/wp\/v2\/users\/5"}],"replies":[{"embeddable":true,"href":"https:\/\/conssanpaolo.esteri.it\/pt\/wp-json\/wp\/v2\/comments?post=632"}],"version-history":[{"count":6,"href":"https:\/\/conssanpaolo.esteri.it\/pt\/wp-json\/wp\/v2\/pages\/632\/revisions"}],"predecessor-version":[{"id":5536,"href":"https:\/\/conssanpaolo.esteri.it\/pt\/wp-json\/wp\/v2\/pages\/632\/revisions\/5536"}],"up":[{"embeddable":true,"href":"https:\/\/conssanpaolo.esteri.it\/pt\/wp-json\/wp\/v2\/pages\/605"}],"wp:attachment":[{"href":"https:\/\/conssanpaolo.esteri.it\/pt\/wp-json\/wp\/v2\/media?parent=632"}],"curies":[{"name":"wp","href":"https:\/\/api.w.org\/{rel}","templated":true}]}}