{"id":6079,"date":"2024-12-09T10:49:49","date_gmt":"2024-12-09T13:49:49","guid":{"rendered":"https:\/\/conssanpaolo.esteri.it\/chi-siamo\/la-rete-consolare\/cosa-sono-gli-uffici-consolari-onorari\/"},"modified":"2024-12-09T11:26:07","modified_gmt":"2024-12-09T14:26:07","slug":"cosa-sono-gli-uffici-consolari-onorari","status":"publish","type":"page","link":"https:\/\/conssanpaolo.esteri.it\/pt\/chi-siamo\/la-rete-consolare\/cosa-sono-gli-uffici-consolari-onorari\/","title":{"rendered":"O que s\u00e3o os Escrit\u00f3rios Consulares Honor\u00e1rios?"},"content":{"rendered":"<p><a href=\"https:\/\/www.esteri.it\/wp-content\/uploads\/2021\/11\/CIRCOLARE-N4.pdf\"><strong>O que s\u00e3o os Escrit\u00f3rios Consulares Honor\u00e1rios?<\/strong><\/a><\/p>\n<p>A <a href=\"https:\/\/www.esteri.it\/wp-content\/uploads\/2021\/11\/CIRCOLARE-N4.pdf\">Circular n.\u00ba 4\/2021<\/a> atualiza a regulamenta\u00e7\u00e3o para o funcionamento dos escrit\u00f3rios consulares honor\u00e1rios e \u00e9 a norma de refer\u00eancia sobre o tema.<\/p>\n<h3><strong>Classifica\u00e7\u00e3o dos Escrit\u00f3rios Consulares Honor\u00e1rios<\/strong><\/h3>\n<p>Os Escrit\u00f3rios Consulares Honor\u00e1rios s\u00e3o organizados em quatro categorias principais, definidas com base no n\u00edvel hier\u00e1rquico e nas fun\u00e7\u00f5es atribu\u00eddas:<\/p>\n<ol>\n<li><strong>Consulados-Gerais Honor\u00e1rios<\/strong><br \/>\nOs Consulados-Gerais Honor\u00e1rios constituem uma categoria espec\u00edfica de Escrit\u00f3rios Consulares Honor\u00e1rios que atende a necessidades funcionais espec\u00edficas, como:<\/p>\n<ul>\n<li>Garantir uma representa\u00e7\u00e3o institucional italiana em pa\u00edses de acredita\u00e7\u00e3o secund\u00e1ria; ou<\/li>\n<li>Manter uma representa\u00e7\u00e3o institucional em uma localidade do pa\u00eds de acredita\u00e7\u00e3o prim\u00e1ria ap\u00f3s a extin\u00e7\u00e3o de um escrit\u00f3rio de carreira.<br \/>\nNo Brasil, n\u00e3o existem Consulados-Gerais Honor\u00e1rios italianos.<\/li>\n<\/ul>\n<\/li>\n<li><strong>Consulados Honor\u00e1rios<\/strong>\n<ul>\n<li>Possuem um escopo funcional um pouco mais limitado em rela\u00e7\u00e3o aos Consulados-Gerais Honor\u00e1rios.<\/li>\n<li>Est\u00e3o focados em tarefas consulares espec\u00edficas e no aux\u00edlio aos cidad\u00e3os italianos dentro de sua jurisdi\u00e7\u00e3o.<\/li>\n<\/ul>\n<\/li>\n<li><strong>Vice-Consulados Honor\u00e1rios<\/strong>\n<ul>\n<li>Operam sob a supervis\u00e3o de um consulado-geral ou de uma miss\u00e3o diplom\u00e1tica.<\/li>\n<li>Atendem \u00e0s necessidades locais em \u00e1reas menos centrais ou com menor densidade de popula\u00e7\u00e3o italiana.<\/li>\n<\/ul>\n<\/li>\n<li><strong>Ag\u00eancias Consulares Honor\u00e1rias<\/strong>\n<ul>\n<li>Representam o n\u00edvel mais b\u00e1sico da rede consular honor\u00e1ria.<\/li>\n<li>S\u00e3o encarregadas de tarefas limitadas, como coleta e envio de documentos ou atividades administrativas b\u00e1sicas.<\/li>\n<\/ul>\n<\/li>\n<\/ol>\n<p>Todas as fun\u00e7\u00f5es dos Escrit\u00f3rios Consulares Honor\u00e1rios s\u00e3o realizadas de forma honor\u00e1ria, sem remunera\u00e7\u00e3o direta, e em conformidade com as normativas italianas e internacionais.<\/p>\n<h3><strong>Import\u00e2ncia dos Escrit\u00f3rios Consulares Honor\u00e1rios<\/strong><\/h3>\n<ul>\n<li>Representam o C\u00f4nsul-Geral, na jurisdi\u00e7\u00e3o correspondente, nos contatos com as autoridades locais e a comunidade italiana.<\/li>\n<li>Constituem um recurso valioso para oferecer informa\u00e7\u00f5es, servi\u00e7os e assist\u00eancia \u00e0s comunidades italianas em localidades distantes das sedes consulares de primeira categoria.<\/li>\n<li>Al\u00e9m das fun\u00e7\u00f5es consulares, desempenham um papel importante em iniciativas de car\u00e1ter comercial, social e cultural.<\/li>\n<\/ul>\n<h3><strong>Atribui\u00e7\u00f5es e Limita\u00e7\u00f5es de Fun\u00e7\u00f5es<\/strong><\/h3>\n<ul>\n<li>A circular especifica as fun\u00e7\u00f5es dos c\u00f4nsules honor\u00e1rios, incluindo:\n<ul>\n<li>Recep\u00e7\u00e3o e transmiss\u00e3o de registro de estado civil;<\/li>\n<li>Assist\u00eancia a cidad\u00e3os italianos em dificuldade;<\/li>\n<li>Monitoramento de presos;<\/li>\n<li>Colabora\u00e7\u00e3o em eventos culturais e sociais.\n<ul>\n<li>As fun\u00e7\u00f5es s\u00e3o limitadas e atribu\u00eddas considerando as capacidades e recursos do escrit\u00f3rio honor\u00e1rio, bem como as necessidades da comunidade local. Portanto, podem variar de acordo com as circunst\u00e2ncias locais.<\/li>\n<li>Os decretos de limita\u00e7\u00e3o das fun\u00e7\u00f5es dos C\u00f4nsules\/Vice-C\u00f4nsules Honor\u00e1rios est\u00e3o dispon\u00edveis neste site.<\/li>\n<\/ul>\n<\/li>\n<\/ul>\n<\/li>\n<\/ul>\n<p>Para servi\u00e7os consulares n\u00e3o contemplados nos decretos de limita\u00e7\u00e3o de fun\u00e7\u00f5es, o cidad\u00e3o deve recorrer ao Consulado-Geral. Mesmo para servi\u00e7os inclu\u00eddos nos decretos mencionados, o cidad\u00e3o pode optar por se dirigir diretamente ao Consulado-Geral.<\/p>\n<h3><strong>Crit\u00e9rios de Nomea\u00e7\u00e3o e Requisitos<\/strong><\/h3>\n<ul>\n<li>Os funcion\u00e1rios devem ser selecionados com base em sua reputa\u00e7\u00e3o e capacidade para desempenhar adequadamente as fun\u00e7\u00f5es consulares.<\/li>\n<li>\u00c9 prefer\u00edvel que sejam cidad\u00e3os italianos, com bom conhecimento da l\u00edngua e capacidade de custear as despesas de gest\u00e3o, uma vez que a manuten\u00e7\u00e3o do escrit\u00f3rio \u00e9 de responsabilidade do titular.<\/li>\n<li>Os C\u00f4nsules\/Vice-C\u00f4nsules Honor\u00e1rios s\u00e3o respons\u00e1veis por administrar receitas e despesas conforme as normas cont\u00e1beis previstas, incluindo o recolhimento de contribui\u00e7\u00f5es ao Estado.<\/li>\n<li>O Consulado-Geral coordena e supervisiona o trabalho dos Escrit\u00f3rios Consulares Honor\u00e1rios, verifica os relat\u00f3rios financeiros e assegura a conformidade com as normas.<\/li>\n<\/ul>\n<p>Para mais informa\u00e7\u00f5es, \u00e9 poss\u00edvel consultar os decretos de limita\u00e7\u00e3o de fun\u00e7\u00f5es de cada escrit\u00f3rio honor\u00e1rio, dispon\u00edveis <a href=\"https:\/\/conssanpaolo.esteri.it\/it\/chi-siamo\/la-rete-consolare\/\">aqui<\/a>.<\/p>\n","protected":false},"excerpt":{"rendered":"O que s\u00e3o os Escrit\u00f3rios Consulares Honor\u00e1rios? A Circular n.\u00ba 4\/2021 atualiza a regulamenta\u00e7\u00e3o para o funcionamento dos escrit\u00f3rios consulares honor\u00e1rios e \u00e9 a norma de refer\u00eancia sobre o tema. Classifica\u00e7\u00e3o dos Escrit\u00f3rios Consulares Honor\u00e1rios Os Escrit\u00f3rios Consulares Honor\u00e1rios s\u00e3o organizados em quatro categorias principais, definidas com base no n\u00edvel hier\u00e1rquico e nas fun\u00e7\u00f5es atribu\u00eddas: [&hellip;]","protected":false},"author":6,"featured_media":0,"parent":95,"menu_order":0,"comment_status":"closed","ping_status":"closed","template":"","meta":{"footnotes":""},"class_list":["post-6079","page","type-page","status-publish","hentry"],"_links":{"self":[{"href":"https:\/\/conssanpaolo.esteri.it\/pt\/wp-json\/wp\/v2\/pages\/6079","targetHints":{"allow":["GET"]}}],"collection":[{"href":"https:\/\/conssanpaolo.esteri.it\/pt\/wp-json\/wp\/v2\/pages"}],"about":[{"href":"https:\/\/conssanpaolo.esteri.it\/pt\/wp-json\/wp\/v2\/types\/page"}],"author":[{"embeddable":true,"href":"https:\/\/conssanpaolo.esteri.it\/pt\/wp-json\/wp\/v2\/users\/6"}],"replies":[{"embeddable":true,"href":"https:\/\/conssanpaolo.esteri.it\/pt\/wp-json\/wp\/v2\/comments?post=6079"}],"version-history":[{"count":2,"href":"https:\/\/conssanpaolo.esteri.it\/pt\/wp-json\/wp\/v2\/pages\/6079\/revisions"}],"predecessor-version":[{"id":6083,"href":"https:\/\/conssanpaolo.esteri.it\/pt\/wp-json\/wp\/v2\/pages\/6079\/revisions\/6083"}],"up":[{"embeddable":true,"href":"https:\/\/conssanpaolo.esteri.it\/pt\/wp-json\/wp\/v2\/pages\/95"}],"wp:attachment":[{"href":"https:\/\/conssanpaolo.esteri.it\/pt\/wp-json\/wp\/v2\/media?parent=6079"}],"curies":[{"name":"wp","href":"https:\/\/api.w.org\/{rel}","templated":true}]}}