{"id":605,"date":"2023-06-08T17:26:29","date_gmt":"2023-06-08T20:26:29","guid":{"rendered":"https:\/\/conssanpaolo.esteri.it\/servizi-consolari-e-visti\/servizi-per-il-cittadino-straniero\/cittadinanza\/riconoscimento-della-cittadinanza-italiana-per-matrimonio\/"},"modified":"2026-01-13T12:36:33","modified_gmt":"2026-01-13T15:36:33","slug":"riconoscimento-della-cittadinanza-italiana-per-matrimonio","status":"publish","type":"page","link":"https:\/\/conssanpaolo.esteri.it\/pt\/servizi-consolari-e-visti\/servizi-per-il-cittadino-straniero\/cittadinanza\/riconoscimento-della-cittadinanza-italiana-per-matrimonio\/","title":{"rendered":"Cidadania italiana por casamento ou uni\u00e3o civil"},"content":{"rendered":"<p>Para requerentes residentes na Circunscri\u00e7\u00e3o Consular da jurisdi\u00e7\u00e3o do Consulado Geral da It\u00e1lia em S\u00e3o Paulo (Estados de S\u00e3o Paulo, Mato Grosso, Mato Grosso do Sul, Rond\u00f4nia e Acre):<\/p>\n<p><a href=\"https:\/\/conssanpaolo.esteri.it\/pt\/servizi-consolari-e-visti\/servizi-per-il-cittadino-straniero\/cittadinanza\/riconoscimento-della-cittadinanza-italiana-per-matrimonio\/cittadinanza-italiana-per-matrimonio-avvenuto-dopo-il-27-aprile-1983\/\"><strong>NATURALIZA\u00c7\u00c3O POR CASAMENTO CONTRA\u00cdDO A PARTIR DE 27 DE ABRIL DE 1983<\/strong><\/a><\/p>\n<p><strong><a href=\"https:\/\/conssanpaolo.esteri.it\/pt\/servizi-consolari-e-visti\/servizi-per-il-cittadino-straniero\/cittadinanza\/cittadinanza-jure-matrimonii-revoca-art-10-della-legge-555-del-1912\/\">CIDADANIA JURE MATRIMONII &#8211; MODIFICA\u00c7\u00d5ES AP\u00d3S ENTRADA EM VIGOR DA LEI 74\/2025<\/a><\/strong><\/p>\n<div>\n<p>&nbsp;<\/p>\n<\/div>\n<p>&nbsp;<\/p>\n","protected":false},"excerpt":{"rendered":"Para requerentes residentes na Circunscri\u00e7\u00e3o Consular da jurisdi\u00e7\u00e3o do Consulado Geral da It\u00e1lia em S\u00e3o Paulo (Estados de S\u00e3o Paulo, Mato Grosso, Mato Grosso do Sul, Rond\u00f4nia e Acre): NATURALIZA\u00c7\u00c3O POR CASAMENTO CONTRA\u00cdDO A PARTIR DE 27 DE ABRIL DE 1983 CIDADANIA JURE MATRIMONII &#8211; MODIFICA\u00c7\u00d5ES AP\u00d3S ENTRADA EM VIGOR DA LEI 74\/2025 &nbsp; &nbsp;","protected":false},"author":5,"featured_media":0,"parent":197,"menu_order":4,"comment_status":"closed","ping_status":"closed","template":"","meta":{"footnotes":""},"class_list":["post-605","page","type-page","status-publish","hentry"],"_links":{"self":[{"href":"https:\/\/conssanpaolo.esteri.it\/pt\/wp-json\/wp\/v2\/pages\/605","targetHints":{"allow":["GET"]}}],"collection":[{"href":"https:\/\/conssanpaolo.esteri.it\/pt\/wp-json\/wp\/v2\/pages"}],"about":[{"href":"https:\/\/conssanpaolo.esteri.it\/pt\/wp-json\/wp\/v2\/types\/page"}],"author":[{"embeddable":true,"href":"https:\/\/conssanpaolo.esteri.it\/pt\/wp-json\/wp\/v2\/users\/5"}],"replies":[{"embeddable":true,"href":"https:\/\/conssanpaolo.esteri.it\/pt\/wp-json\/wp\/v2\/comments?post=605"}],"version-history":[{"count":6,"href":"https:\/\/conssanpaolo.esteri.it\/pt\/wp-json\/wp\/v2\/pages\/605\/revisions"}],"predecessor-version":[{"id":9750,"href":"https:\/\/conssanpaolo.esteri.it\/pt\/wp-json\/wp\/v2\/pages\/605\/revisions\/9750"}],"up":[{"embeddable":true,"href":"https:\/\/conssanpaolo.esteri.it\/pt\/wp-json\/wp\/v2\/pages\/197"}],"wp:attachment":[{"href":"https:\/\/conssanpaolo.esteri.it\/pt\/wp-json\/wp\/v2\/media?parent=605"}],"curies":[{"name":"wp","href":"https:\/\/api.w.org\/{rel}","templated":true}]}}