{"id":5610,"date":"2024-09-17T09:44:00","date_gmt":"2024-09-17T12:44:00","guid":{"rendered":"https:\/\/conssanpaolo.esteri.it\/servizi-consolari-e-visti\/servizi-per-il-cittadino-italiano\/passaporti\/cittadini-italiani-residenti-in-rondonia-importante\/"},"modified":"2026-02-10T16:33:49","modified_gmt":"2026-02-10T19:33:49","slug":"cittadini-italiani-residenti-in-rondonia-importante","status":"publish","type":"page","link":"https:\/\/conssanpaolo.esteri.it\/pt\/servizi-consolari-e-visti\/servizi-per-il-cittadino-italiano\/passaporti\/cittadini-italiani-residenti-in-rondonia-importante\/","title":{"rendered":"Cidad\u00e3os italianos residentes no Estado de Rond\u00f4nia"},"content":{"rendered":"<p style=\"text-align: justify;\">Os cidad\u00e3os italianos residentes no Estado de Rond\u00f4nia e do Acre poder\u00e3o solicitar a emiss\u00e3o do primeiro passaporte ou a renova\u00e7\u00e3o do passaporte com data de vencimento pr\u00f3xima, diretamente ao Vice Consulado Honor\u00e1rio de Porto Velho.<\/p>\n<p>O agendamento do atendimento deve ser realizado exclusivamente por meio do servi\u00e7o espec\u00edfico dispon\u00edvel no portal <a href=\"https:\/\/prenotami.esteri.it\/\">Prenot@Mi<\/a>.<\/p>\n<p style=\"text-align: justify;\">\u00c9 indispens\u00e1vel que a situa\u00e7\u00e3o cadastral do requerente esteja devidamente atualizada (sendo poss\u00edvel verificar a pr\u00f3pria ficha cadastral <a href=\"https:\/\/conssanpaolo.esteri.it\/pt\/servizi-consolari-e-visti\/servizi-per-il-cittadino-italiano\/anagrafe-degli-italiani-residenti-allestero-aire\/associazione\/\">clicando aqui<\/a>) e que o interessado comprove resid\u00eancia efetiva no Estado de Rond\u00f4nia ou Acre. Para esse fim, ser\u00e1 necess\u00e1rio apresentar documenta\u00e7\u00e3o id\u00f4nea de comprova\u00e7\u00e3o de resid\u00eancia em nome do requerente no momento da realiza\u00e7\u00e3o do agendamento no Prenot@Mi.<\/p>\n<p data-start=\"746\" data-end=\"846\" data-is-last-node=\"\" data-is-only-node=\"\">A documenta\u00e7\u00e3o a ser apresentada \u00e9 a mesma indicada nos links informativos dispon\u00edveis nesta <a href=\"https:\/\/conssanpaolo.esteri.it\/pt\/servizi-consolari-e-visti\/servizi-per-il-cittadino-italiano\/passaporti\/documentazione-da-presentare-nel-giorno-fissato\/\">p\u00e1gina<\/a>.<\/p>\n<p>&nbsp;<\/p>\n","protected":false},"excerpt":{"rendered":"Os cidad\u00e3os italianos residentes no Estado de Rond\u00f4nia e do Acre poder\u00e3o solicitar a emiss\u00e3o do primeiro passaporte ou a renova\u00e7\u00e3o do passaporte com data de vencimento pr\u00f3xima, diretamente ao Vice Consulado Honor\u00e1rio de Porto Velho. O agendamento do atendimento deve ser realizado exclusivamente por meio do servi\u00e7o espec\u00edfico dispon\u00edvel no portal Prenot@Mi. \u00c9 indispens\u00e1vel [&hellip;]","protected":false},"author":6,"featured_media":0,"parent":185,"menu_order":0,"comment_status":"closed","ping_status":"closed","template":"","meta":{"footnotes":""},"class_list":["post-5610","page","type-page","status-publish","hentry"],"_links":{"self":[{"href":"https:\/\/conssanpaolo.esteri.it\/pt\/wp-json\/wp\/v2\/pages\/5610","targetHints":{"allow":["GET"]}}],"collection":[{"href":"https:\/\/conssanpaolo.esteri.it\/pt\/wp-json\/wp\/v2\/pages"}],"about":[{"href":"https:\/\/conssanpaolo.esteri.it\/pt\/wp-json\/wp\/v2\/types\/page"}],"author":[{"embeddable":true,"href":"https:\/\/conssanpaolo.esteri.it\/pt\/wp-json\/wp\/v2\/users\/6"}],"replies":[{"embeddable":true,"href":"https:\/\/conssanpaolo.esteri.it\/pt\/wp-json\/wp\/v2\/comments?post=5610"}],"version-history":[{"count":6,"href":"https:\/\/conssanpaolo.esteri.it\/pt\/wp-json\/wp\/v2\/pages\/5610\/revisions"}],"predecessor-version":[{"id":9985,"href":"https:\/\/conssanpaolo.esteri.it\/pt\/wp-json\/wp\/v2\/pages\/5610\/revisions\/9985"}],"up":[{"embeddable":true,"href":"https:\/\/conssanpaolo.esteri.it\/pt\/wp-json\/wp\/v2\/pages\/185"}],"wp:attachment":[{"href":"https:\/\/conssanpaolo.esteri.it\/pt\/wp-json\/wp\/v2\/media?parent=5610"}],"curies":[{"name":"wp","href":"https:\/\/api.w.org\/{rel}","templated":true}]}}