{"id":5601,"date":"2024-09-17T09:41:53","date_gmt":"2024-09-17T12:41:53","guid":{"rendered":"https:\/\/conssanpaolo.esteri.it\/servizi-consolari-e-visti\/servizi-per-il-cittadino-italiano\/passaporti\/cittadini-italiani-residenti-in-mato-grosso-importante\/"},"modified":"2026-02-10T16:53:46","modified_gmt":"2026-02-10T19:53:46","slug":"cittadini-italiani-residenti-in-mato-grosso-importante","status":"publish","type":"page","link":"https:\/\/conssanpaolo.esteri.it\/pt\/servizi-consolari-e-visti\/servizi-per-il-cittadino-italiano\/passaporti\/cittadini-italiani-residenti-in-mato-grosso-importante\/","title":{"rendered":"Cittadini italiani residenti in Mato Grosso"},"content":{"rendered":"<p data-start=\"0\" data-end=\"223\">Os cidad\u00e3os italianos residentes no <strong>Estado de Mato Grosso<\/strong> podem solicitar a emiss\u00e3o do primeiro passaporte ou a renova\u00e7\u00e3o do passaporte em vias de expira\u00e7\u00e3o diretamente junto ao <strong>Vice-Consulado Honor\u00e1rio da It\u00e1lia em Cuiab\u00e1.<\/strong><\/p>\n<p data-start=\"225\" data-end=\"350\">O agendamento do atendimento deve ser realizado exclusivamente por meio do servi\u00e7o espec\u00edfico dispon\u00edvel no portal <a href=\"https:\/\/prenotami.esteri.it\/\">Prenot@Mi<\/a>.<\/p>\n<p data-start=\"352\" data-end=\"744\">\u00c9 indispens\u00e1vel que a situa\u00e7\u00e3o cadastral do requerente esteja devidamente atualizada (sendo poss\u00edvel verificar a pr\u00f3pria ficha cadastral <a href=\"https:\/\/conssanpaolo.esteri.it\/pt\/servizi-consolari-e-visti\/servizi-per-il-cittadino-italiano\/anagrafe-degli-italiani-residenti-allestero-aire\/associazione\/\">clicando aqui<\/a>) e que o interessado comprove resid\u00eancia efetiva no Estado de Mato Grosso. Para esse fim, ser\u00e1 necess\u00e1rio apresentar documenta\u00e7\u00e3o id\u00f4nea de comprova\u00e7\u00e3o de resid\u00eancia em nome do requerente no momento da realiza\u00e7\u00e3o do agendamento no Prenot@Mi.<\/p>\n<p data-start=\"746\" data-end=\"846\" data-is-last-node=\"\" data-is-only-node=\"\">A documenta\u00e7\u00e3o a ser apresentada \u00e9 a mesma indicada nos links informativos dispon\u00edveis nesta <a href=\"https:\/\/conssanpaolo.esteri.it\/pt\/servizi-consolari-e-visti\/servizi-per-il-cittadino-italiano\/passaporti\/documentazione-da-presentare-nel-giorno-fissato\/\">p\u00e1gina<\/a>.<\/p>\n<p data-start=\"746\" data-end=\"846\" data-is-last-node=\"\" data-is-only-node=\"\">\n","protected":false},"excerpt":{"rendered":"Os cidad\u00e3os italianos residentes no Estado de Mato Grosso podem solicitar a emiss\u00e3o do primeiro passaporte ou a renova\u00e7\u00e3o do passaporte em vias de expira\u00e7\u00e3o diretamente junto ao Vice-Consulado Honor\u00e1rio da It\u00e1lia em Cuiab\u00e1. O agendamento do atendimento deve ser realizado exclusivamente por meio do servi\u00e7o espec\u00edfico dispon\u00edvel no portal Prenot@Mi. \u00c9 indispens\u00e1vel que a [&hellip;]","protected":false},"author":6,"featured_media":0,"parent":185,"menu_order":0,"comment_status":"closed","ping_status":"closed","template":"","meta":{"footnotes":""},"class_list":["post-5601","page","type-page","status-publish","hentry"],"_links":{"self":[{"href":"https:\/\/conssanpaolo.esteri.it\/pt\/wp-json\/wp\/v2\/pages\/5601","targetHints":{"allow":["GET"]}}],"collection":[{"href":"https:\/\/conssanpaolo.esteri.it\/pt\/wp-json\/wp\/v2\/pages"}],"about":[{"href":"https:\/\/conssanpaolo.esteri.it\/pt\/wp-json\/wp\/v2\/types\/page"}],"author":[{"embeddable":true,"href":"https:\/\/conssanpaolo.esteri.it\/pt\/wp-json\/wp\/v2\/users\/6"}],"replies":[{"embeddable":true,"href":"https:\/\/conssanpaolo.esteri.it\/pt\/wp-json\/wp\/v2\/comments?post=5601"}],"version-history":[{"count":6,"href":"https:\/\/conssanpaolo.esteri.it\/pt\/wp-json\/wp\/v2\/pages\/5601\/revisions"}],"predecessor-version":[{"id":9988,"href":"https:\/\/conssanpaolo.esteri.it\/pt\/wp-json\/wp\/v2\/pages\/5601\/revisions\/9988"}],"up":[{"embeddable":true,"href":"https:\/\/conssanpaolo.esteri.it\/pt\/wp-json\/wp\/v2\/pages\/185"}],"wp:attachment":[{"href":"https:\/\/conssanpaolo.esteri.it\/pt\/wp-json\/wp\/v2\/media?parent=5601"}],"curies":[{"name":"wp","href":"https:\/\/api.w.org\/{rel}","templated":true}]}}